{"id":3772,"date":"2026-02-23T08:26:08","date_gmt":"2026-02-23T08:26:08","guid":{"rendered":"https:\/\/polimedic-blanes.com\/suggeriments-queixes-i-agraiments\/"},"modified":"2026-02-23T08:31:39","modified_gmt":"2026-02-23T08:31:39","slug":"sugerencias-quejas-y-agradecimientos","status":"publish","type":"page","link":"https:\/\/polimedic-blanes.com\/es\/sugerencias-quejas-y-agradecimientos\/","title":{"rendered":"Sugerencias, quejas y agradecimientos"},"content":{"rendered":"\n<style type=\"text\/css\" data-created_by=\"avia_inline_auto\" id=\"style-css-av-mlywptnf-dab57fc715e2ec008cc10f81e9df498f\">\n.avia-section.av-mlywptnf-dab57fc715e2ec008cc10f81e9df498f{\nbackground-color:#b8d5dd;\nbackground-image:unset;\n}\n<\/style>\n<div id='av_section_1'  class='avia-section av-mlywptnf-dab57fc715e2ec008cc10f81e9df498f main_color avia-section-default avia-no-border-styling  avia-builder-el-0  el_before_av_section  avia-builder-el-first  avia-bg-style-scroll container_wrap fullsize'  ><div class='container av-section-cont-open' ><main  role=\"main\" itemprop=\"mainContentOfPage\"  class='template-page content  av-content-full alpha units'><div class='post-entry post-entry-type-page post-entry-3772'><div class='entry-content-wrapper clearfix'>\n<div  class='flex_column av-92sp50-ce502f7e968960f85f436eb24b0ba227 av_one_full  avia-builder-el-1  avia-builder-el-no-sibling  first flex_column_div  '     ><section  class='av_textblock_section av-mlywqfhi-1c0f69361e4c136e1d44cab0895aab28 '   itemscope=\"itemscope\" itemtype=\"https:\/\/schema.org\/CreativeWork\" ><div class='avia_textblock'  itemprop=\"text\" ><h1 style=\"text-align: left; font-size: 40pt; font-weight: 800;\"><strong>Sugerencias, quejas<br \/>\ny agradecimientos<\/strong><\/h1>\n<\/div><\/section><\/div><\/div><\/div><\/main><!-- close content main element --><\/div><\/div>\n<style type=\"text\/css\" data-created_by=\"avia_inline_auto\" id=\"style-css-av-mlywrd1u-27474f1ebbf2aab58a18312e11fcd806\">\n.avia-section.av-mlywrd1u-27474f1ebbf2aab58a18312e11fcd806{\nbackground-color:rgba(184,213,221,0.3);\nbackground-image:unset;\n}\n<\/style>\n<div id='av_section_2'  class='avia-section av-mlywrd1u-27474f1ebbf2aab58a18312e11fcd806 main_color avia-section-default avia-no-border-styling  avia-builder-el-3  el_after_av_section  el_before_av_section  avia-bg-style-scroll container_wrap fullsize'  ><div class='container av-section-cont-open' ><div class='template-page content  av-content-full alpha units'><div class='post-entry post-entry-type-page post-entry-3772'><div class='entry-content-wrapper clearfix'>\n<div  class='flex_column av-q9xtw-46379ade210759333d4bb3fb2d5ced05 av_one_full  avia-builder-el-4  avia-builder-el-no-sibling  first flex_column_div  '     ><section  class='av_textblock_section av-mlywru9o-6d92f404720d615fe627b7b11215e585 '   itemscope=\"itemscope\" itemtype=\"https:\/\/schema.org\/CreativeWork\" ><div class='avia_textblock'  itemprop=\"text\" ><p style=\"color: black; text-align: left;\"><strong>El formulario de sugerencias, quejas y agradecimientos que encontrar\u00e9is en este espacio tiene como objetivo recoger las iniciativas presentadas para la mejora de la calidad, las manifestaciones de insatisfacci\u00f3n de aquellos particulares en relaci\u00f3n con los servicios prestados y, por \u00faltimo, los agradecimientos que consider\u00e1is al equipo del POLIM\u00c8DIC BLANES.<\/strong><\/p>\n<p style=\"text-align: left;\">La gesti\u00f3n de sugerencias, quejas y agradecimientos se rige por el reglamento de sugerencias y quejas del POLIM\u00c8DIC BLANES en el marco del sistema interno de garant\u00eda de la calidad.<\/p>\n<p style=\"text-align: left;\">El alcance de este formulario queda circunscrito a los aspectos siguientes: instalaciones y equipaciones, servicios m\u00e9dicos, atenci\u00f3n al paciente y la calidad de nuestro equipo m\u00e9dico.<\/p>\n<\/div><\/section><\/div><\/div><\/div><\/div><!-- close content main div --><\/div><\/div><div id='av_section_3'  class='avia-section av-5o2txg-2564a4f6936e3fa6f20abf8ce6d7086e main_color avia-section-default avia-no-border-styling  avia-builder-el-6  el_after_av_section  el_before_av_slideshow_full  avia-bg-style-scroll container_wrap fullsize'  ><div class='container av-section-cont-open' ><div class='template-page content  av-content-full alpha units'><div class='post-entry post-entry-type-page post-entry-3772'><div class='entry-content-wrapper clearfix'>\n<div  class='flex_column av-3x5j04-9fe526e0f4941cb2b977f1f3665422ec av_one_full  avia-builder-el-7  avia-builder-el-no-sibling  first flex_column_div  '     ><form action=\"https:\/\/polimedic-blanes.com\/es\/sugerencias-quejas-y-agradecimientos\/\" method=\"post\" data-fields-with-error=\"Found errors in the following field(s):\" class=\"avia_ajax_form av-form-labels-visible   avia-builder-el-8  avia-builder-el-no-sibling   \" data-avia-form-id=\"1\" data-avia-redirect=''  aria-label='Formulario de contacto' ><h3 class=''>FORMULARIO DE CONTACTO:<\/h3><fieldset><p class='  first_form  form_element form_element_half' id='element_avia_1_1'><label for=\"avia_1_1\">Nombre <abbr class=\"required\" title=\"requerido\">*<\/abbr><\/label> <input name=\"avia_1_1\" class=\"text_input is_empty\" type=\"text\" id=\"avia_1_1\" value=\"\" \/><\/p><p class='  form_element form_element_half' id='element_avia_2_1'><label for=\"avia_2_1\">Apellidos <abbr class=\"required\" title=\"requerido\">*<\/abbr><\/label> <input name=\"avia_2_1\" class=\"text_input is_empty\" type=\"text\" id=\"avia_2_1\" value=\"\" \/><\/p><p class='  first_form  form_element form_element_third' id='element_avia_3_1'><label for=\"avia_3_1\">Tel\u00e9fono <abbr class=\"required\" title=\"requerido\">*<\/abbr><\/label> <input name=\"avia_3_1\" class=\"text_input is_phone\" type=\"text\" id=\"avia_3_1\" value=\"\" \/><\/p><p class='  form_element form_element_third' id='element_avia_4_1'><label for=\"avia_4_1\">DNI <abbr class=\"required\" title=\"requerido\">*<\/abbr><\/label> <input name=\"avia_4_1\" class=\"text_input is_empty\" type=\"text\" id=\"avia_4_1\" value=\"\" \/><\/p><p class='  form_element form_element_third' id='element_avia_5_1'><label for=\"avia_5_1\">Email <abbr class=\"required\" title=\"requerido\">*<\/abbr><\/label> <input name=\"avia_5_1\" class=\"text_input is_email\" type=\"text\" id=\"avia_5_1\" value=\"\" \/><\/p><p class='  first_form  form_element form_fullwidth' id='element_avia_6_1'><label for=\"avia_6_1\" class=\"textare_label hidden textare_label_avia_6_1\">Descripci\u00f3n de la sugerencia\/queja\/agradecimiento: <abbr class=\"required\" title=\"requerido\">*<\/abbr><\/label><textarea  name=\"avia_6_1\" class=\"text_area is_empty\" cols=\"40\" rows=\"7\" id=\"avia_6_1\" ><\/textarea><\/p><div id='avia_7_1' class='av-form-text'><p>\n<strong>* Camps obligatorios<\/strong><\/p>\n<\/div><p class=\"hidden\"><input type=\"text\" name=\"avia_8_1\" class=\"hidden \" id=\"avia_8_1\" value=\"\" \/><\/p><div id='avia_9_1' class='av-recaptcha-area  first_form  form_element form_fullwidth av-last-visible-form-element '  data-container_class=\"\" data-custom_class=\"\" data-context=\"av_contact_form\" data-token_input=\"av_recaptcha_token\" data-version=\"avia_recaptcha_v2\" data-theme=\"light\" data-size=\"normal\" data-score=\"0.5\" data-text_to_preview=\"\" data-value=\"\"><div class=\"av-google-badge-message hidden\">This site is protected by reCAPTCHA and the Google <a href=\"https:\/\/policies.google.com\/privacy\" target=\"_blank\" rel=\"noopener noreferrer\">Privacy Policy<\/a> and <a href=\"https:\/\/policies.google.com\/terms\" target=\"_blank\" rel=\"noopener noreferrer\">Terms of Service<\/a> apply.<\/div><\/div><p class=' av_form_privacy_check av_contact_privacy_check first_form  form_element form_fullwidth' id='element_avia_10_1'><input  name=\"avia_10_1\" class=\"input_checkbox is_empty\" type=\"checkbox\" id=\"avia_10_1\" value=\"true\"\/><label class=\"input_checkbox_label\" for=\"avia_10_1\">Consiento el uso de mis datos para los fines indicados en la <a href='https:\/\/polimedic-blanes.com\/politica-de-privacitat\/' target='_blank'>Pol\u00edtica de privacidad <\/a> \u201cSUS DATOS SEGUROS\u201d. <abbr class=\"required\" title=\"requerido\">*<\/abbr><\/label><\/p><p class=\"form_element \"><input type=\"hidden\" value=\"1\" name=\"avia_generated_form1\" \/><input type=\"submit\" value=\"Enviar\" class=\"button\"  data-sending-label=\"Enviando\"\/><\/p><\/fieldset><div class=\"avia-disabled-form\">Este formulario de contacto est\u00e1 desactivado porque rechazaste aceptar el servicio de Google reCaptcha, que es necesario para validar los mensajes enviados a trav\u00e9s del formulario.<\/div><\/form><div id=\"ajaxresponse_1\" class=\"ajaxresponse ajaxresponse_1 hidden\"><\/div><\/div><\/div><\/div><\/div><!-- close content main div --><\/div><\/div><div id='full_slider_1'  class='avia-fullwidth-slider main_color avia-shadow   avia-builder-el-9  el_after_av_section  avia-builder-el-last   slider-not-first container_wrap fullsize'  ><div  class='avia-slideshow av-mlywwqn5-51af0a1f50cb5609e3c155e788d1c2c3 avia-slideshow-no scaling av_slideshow_full avia-slide-slider av-slideshow-ui av-control-default av-slideshow-manual av-loop-once av-loop-manual-endless av-default-height-applied   avia-slideshow-1' data-slideshow-options=\"{&quot;animation&quot;:&quot;slide&quot;,&quot;autoplay&quot;:false,&quot;loop_autoplay&quot;:&quot;once&quot;,&quot;interval&quot;:5,&quot;loop_manual&quot;:&quot;manual-endless&quot;,&quot;autoplay_stopper&quot;:false,&quot;noNavigation&quot;:false,&quot;bg_slider&quot;:false,&quot;keep_padding&quot;:false,&quot;hoverpause&quot;:false,&quot;show_slide_delay&quot;:0}\"  itemprop=\"image\" itemscope=\"itemscope\" itemtype=\"https:\/\/schema.org\/ImageObject\" ><ul class='avia-slideshow-inner ' style='padding-bottom: 19.333333333333%;'><li  class='avia-slideshow-slide av-mlywwqn5-51af0a1f50cb5609e3c155e788d1c2c3__0  av-single-slide slide-1 slide-odd'><div data-rel='slideshow-1' class='avia-slide-wrap '   ><img decoding=\"async\" fetchpriority=\"high\" class=\"wp-image-3766 avia-img-lazy-loading-not-3766\"  src=\"https:\/\/polimedic-blanes.com\/wp-content\/uploads\/2026\/02\/SliderForm-2.png\" width=\"1500\" height=\"290\" title='SliderForm-2' alt=''  itemprop=\"thumbnailUrl\" srcset=\"https:\/\/polimedic-blanes.com\/wp-content\/uploads\/2026\/02\/SliderForm-2.png 1500w, https:\/\/polimedic-blanes.com\/wp-content\/uploads\/2026\/02\/SliderForm-2-300x58.png 300w, https:\/\/polimedic-blanes.com\/wp-content\/uploads\/2026\/02\/SliderForm-2-1030x199.png 1030w, https:\/\/polimedic-blanes.com\/wp-content\/uploads\/2026\/02\/SliderForm-2-768x148.png 768w, https:\/\/polimedic-blanes.com\/wp-content\/uploads\/2026\/02\/SliderForm-2-705x136.png 705w, https:\/\/polimedic-blanes.com\/wp-content\/uploads\/2026\/02\/SliderForm-2-240x46.png 240w\" sizes=\"(max-width: 1500px) 100vw, 1500px\" \/><\/div><\/li><\/ul><\/div><\/div><\/p>\n","protected":false},"excerpt":{"rendered":"","protected":false},"author":2,"featured_media":0,"parent":0,"menu_order":0,"comment_status":"closed","ping_status":"closed","template":"","meta":{"footnotes":""},"class_list":["post-3772","page","type-page","status-publish","hentry"],"aioseo_notices":[],"_links":{"self":[{"href":"https:\/\/polimedic-blanes.com\/es\/wp-json\/wp\/v2\/pages\/3772","targetHints":{"allow":["GET"]}}],"collection":[{"href":"https:\/\/polimedic-blanes.com\/es\/wp-json\/wp\/v2\/pages"}],"about":[{"href":"https:\/\/polimedic-blanes.com\/es\/wp-json\/wp\/v2\/types\/page"}],"author":[{"embeddable":true,"href":"https:\/\/polimedic-blanes.com\/es\/wp-json\/wp\/v2\/users\/2"}],"replies":[{"embeddable":true,"href":"https:\/\/polimedic-blanes.com\/es\/wp-json\/wp\/v2\/comments?post=3772"}],"version-history":[{"count":0,"href":"https:\/\/polimedic-blanes.com\/es\/wp-json\/wp\/v2\/pages\/3772\/revisions"}],"wp:attachment":[{"href":"https:\/\/polimedic-blanes.com\/es\/wp-json\/wp\/v2\/media?parent=3772"}],"curies":[{"name":"wp","href":"https:\/\/api.w.org\/{rel}","templated":true}]}}