{"id":3092,"date":"2023-11-30T11:29:22","date_gmt":"2023-11-30T11:29:22","guid":{"rendered":"https:\/\/polimedic-blanes.com\/canal-etic\/"},"modified":"2023-11-30T12:06:38","modified_gmt":"2023-11-30T12:06:38","slug":"canal-etico","status":"publish","type":"page","link":"https:\/\/polimedic-blanes.com\/es\/canal-etico\/","title":{"rendered":"Canal \u00e9tico"},"content":{"rendered":"<div id='av_section_1'  class='avia-section av-8iaq98-b1f4135f2f37389919e57885dfe24c8e main_color avia-section-default avia-no-border-styling  avia-builder-el-0  el_before_av_section  avia-builder-el-first  avia-bg-style-scroll container_wrap fullsize'  ><div class='container av-section-cont-open' ><main  role=\"main\" itemprop=\"mainContentOfPage\"  class='template-page content  av-content-full alpha units'><div class='post-entry post-entry-type-page post-entry-3092'><div class='entry-content-wrapper clearfix'>\n<div  class='flex_column av-84kwh8-d95c5176df9a7688a4cfe073dd358b6f av_one_full  avia-builder-el-1  avia-builder-el-no-sibling  first flex_column_div  '     ><section  class='av_textblock_section av-lpl1qbg9-f3df391b78c347a493d2096f79e5143d '   itemscope=\"itemscope\" itemtype=\"https:\/\/schema.org\/CreativeWork\" ><div class='avia_textblock'  itemprop=\"text\" ><h1 style=\"text-align: center;\">CANAL \u00c9TICO<\/h1>\n<\/div><\/section><br \/>\n\n<style type=\"text\/css\" data-created_by=\"avia_inline_auto\" id=\"style-css-av-lpl1rye9-5161644d42ba22aae9e168b6294bb661\">\n#top .hr.av-lpl1rye9-5161644d42ba22aae9e168b6294bb661{\nmargin-top:0px;\nmargin-bottom:20px;\n}\n.hr.av-lpl1rye9-5161644d42ba22aae9e168b6294bb661 .hr-inner{\nwidth:50px;\nborder-color:#017c95;\n}\n<\/style>\n<div  class='hr av-lpl1rye9-5161644d42ba22aae9e168b6294bb661 hr-custom  avia-builder-el-3  el_after_av_textblock  el_before_av_textblock  hr-center hr-icon-no'><span class='hr-inner inner-border-av-border-fat'><span class=\"hr-inner-style\"><\/span><\/span><\/div><br \/>\n<section  class='av_textblock_section av-lpl1v1tg-a8b4023e5fb6ff3d12d72c653b9e6665 '   itemscope=\"itemscope\" itemtype=\"https:\/\/schema.org\/CreativeWork\" ><div class='avia_textblock'  itemprop=\"text\" ><p style=\"text-align: center;\">El <strong>Grupo Creu Groga<\/strong> se basa en el fomento de un entorno seguro, responsable, \u00e9tico, transparente, de igualdad y de confianza para todos nuestros empleados, usuarios y proveedores. Adem\u00e1s, uno de nuestros fundamentos es cuidar el medio ambiente y el entorno social.<\/p>\n<p style=\"text-align: center;\">Sin embargo, el grupo se basa en un C\u00f3digo \u00c9tico que define la hoja de ruta y el marco normativo que contempla, adem\u00e1s, los valores, la misi\u00f3n y la visi\u00f3n del Grupo Creu Groga.<\/p>\n<\/div><\/section><br \/>\n\n<style type=\"text\/css\" data-created_by=\"avia_inline_auto\" id=\"style-css-av-lpl1s48w-febbac37e9188660d0c6d28095ee526f\">\n#top .hr.hr-invisible.av-lpl1s48w-febbac37e9188660d0c6d28095ee526f{\nheight:20px;\n}\n<\/style>\n<div  class='hr av-lpl1s48w-febbac37e9188660d0c6d28095ee526f hr-invisible  avia-builder-el-5  el_after_av_textblock  avia-builder-el-last '><span class='hr-inner '><span class=\"hr-inner-style\"><\/span><\/span><\/div><\/p><\/div><\/div><\/div><\/main><!-- close content main element --><\/div><\/div>\n<style type=\"text\/css\" data-created_by=\"avia_inline_auto\" id=\"style-css-av-lpl3alt2-0a932a8ca5d396dfd9292d60c299aa86\">\n.avia-section.av-lpl3alt2-0a932a8ca5d396dfd9292d60c299aa86{\nbackground-color:#017c95;\nbackground-image:unset;\n}\n<\/style>\n<div id='av_section_2'  class='avia-section av-lpl3alt2-0a932a8ca5d396dfd9292d60c299aa86 main_color avia-section-default avia-no-border-styling  avia-builder-el-6  el_after_av_section  el_before_av_section  avia-bg-style-scroll container_wrap fullsize'  ><div class='container av-section-cont-open' ><div class='template-page content  av-content-full alpha units'><div class='post-entry post-entry-type-page post-entry-3092'><div class='entry-content-wrapper clearfix'>\n<div  class='avia-button-wrap av-lpl3b4f1-9b043e7e45864cf220fe31682199c532-wrap avia-button-center  avia-builder-el-7  avia-builder-el-no-sibling '><a href='https:\/\/polimedic-blanes.com\/wp-content\/uploads\/2023\/11\/CODIGO-ETICO-Y-CONDUCTA-GRUPO-CREU-GROGA-1.pdf'  class='avia-button av-lpl3b4f1-9b043e7e45864cf220fe31682199c532 av-link-btn avia-icon_select-no avia-size-x-large avia-position-center avia-color-light'   aria-label=\"C\u00d3DIGO \u00c9TICO\"><span class='avia_iconbox_title' >C\u00d3DIGO \u00c9TICO<\/span><\/a><\/div>\n<\/div><\/div><\/div><!-- close content main div --><\/div><\/div><div id='av_section_3'  class='avia-section av-66c6j0-6d2f16f34efa41b30e50336feb386a05 main_color avia-section-default avia-no-border-styling  avia-builder-el-8  el_after_av_section  el_before_av_layout_row  avia-bg-style-scroll container_wrap fullsize'  ><div class='container av-section-cont-open' ><div class='template-page content  av-content-full alpha units'><div class='post-entry post-entry-type-page post-entry-3092'><div class='entry-content-wrapper clearfix'>\n<div  class='flex_column av-4vlnjg-1eea3d0f8db4fef6137128dec726b8cb av_one_half  avia-builder-el-9  el_before_av_one_half  avia-builder-el-first  first flex_column_div  '     ><section  class='av_textblock_section av-lpl43ez9-0dcbc53afb4735608f474ee4a0df6325 '   itemscope=\"itemscope\" itemtype=\"https:\/\/schema.org\/CreativeWork\" ><div class='avia_textblock'  itemprop=\"text\" ><h3 class=\"elementor-heading-title elementor-size-default\">Cumplimiento de la normativa vigente<\/h3>\n<\/div><\/section><br \/>\n<section  class='av_textblock_section av-lpl43m1z-f2c19cfaf7cc54dbe64b731d33ff13d2 '   itemscope=\"itemscope\" itemtype=\"https:\/\/schema.org\/CreativeWork\" ><div class='avia_textblock'  itemprop=\"text\" ><p>Estamos comprometidos en el cumplimiento de la normativa vigente y del C\u00f3digo \u00c9tico, as\u00ed como en la detecci\u00f3n y prevenci\u00f3n de comportamientos irregulares en el centro.<\/p>\n<p>Por todos estos motivos, hemos implementado un Canal \u00c9tico que permite a cualquier persona reportar posibles conductas indebidas o violaciones \u00e9ticas detectadas en nuestra instituci\u00f3n.<\/p>\n<\/div><\/section><br \/>\n<section  class='av_textblock_section av-lpl43vzn-65954df001ea5eda3f14f584d4526558 '   itemscope=\"itemscope\" itemtype=\"https:\/\/schema.org\/CreativeWork\" ><div class='avia_textblock'  itemprop=\"text\" ><h3 class=\"elementor-heading-title elementor-size-default\">\u00a1Importante!<\/h3>\n<\/div><\/section><br \/>\n<section  class='av_textblock_section av-lpl443ag-9499792319c08da298bba592bbb37e59 '   itemscope=\"itemscope\" itemtype=\"https:\/\/schema.org\/CreativeWork\" ><div class='avia_textblock'  itemprop=\"text\" ><p>Este Canal \u00c9tico no es un servicio de emergencias. No debe utilizarse para informar sobre situaciones que comporten una amenaza inmediata. Si necesita asistencia en una situaci\u00f3n de este tipo, por favor contacte con sus autoridades locales y utilice los canales definidos al efecto.<\/p>\n<\/div><\/section><\/p><\/div><div  class='flex_column av-20rvng-d923c568c5c3d418864d6b8e5eff4314 av_one_half  avia-builder-el-14  el_after_av_one_half  el_before_av_one_full  flex_column_div  '     ><section  class='av_textblock_section av-lpl44cz6-2b4772de4b822740659a104047d0a8ed '   itemscope=\"itemscope\" itemtype=\"https:\/\/schema.org\/CreativeWork\" ><div class='avia_textblock'  itemprop=\"text\" ><h3 class=\"elementor-heading-title elementor-size-default\">\u00bfQu\u00e9 hechos se pueden notificar?<\/h3>\n<\/div><\/section><br \/>\n<section  class='av_textblock_section av-lpl44koh-cc22e46c6ace2c4b9a7b82fd678482b7 '   itemscope=\"itemscope\" itemtype=\"https:\/\/schema.org\/CreativeWork\" ><div class='avia_textblock'  itemprop=\"text\" ><p>Puedes informar a trav\u00e9s del Canal \u00c9tico de los hechos que consideres puedan suponer un incumplimiento de la normativa legal, del C\u00f3digo \u00c9tico o de cualquier normativa interna vigente, como:<\/p>\n<ul class=\"elementor-icon-list-items\">\n<li class=\"elementor-icon-list-item\"><span class=\"elementor-icon-list-text\">Conductas relativas al fraude y corrupci\u00f3n.<\/span><\/li>\n<li class=\"elementor-icon-list-item\"><i class=\"fas fa-chevron-circle-right\" aria-hidden=\"true\"><\/i><span class=\"elementor-icon-list-text\">Conductas relativas a la Seguridad, salud e higiene en el trabajo.<\/span><\/li>\n<li class=\"elementor-icon-list-item\"><i class=\"fas fa-chevron-circle-right\" aria-hidden=\"true\"><\/i><span class=\"elementor-icon-list-text\">Discriminaci\u00f3n y acoso en el puesto de trabajo.<\/span><\/li>\n<li class=\"elementor-icon-list-item\"><i class=\"fas fa-chevron-circle-right\" aria-hidden=\"true\"><\/i><span class=\"elementor-icon-list-text\">Conductas relativas a la seguridad de la informaci\u00f3n, protecci\u00f3n de datos y mercados de valores.<\/span><\/li>\n<li class=\"elementor-icon-list-item\"><i class=\"fas fa-chevron-circle-right\" aria-hidden=\"true\"><\/i><span class=\"elementor-icon-list-text\">Pr\u00e1cticas anticonceptivas<\/span><\/li>\n<li class=\"elementor-icon-list-item\"><i class=\"fas fa-chevron-circle-right\" aria-hidden=\"true\"><\/i><span class=\"elementor-icon-list-text\">Conductas contrarias a los derechos humanos o da\u00f1os en el medio ambiente.<\/span><\/li>\n<li class=\"elementor-icon-list-item\"><i class=\"fas fa-chevron-circle-right\" aria-hidden=\"true\"><\/i><span class=\"elementor-icon-list-text\">Otras posibles infracciones penales o administrativas.<\/span><\/li>\n<\/ul>\n<\/div><\/section><\/p><\/div><div  class='flex_column av-d6rrb0-7c65ab96df9a2e43dac2165a13a6920c av_one_full  avia-builder-el-17  el_after_av_one_half  avia-builder-el-last  first flex_column_div  column-top-margin'     ><section  class='av_textblock_section av-lpl45vbc-190f16dae975cd5630a4c908813dd25a '   itemscope=\"itemscope\" itemtype=\"https:\/\/schema.org\/CreativeWork\" ><div class='avia_textblock'  itemprop=\"text\" ><h3 class=\"elementor-heading-title elementor-size-default\" style=\"text-align: center;\">Caracter\u00edsticas principales<\/h3>\n<\/div><\/section><\/div><\/div><\/div><\/div><!-- close content main div --><\/div><\/div><div id='av-layout-grid-1'  class='av-layout-grid-container av-b1xros-f432169c4cf9853daa4467cf882ee914 entry-content-wrapper main_color av-flex-cells  avia-builder-el-19  el_after_av_section  el_before_av_section  grid-row-not-first  container_wrap fullsize'  >\n<div class='flex_cell av-9pmvdo-6c4809021ec64e55edf385c27f8f3c7d av-gridrow-cell av_one_fourth no_margin  avia-builder-el-20  el_before_av_cell_one_fourth  avia-builder-el-first '  ><div class='flex_cell_inner'><div  class='avia-button-wrap av-79xpz0-cb349856e010c786f64f411d773b943a-wrap avia-button-center  avia-builder-el-21  avia-builder-el-no-sibling '>\n<style type=\"text\/css\" data-created_by=\"avia_inline_auto\" id=\"style-css-av-79xpz0-cb349856e010c786f64f411d773b943a\">\n#top #wrap_all .avia-button.av-79xpz0-cb349856e010c786f64f411d773b943a{\nbackground-color:#017c95;\nborder-color:#017c95;\ncolor:#ffffff;\ntransition:all 0.4s ease-in-out;\n}\n#top #wrap_all .avia-button.av-79xpz0-cb349856e010c786f64f411d773b943a .avia-svg-icon svg:first-child{\nfill:#ffffff;\nstroke:#ffffff;\n}\n<\/style>\n<a href=''  class='avia-button av-79xpz0-cb349856e010c786f64f411d773b943a av-link-btn avia-icon_select-no avia-size-x-large avia-position-center'   aria-label=\"CONFIDENCIALIDAD\"><span class='avia_iconbox_title' >CONFIDENCIALIDAD<\/span><\/a><\/div>\n<\/div><\/div><div class='flex_cell av-5b5pks-86a962b2c312114a1b06ca0494008412 av-gridrow-cell av_one_fourth no_margin  avia-builder-el-22  el_after_av_cell_one_fourth  el_before_av_cell_one_fourth '  ><div class='flex_cell_inner'><div  class='avia-button-wrap av-lpl4ek49-b33ed113a4a93df3a5f6275c37be4f20-wrap avia-button-center  avia-builder-el-23  avia-builder-el-no-sibling '>\n<style type=\"text\/css\" data-created_by=\"avia_inline_auto\" id=\"style-css-av-lpl4ek49-b33ed113a4a93df3a5f6275c37be4f20\">\n#top #wrap_all .avia-button.av-lpl4ek49-b33ed113a4a93df3a5f6275c37be4f20{\nbackground-color:#017c95;\nborder-color:#017c95;\ncolor:#ffffff;\ntransition:all 0.4s ease-in-out;\n}\n#top #wrap_all .avia-button.av-lpl4ek49-b33ed113a4a93df3a5f6275c37be4f20 .avia-svg-icon svg:first-child{\nfill:#ffffff;\nstroke:#ffffff;\n}\n<\/style>\n<a href=''  class='avia-button av-lpl4ek49-b33ed113a4a93df3a5f6275c37be4f20 av-link-btn avia-icon_select-no avia-size-x-large avia-position-center'   aria-label=\"PROCESO DE INVESTIGACI\u00d3N IMPARCIAL\"><span class='avia_iconbox_title' >PROCESO DE INVESTIGACI\u00d3N IMPARCIAL<\/span><\/a><\/div>\n<\/div><\/div>\n<style type=\"text\/css\" data-created_by=\"avia_inline_auto\" id=\"style-css-av-4uwkrg-915207c2bff4bfb4b5c441a83f1cae34\">\n.flex_cell.av-4uwkrg-915207c2bff4bfb4b5c441a83f1cae34{\nvertical-align:top;\n}\n<\/style>\n<div class='flex_cell av-4uwkrg-915207c2bff4bfb4b5c441a83f1cae34 av-gridrow-cell av_one_fourth no_margin  avia-builder-el-24  el_after_av_cell_one_fourth  el_before_av_cell_one_fourth  content-align-top'  ><div class='flex_cell_inner'><div  class='avia-button-wrap av-lpl4f45k-80b1c3296353b03c5af0fc487c30193e-wrap avia-button-center  avia-builder-el-25  avia-builder-el-no-sibling '>\n<style type=\"text\/css\" data-created_by=\"avia_inline_auto\" id=\"style-css-av-lpl4f45k-80b1c3296353b03c5af0fc487c30193e\">\n#top #wrap_all .avia-button.av-lpl4f45k-80b1c3296353b03c5af0fc487c30193e{\nbackground-color:#017c95;\nborder-color:#017c95;\ncolor:#ffffff;\ntransition:all 0.4s ease-in-out;\n}\n#top #wrap_all .avia-button.av-lpl4f45k-80b1c3296353b03c5af0fc487c30193e .avia-svg-icon svg:first-child{\nfill:#ffffff;\nstroke:#ffffff;\n}\n<\/style>\n<a href=''  class='avia-button av-lpl4f45k-80b1c3296353b03c5af0fc487c30193e av-link-btn avia-icon_select-no avia-size-x-large avia-position-center'   aria-label=\" RESOLUCI\u00d3N Y SEGUIMIENTO\"><span class='avia_iconbox_title' > RESOLUCI\u00d3N Y SEGUIMIENTO<\/span><\/a><\/div>\n<\/div><\/div>\n<style type=\"text\/css\" data-created_by=\"avia_inline_auto\" id=\"style-css-av-2vmk7w-2d7fd29a4572250fbe355fc7dbd49fda\">\n.flex_cell.av-2vmk7w-2d7fd29a4572250fbe355fc7dbd49fda{\nvertical-align:top;\n}\n<\/style>\n<div class='flex_cell av-2vmk7w-2d7fd29a4572250fbe355fc7dbd49fda av-gridrow-cell av_one_fourth no_margin  avia-builder-el-26  el_after_av_cell_one_fourth  avia-builder-el-last  content-align-top'  ><div class='flex_cell_inner'><div  class='avia-button-wrap av-lpl4fcwb-5dbe617c75c9306cec6d8d3fbfd17368-wrap avia-button-center  avia-builder-el-27  avia-builder-el-no-sibling '>\n<style type=\"text\/css\" data-created_by=\"avia_inline_auto\" id=\"style-css-av-lpl4fcwb-5dbe617c75c9306cec6d8d3fbfd17368\">\n#top #wrap_all .avia-button.av-lpl4fcwb-5dbe617c75c9306cec6d8d3fbfd17368{\nbackground-color:#017c95;\nborder-color:#017c95;\ncolor:#ffffff;\ntransition:all 0.4s ease-in-out;\n}\n#top #wrap_all .avia-button.av-lpl4fcwb-5dbe617c75c9306cec6d8d3fbfd17368 .avia-svg-icon svg:first-child{\nfill:#ffffff;\nstroke:#ffffff;\n}\n<\/style>\n<a href=''  class='avia-button av-lpl4fcwb-5dbe617c75c9306cec6d8d3fbfd17368 av-link-btn avia-icon_select-no avia-size-x-large avia-position-center'   aria-label=\"PROTECCI\u00d3N CONTRA REPRESALIA\"><span class='avia_iconbox_title' >PROTECCI\u00d3N CONTRA REPRESALIA<\/span><\/a><\/div>\n<\/div><\/div><\/div><div id='av_section_4'  class='avia-section av-8oxhxo-f3d675f7df82c44c4f240fe917b44f9c main_color avia-section-default avia-no-border-styling  avia-builder-el-28  el_after_av_layout_row  el_before_av_section  avia-bg-style-scroll container_wrap fullsize'  ><div class='container av-section-cont-open' ><div class='template-page content  av-content-full alpha units'><div class='post-entry post-entry-type-page post-entry-3092'><div class='entry-content-wrapper clearfix'>\n<div  class='flex_column av-7rl0cc-c0a248ed1c656c7393755e944b69b868 av_one_full  avia-builder-el-29  avia-builder-el-no-sibling  first flex_column_div  '     ><section  class='av_textblock_section av-lpl4o2rk-11e7f71f4e21fed9bfc6acf91de6abb9 '   itemscope=\"itemscope\" itemtype=\"https:\/\/schema.org\/CreativeWork\" ><div class='avia_textblock'  itemprop=\"text\" ><h2 class=\"elementor-heading-title elementor-size-default\" style=\"text-align: center;\">\u00bfC\u00d3MO SE PUEDE ENVIAR UNA COMUNICACI\u00d3N?<\/h2>\n<\/div><\/section><br \/>\n<section  class='av_textblock_section av-lpl4obyh-e87021327614a2772f575fe4d8b12727 '   itemscope=\"itemscope\" itemtype=\"https:\/\/schema.org\/CreativeWork\" ><div class='avia_textblock'  itemprop=\"text\" ><p style=\"text-align: center;\">Puedes enviar la comunicaci\u00f3n a trav\u00e9s del siguiente enlace. Tambi\u00e9n adjuntamos un manual del procedimiento a seguir para realizar un comunicado.<\/p>\n<\/div><\/section><\/p><\/div><\/div><\/div><\/div><!-- close content main div --><\/div><\/div>\n<style type=\"text\/css\" data-created_by=\"avia_inline_auto\" id=\"style-css-av-6fbebw-a7f60799c002f24a8d914464d9091981\">\n.avia-section.av-6fbebw-a7f60799c002f24a8d914464d9091981{\nbackground-color:#017c95;\nbackground-image:unset;\n}\n<\/style>\n<div id='av_section_5'  class='avia-section av-6fbebw-a7f60799c002f24a8d914464d9091981 main_color avia-section-default avia-no-border-styling  avia-builder-el-32  el_after_av_section  avia-builder-el-last  avia-bg-style-scroll container_wrap fullsize'  ><div class='container av-section-cont-open' ><div class='template-page content  av-content-full alpha units'><div class='post-entry post-entry-type-page post-entry-3092'><div class='entry-content-wrapper clearfix'>\n<div  class='flex_column av-3x7fx8-74392b3ae7f21a2e4963d3edb2f7ea2c av_one_half  avia-builder-el-33  el_before_av_one_half  avia-builder-el-first  first flex_column_div  '     ><div  class='avia-button-wrap av-lpl4r29f-e4792c3e16aeeaca281b448065634df4-wrap avia-button-center  avia-builder-el-34  avia-builder-el-no-sibling '><a href='https:\/\/www.ovetauki.com\/index.php?route=login\/complaint&amp;c_key=yUnKDUhSrbdYscLQfmtYFfRrNAjgcCXkEnGT'  class='avia-button av-lpl4r29f-e4792c3e16aeeaca281b448065634df4 av-link-btn avia-icon_select-no avia-size-x-large avia-position-center avia-color-light'   aria-label=\"CANAL \u00c9TICO\"><span class='avia_iconbox_title' >CANAL \u00c9TICO<\/span><\/a><\/div><\/div><div  class='flex_column av-22n6ho-c53b23e8ae5ad3ada83b118f1f6b7c43 av_one_half  avia-builder-el-35  el_after_av_one_half  avia-builder-el-last  flex_column_div  '     ><div  class='avia-button-wrap av-lpl4re1e-52ed3efb9a92648d90a7cbbe2cffa137-wrap avia-button-center  avia-builder-el-36  avia-builder-el-no-sibling '><a href='#'  class='avia-button av-lpl4re1e-52ed3efb9a92648d90a7cbbe2cffa137 av-link-btn avia-icon_select-no avia-size-x-large avia-position-center avia-color-light'   aria-label=\"MANUAL DE PROCEDIMIENTO\"><span class='avia_iconbox_title' >MANUAL DE PROCEDIMIENTO<\/span><\/a><\/div><\/div><\/p>\n","protected":false},"excerpt":{"rendered":"","protected":false},"author":2,"featured_media":0,"parent":0,"menu_order":0,"comment_status":"closed","ping_status":"closed","template":"","meta":{"footnotes":""},"class_list":["post-3092","page","type-page","status-publish","hentry"],"aioseo_notices":[],"_links":{"self":[{"href":"https:\/\/polimedic-blanes.com\/es\/wp-json\/wp\/v2\/pages\/3092","targetHints":{"allow":["GET"]}}],"collection":[{"href":"https:\/\/polimedic-blanes.com\/es\/wp-json\/wp\/v2\/pages"}],"about":[{"href":"https:\/\/polimedic-blanes.com\/es\/wp-json\/wp\/v2\/types\/page"}],"author":[{"embeddable":true,"href":"https:\/\/polimedic-blanes.com\/es\/wp-json\/wp\/v2\/users\/2"}],"replies":[{"embeddable":true,"href":"https:\/\/polimedic-blanes.com\/es\/wp-json\/wp\/v2\/comments?post=3092"}],"version-history":[{"count":0,"href":"https:\/\/polimedic-blanes.com\/es\/wp-json\/wp\/v2\/pages\/3092\/revisions"}],"wp:attachment":[{"href":"https:\/\/polimedic-blanes.com\/es\/wp-json\/wp\/v2\/media?parent=3092"}],"curies":[{"name":"wp","href":"https:\/\/api.w.org\/{rel}","templated":true}]}}