{"id":2816,"date":"2023-07-11T09:30:59","date_gmt":"2023-07-11T09:30:59","guid":{"rendered":"https:\/\/polimedic-blanes.com\/?page_id=2816"},"modified":"2023-07-11T12:38:34","modified_gmt":"2023-07-11T12:38:34","slug":"politica-de-privacidad-grup-creu-groga","status":"publish","type":"page","link":"https:\/\/polimedic-blanes.com\/es\/politica-de-privacidad-grup-creu-groga\/","title":{"rendered":"Pol\u00edtica de Privacidad \/ Grup Creu Groga"},"content":{"rendered":"<div id='av_section_1'  class='avia-section av-3xckwg-efc33c217ae3f19b3f7957e43368cea6 main_color avia-section-default avia-no-border-styling  avia-builder-el-0  avia-builder-el-no-sibling  avia-bg-style-scroll container_wrap fullsize'  ><div class='container av-section-cont-open' ><main  role=\"main\" itemprop=\"mainContentOfPage\"  class='template-page content  av-content-full alpha units'><div class='post-entry post-entry-type-page post-entry-2816'><div class='entry-content-wrapper clearfix'>\n<div  class='flex_column av-av_one_fifth-7714eba142aeda1f8b5272a3c372b279 av_one_fifth  avia-builder-el-1  el_before_av_three_fifth  avia-builder-el-first  first flex_column_div  '     ><\/div><div  class='flex_column av-av_three_fifth-f1c518e9ff58e869f80c8f093487abc9 av_three_fifth  avia-builder-el-2  el_after_av_one_fifth  el_before_av_one_fifth  flex_column_div  '     ><style type=\"text\/css\" data-created_by=\"avia_inline_auto\" id=\"style-css-av-ljya3b9h-edd154f9c2483bec4ef22bba43a965c7\">\n.avia-image-container.av-ljya3b9h-edd154f9c2483bec4ef22bba43a965c7 img.avia_image{\nbox-shadow:none;\n}\n.avia-image-container.av-ljya3b9h-edd154f9c2483bec4ef22bba43a965c7 .av-image-caption-overlay-center{\ncolor:#ffffff;\n}\n<\/style>\n<div  class='avia-image-container av-ljya3b9h-edd154f9c2483bec4ef22bba43a965c7 av-styling- avia-align-center  avia-builder-el-3  avia-builder-el-no-sibling '   itemprop=\"image\" itemscope=\"itemscope\" itemtype=\"https:\/\/schema.org\/ImageObject\" ><div class=\"avia-image-container-inner\"><div class=\"avia-image-overlay-wrap\"><img decoding=\"async\" fetchpriority=\"high\" class='wp-image-2835 avia-img-lazy-loading-not-2835 avia_image ' src=\"https:\/\/polimedic-blanes.com\/wp-content\/uploads\/2023\/07\/LOGOS-GRUP_OFICIAL_TRANSPA-1030x328.png\" alt='' title='LOGOS GRUP_OFICIAL_TRANSPA'  height=\"328\" width=\"1030\"  itemprop=\"thumbnailUrl\" srcset=\"https:\/\/polimedic-blanes.com\/wp-content\/uploads\/2023\/07\/LOGOS-GRUP_OFICIAL_TRANSPA-1030x328.png 1030w, https:\/\/polimedic-blanes.com\/wp-content\/uploads\/2023\/07\/LOGOS-GRUP_OFICIAL_TRANSPA-300x95.png 300w, https:\/\/polimedic-blanes.com\/wp-content\/uploads\/2023\/07\/LOGOS-GRUP_OFICIAL_TRANSPA-768x244.png 768w, https:\/\/polimedic-blanes.com\/wp-content\/uploads\/2023\/07\/LOGOS-GRUP_OFICIAL_TRANSPA-1536x488.png 1536w, https:\/\/polimedic-blanes.com\/wp-content\/uploads\/2023\/07\/LOGOS-GRUP_OFICIAL_TRANSPA-2048x651.png 2048w, https:\/\/polimedic-blanes.com\/wp-content\/uploads\/2023\/07\/LOGOS-GRUP_OFICIAL_TRANSPA-1500x477.png 1500w, https:\/\/polimedic-blanes.com\/wp-content\/uploads\/2023\/07\/LOGOS-GRUP_OFICIAL_TRANSPA-705x224.png 705w, https:\/\/polimedic-blanes.com\/wp-content\/uploads\/2023\/07\/LOGOS-GRUP_OFICIAL_TRANSPA-240x76.png 240w\" sizes=\"(max-width: 1030px) 100vw, 1030px\" \/><\/div><\/div><\/div><\/div><div  class='flex_column av-av_one_fifth-f1c518e9ff58e869f80c8f093487abc9 av_one_fifth  avia-builder-el-4  el_after_av_three_fifth  el_before_av_one_full  flex_column_div  '     ><\/div><div  class='flex_column av-2mf700-61c250b64606b0c49906d1f59db3c4e3 av_one_full  avia-builder-el-5  el_after_av_one_fifth  avia-builder-el-last  first flex_column_div  column-top-margin'     ><section  class='av_textblock_section av-ljy3c0rg-78341d44be0f07e280d6a06fc31b1e9f '   itemscope=\"itemscope\" itemtype=\"https:\/\/schema.org\/CreativeWork\" ><div class='avia_textblock'  itemprop=\"text\" ><blockquote>\n<ol>\n<li><strong>INFORMACI\u00d3N AL USUARIO<\/strong><\/li>\n<\/ol>\n<\/blockquote>\n<h3>\u00bfQui\u00e9n es el responsable del tratamiento de tus datos personales?<\/h3>\n<p>GRUP CREU GROGA es el RESPONSABLE del tratamiento de los datos personales del USUARIO y le informa de que estos datos ser\u00e1n tratados de conformidad con lo dispuesto en el Reglamento (UE) 2016\/679, de 27 de abril (GDPR), y la Ley Org\u00e1nica 3\/2018, de 5 de diciembre (LOPDGDD).<\/p>\n<h3>\u00bfPara qu\u00e9 tratamos tus datos personales y por qu\u00e9 lo hacemos?<\/h3>\n<p>Seg\u00fan el formulario donde hayamos obtenido sus datos personales, los trataremos de manera confidencial para alcanzar los siguientes fines:<\/p>\n<p>En el formulario <strong>Contacto<\/strong><\/p>\n<ul>\n<li>Dar respuesta a las consultas o cualquier tipo de petici\u00f3n que sea realizada por el usuario a trav\u00e9s de cualquiera de las formas de contacto que se ponen a su disposici\u00f3n en la p\u00e1gina web del responsable.<\/li>\n<\/ul>\n<p>(por el inter\u00e9s leg\u00edtimo del responsable, art. 6.1.f GDPR)<\/p>\n<ul>\n<li>Enviar comunicaciones comerciales o publicitarias por e-mail, fax, SMS, MMS o cualquier otro medio electr\u00f3nico o f\u00edsico, presente o futuro, que posibilite realizar comunicaciones comerciales.<\/li>\n<\/ul>\n<p>Estas comunicaciones ser\u00e1n realizadas por el responsable y estar\u00e1n relacionadas con bienes o servicios cuya contrataci\u00f3n pueda ser de su inter\u00e9s. En este caso, los terceros nunca tendr\u00e1n acceso a los datos personales.<\/p>\n<p>(por el consentimiento del interesado, 6.1.a GDPR)<\/p>\n<ul>\n<li>Realizar an\u00e1lisis estad\u00edsticos y estudios de mercado.<\/li>\n<\/ul>\n<p>(por el inter\u00e9s leg\u00edtimo del responsable, art. 6.1.f GDPR)<\/p>\n<p>En el formulario <strong>Citas<\/strong><\/p>\n<ul>\n<li>Agendar citas y gestionar las peticiones formuladas. Es posible que tengamos que comunicarnos con usted, si fuera necesario para la modificaci\u00f3n o gesti\u00f3n de su solicitud, o enviar recordatorios de visita por cualquier medio telem\u00e1tico (tel\u00e9fono, WhatsApp, SMS, o email del Paciente y \/ o Tutor o Padres\u2026)<\/li>\n<\/ul>\n<p>(por el inter\u00e9s leg\u00edtimo del responsable, art. 6.1.f GDPR)<\/p>\n<h3>\u00bfDurante cu\u00e1nto tiempo guardaremos tus datos personales?<\/h3>\n<p>Se conservar\u00e1n durante no m\u00e1s tiempo del necesario para mantener el fin del tratamiento o existan prescripciones legales que dictaminen su custodia y cuando ya no sea necesario para ello, se suprimir\u00e1n con medidas de seguridad adecuadas para garantizar la anonimizaci\u00f3n de los datos o la destrucci\u00f3n total de los mismos.<\/p>\n<h3>\u00bfA qui\u00e9n facilitamos sus datos personales?<\/h3>\n<p>Sus datos podr\u00e1n ser cedidos a las siguientes entidades, pertenecientes a GRUP CREU GROGA, as\u00ed como a otras entidades colaboradoras de GRUP CREU GROGA, exclusivamente para el desarrollo y ejecuci\u00f3n de sus solicitudes, as\u00ed como de las finalidades mencionadas anteriormente:<\/p>\n<ul>\n<li>CQM CL\u00cdNIC MARESME S.L (Hospital Cl\u00ednic Maresme)<\/li>\n<li>POLIM\u00c8DIC S.L (Polim\u00e8dic Blanes)<\/li>\n<li>Creu Groga Calella<\/li>\n<\/ul>\n<h3>\u00bfCu\u00e1les son tus derechos?<\/h3>\n<p>Los derechos que asisten al USUARIO son:<\/p>\n<ul>\n<li>Derecho a retirar el consentimiento en cualquier<\/li>\n<li>Derecho de acceso, rectificaci\u00f3n, portabilidad y supresi\u00f3n de sus datos, y de limitaci\u00f3n u oposici\u00f3n a su<\/li>\n<li>Derecho a presentar una reclamaci\u00f3n ante la autoridad de control (www.aepd.es) si considera que el tratamiento no se ajusta a la normativa vigente.<\/li>\n<\/ul>\n<h3>Datos de contacto para ejercer sus derechos:<\/h3>\n<p>Creu Groga SL. C\/ Sant Jaume, 20-30 &#8211; 08370 CALELLA (Barcelona).<\/p>\n<p>Datos de contacto del delegado de protecci\u00f3n de datos: dpd@audidat.com<\/p>\n<blockquote>\n<p><strong>2.\u00a0\u00a0 CAR\u00c1CTER OBLIGATORIO O FACULTATIVO DE LA INFORMACI\u00d3N FACILITADA POR EL USUARIO<\/strong><\/p>\n<\/blockquote>\n<p><strong>\u00a0<\/strong><\/p>\n<p>Los USUARIOS, mediante la marcaci\u00f3n de las casillas correspondientes y la entrada de datos en los campos, marcados con un asterisco (*) en el formulario de contacto o en el de solicitud de cita, aceptan expresamente y de forma libre e inequ\u00edvoca, que sus datos son necesarios para atender su petici\u00f3n, por parte del prestador, siendo voluntaria la inclusi\u00f3n de datos en los campos restantes. El USUARIO garantiza que los datos personales facilitados al RESPONSABLE son veraces y se hace responsable de comunicar cualquier modificaci\u00f3n de los mismos.<\/p>\n<p>El RESPONSABLE informa de que todos los datos solicitados a trav\u00e9s del sitio web son obligatorios, ya que son necesarios para la prestaci\u00f3n de un servicio \u00f3ptimo al USUARIO. En caso de que no se faciliten todos los datos, no se garantiza que la informaci\u00f3n y servicios facilitados sean completamente ajustados a sus necesidades.<\/p>\n<blockquote>\n<p><strong>3.\u00a0 MEDIDAS DE SEGURIDAD<\/strong><\/p>\n<\/blockquote>\n<p>Que de conformidad con lo dispuesto en las normativas vigentes en protecci\u00f3n de datos personales, el RESPONSABLE est\u00e1 cumpliendo con todas las disposiciones de las normativas GDPR y LOPDGDD para el tratamiento de los datos personales de su responsabilidad, y manifiestamente con los principios descritos en el art\u00edculo 5 del GDPR, por los cuales son tratados de manera l\u00edcita, leal y transparente en relaci\u00f3n con el interesado y adecuados, pertinentes y limitados a lo necesario en relaci\u00f3n con los fines para los que son tratados.<\/p>\n<p>El RESPONSABLE garantiza que ha implementado pol\u00edticas t\u00e9cnicas y organizativas apropiadas para aplicar las medidas de seguridad que establecen el GDPR y la LOPDGDD con el fin de proteger los derechos y libertades de los USUARIOS y les ha comunicado la informaci\u00f3n adecuada para que puedan ejercerlos.<\/p>\n<p>Para m\u00e1s informaci\u00f3n sobre las garant\u00edas de privacidad, puede dirigirse al RESPONSABLE a trav\u00e9s de Creu Groga SL. C\/ Sant Jaume, 20-30 &#8211; 08370 CALELLA (Barcelona).<\/p>\n<p>Datos de contacto del delegado de protecci\u00f3n de datos: dpd@audidat.com<\/p>\n<\/div><\/section><\/div>\n","protected":false},"excerpt":{"rendered":"","protected":false},"author":2,"featured_media":0,"parent":0,"menu_order":0,"comment_status":"closed","ping_status":"closed","template":"","meta":{"footnotes":""},"class_list":["post-2816","page","type-page","status-publish","hentry"],"aioseo_notices":[],"_links":{"self":[{"href":"https:\/\/polimedic-blanes.com\/es\/wp-json\/wp\/v2\/pages\/2816","targetHints":{"allow":["GET"]}}],"collection":[{"href":"https:\/\/polimedic-blanes.com\/es\/wp-json\/wp\/v2\/pages"}],"about":[{"href":"https:\/\/polimedic-blanes.com\/es\/wp-json\/wp\/v2\/types\/page"}],"author":[{"embeddable":true,"href":"https:\/\/polimedic-blanes.com\/es\/wp-json\/wp\/v2\/users\/2"}],"replies":[{"embeddable":true,"href":"https:\/\/polimedic-blanes.com\/es\/wp-json\/wp\/v2\/comments?post=2816"}],"version-history":[{"count":0,"href":"https:\/\/polimedic-blanes.com\/es\/wp-json\/wp\/v2\/pages\/2816\/revisions"}],"wp:attachment":[{"href":"https:\/\/polimedic-blanes.com\/es\/wp-json\/wp\/v2\/media?parent=2816"}],"curies":[{"name":"wp","href":"https:\/\/api.w.org\/{rel}","templated":true}]}}