{"id":1115,"date":"2020-12-22T14:29:14","date_gmt":"2020-12-22T14:29:14","guid":{"rendered":"https:\/\/polimedic.clonica.net\/qui-som\/"},"modified":"2021-03-15T11:54:32","modified_gmt":"2021-03-15T11:54:32","slug":"qui-som","status":"publish","type":"page","link":"https:\/\/polimedic-blanes.com\/es\/qui-som\/","title":{"rendered":"Qui Som"},"content":{"rendered":"<div id='av_section_1'  class='avia-section av-av_section-e20e11b232c33ea52312394292f0d9a7 main_color avia-section-default avia-no-border-styling  avia-builder-el-0  el_before_av_slideshow_full  avia-builder-el-first  avia-bg-style-scroll container_wrap fullsize'  ><div class='container av-section-cont-open' ><main  role=\"main\" itemprop=\"mainContentOfPage\"  class='template-page content  av-content-full alpha units'><div class='post-entry post-entry-type-page post-entry-1115'><div class='entry-content-wrapper clearfix'>\n\n<style type=\"text\/css\" data-created_by=\"avia_inline_auto\" id=\"style-css-av-av_one_full-79ff81c021393065cee878051452f6a6\">\n.flex_column.av-av_one_full-79ff81c021393065cee878051452f6a6{\nborder-radius:0px 0px 0px 0px;\npadding:0px 0px 0px 0px;\n}\n<\/style>\n<div  class='flex_column av-av_one_full-79ff81c021393065cee878051452f6a6 av_one_full  avia-builder-el-1  el_before_av_hr  avia-builder-el-first  first flex_column_div av-zero-column-padding  '     ><section  class='av_textblock_section av-kizznxpn-315efea541ca2e7c30d2ccaa1a729772 '   itemscope=\"itemscope\" itemtype=\"https:\/\/schema.org\/CreativeWork\" ><div class='avia_textblock'  itemprop=\"text\" ><h1 style=\"text-align: center;\">QUI SOM<\/h1>\n<\/div><\/section><br \/>\n\n<style type=\"text\/css\" data-created_by=\"avia_inline_auto\" id=\"style-css-av-kizzq5hv-c219551bccd56ad0664ef89be540e2c8\">\n#top .av_textblock_section.av-kizzq5hv-c219551bccd56ad0664ef89be540e2c8 .avia_textblock{\nfont-size:14px;\n}\n<\/style>\n<section  class='av_textblock_section av-kizzq5hv-c219551bccd56ad0664ef89be540e2c8 '   itemscope=\"itemscope\" itemtype=\"https:\/\/schema.org\/CreativeWork\" ><div class='avia_textblock'  itemprop=\"text\" ><p><strong><span class=\"color-primary\">Polim\u00e8dic<\/span><\/strong>\u00a0s&#8217;ha convertit en els \u00faltims anys en un grup de centres de refer\u00e8ncia de tota l&#8217;\u00e0rea del sud de la Costa Brava. L&#8217;atenci\u00f3 m\u00e8dica global i coordinada que donem als nostres pacients est\u00e0 unida a l&#8217;efic\u00e0cia en la gesti\u00f3 de la informaci\u00f3 i a la cura en el tracte hum\u00e0.<\/p>\n<p>La nostra filosofia de gesti\u00f3 es basa en la qualitat assistencial, una metodologia de treball moderna i efica\u00e7 i una tecnologia d&#8217;avantguarda, que s\u00f3n els elements imprescindibles per donar una assist\u00e8ncia de primera qualitat als nostres pacients. Aix\u00ed, englobem totes les \u00e0rees de la pr\u00e0ctica m\u00e8dica, diagn\u00f2stica, terap\u00e8utica i rehabilitadora.<\/p>\n<p>A m\u00e9s, l&#8217;oferta de 12 hores de servei diari fan del nostre centre un centre de refer\u00e8ncia en el servei, fet que permet, en definitiva, simplificar els tr\u00e0mits que una persona ha de fer abans de posar-se en mans d&#8217;un especialista.<\/p>\n<\/div><\/section><\/p><\/div>\n<style type=\"text\/css\" data-created_by=\"avia_inline_auto\" id=\"style-css-av-kj033251-38f17ae967d5eea33040bba324b9a5e9\">\n#top .hr.av-kj033251-38f17ae967d5eea33040bba324b9a5e9{\nmargin-top:30px;\nmargin-bottom:30px;\n}\n.hr.av-kj033251-38f17ae967d5eea33040bba324b9a5e9 .hr-inner{\nwidth:90px;\nborder-color:#0f7d92;\nmax-width:45%;\n}\n.hr.av-kj033251-38f17ae967d5eea33040bba324b9a5e9 .av-seperator-icon{\ncolor:#0f7d92;\n}\n.hr.av-kj033251-38f17ae967d5eea33040bba324b9a5e9 .av-seperator-icon.avia-svg-icon svg:first-child{\nfill:#0f7d92;\nstroke:#0f7d92;\n}\n<\/style>\n<div  class='hr av-kj033251-38f17ae967d5eea33040bba324b9a5e9 hr-custom  avia-builder-el-4  el_after_av_one_full  el_before_av_one_third  hr-center hr-icon-yes'><span class='hr-inner inner-border-av-border-fat'><span class=\"hr-inner-style\"><\/span><\/span><span class='av-seperator-icon avia-iconfont avia-font-entypo-fontello' data-av_icon='\ue8bf' data-av_iconfont='entypo-fontello' ><\/span><span class='hr-inner inner-border-av-border-fat'><span class=\"hr-inner-style\"><\/span><\/span><\/div>\n\n<style type=\"text\/css\" data-created_by=\"avia_inline_auto\" id=\"style-css-av-av_one_third-79ff81c021393065cee878051452f6a6\">\n.flex_column.av-av_one_third-79ff81c021393065cee878051452f6a6{\nborder-radius:0px 0px 0px 0px;\npadding:0px 0px 0px 0px;\n}\n<\/style>\n<div  class='flex_column av-av_one_third-79ff81c021393065cee878051452f6a6 av_one_third  avia-builder-el-5  el_after_av_hr  el_before_av_two_third  first flex_column_div av-zero-column-padding  '     ><style type=\"text\/css\" data-created_by=\"avia_inline_auto\" id=\"style-css-av-kj030tbn-836582091962eb1bb7c756bde2777d1f\">\n.avia-animated-number.av-kj030tbn-836582091962eb1bb7c756bde2777d1f .avia-animated-number-icon.avia-svg-icon svg:first-child{\nfill:#0f7d92;\nstroke:#0f7d92;\n}\n#top .avia-animated-number.av-kj030tbn-836582091962eb1bb7c756bde2777d1f .avia-animated-number-title{\ncolor:#0f7d92;\n}\n<\/style>\n<div  class=\"avia-animated-number av-kj030tbn-836582091962eb1bb7c756bde2777d1f av-force-default-color avia_animate_when_visible  avia-builder-el-6  avia-builder-el-no-sibling  avia-color-font-custom \" data-timer=\"3000\"><strong class=\"heading avia-animated-number-title\"><span class=\"avia-single-number __av-single-number\" data-number_format=\"\" data-number=\"1997\" data-start_from=\"0\">1997<\/span><\/strong><div class=\"avia-animated-number-content\"><p>DES DE<\/p>\n<\/div><\/div><\/div>\n<style type=\"text\/css\" data-created_by=\"avia_inline_auto\" id=\"style-css-av-av_two_third-49f6e875884219cf77c24341e550af53\">\n.flex_column.av-av_two_third-49f6e875884219cf77c24341e550af53{\nborder-radius:0px 0px 0px 0px;\npadding:0px 0px 0px 0px;\n}\n<\/style>\n<div  class='flex_column av-av_two_third-49f6e875884219cf77c24341e550af53 av_two_third  avia-builder-el-7  el_after_av_one_third  avia-builder-el-last  flex_column_div av-zero-column-padding  '     ><style type=\"text\/css\" data-created_by=\"avia_inline_auto\" id=\"style-css-av-kj02yjjr-15d5a227880a8104020f2f9c3f3756c4\">\n#top .av_textblock_section.av-kj02yjjr-15d5a227880a8104020f2f9c3f3756c4 .avia_textblock{\nfont-size:14px;\n}\n<\/style>\n<section  class='av_textblock_section av-kj02yjjr-15d5a227880a8104020f2f9c3f3756c4 '   itemscope=\"itemscope\" itemtype=\"https:\/\/schema.org\/CreativeWork\" ><div class='avia_textblock'  itemprop=\"text\" ><p>La nostra llarga traject\u00f2ria, juntament amb els millors professionals, fan que siguem un centre de refer\u00e8ncia en sanitat i salut. Comptem amb diferents espais completament equipats i moderns per poder oferir un concepte d&#8217;assist\u00e8ncia i atenci\u00f3 integral a les persones, que \u00e9s, en definitiva, el nostre principal objectiu.<\/p>\n<\/div><\/section><\/div><\/div><\/div><\/main><!-- close content main element --><\/div><\/div><div id='full_slider_1'  class='avia-fullwidth-slider main_color avia-shadow   avia-builder-el-9  el_after_av_section  avia-builder-el-last   slider-not-first container_wrap fullsize'  ><div  class='avia-slideshow av-kj02xjws-afde798edd4b94347baf935d9be129a0 avia-slideshow-featured av_slideshow_full avia-slide-slider av-slideshow-ui av-control-default av-slideshow-manual av-loop-once av-loop-manual-endless av-default-height-applied   avia-slideshow-1' data-slideshow-options=\"{&quot;animation&quot;:&quot;slide&quot;,&quot;autoplay&quot;:false,&quot;loop_autoplay&quot;:&quot;once&quot;,&quot;interval&quot;:5,&quot;loop_manual&quot;:&quot;manual-endless&quot;,&quot;autoplay_stopper&quot;:false,&quot;noNavigation&quot;:false,&quot;bg_slider&quot;:false,&quot;keep_padding&quot;:false,&quot;hoverpause&quot;:false,&quot;show_slide_delay&quot;:0}\"  itemprop=\"image\" itemscope=\"itemscope\" itemtype=\"https:\/\/schema.org\/ImageObject\" ><ul class='avia-slideshow-inner ' style='padding-bottom: 28.666666666667%;'><li  class='avia-slideshow-slide av-kj02xjws-afde798edd4b94347baf935d9be129a0__0  av-single-slide slide-1 slide-odd'><div data-rel='slideshow-1' class='avia-slide-wrap '   ><img decoding=\"async\" fetchpriority=\"high\" class=\"wp-image-38 avia-img-lazy-loading-not-38\"  src=\"https:\/\/polimedic-blanes.com\/wp-content\/uploads\/2020\/11\/SliderHome-1-Polimedic-1500x430.png\" width=\"1500\" height=\"430\" title='' alt=''  itemprop=\"thumbnailUrl\"   \/><\/div><\/li><\/ul><\/div><\/div><\/p>\n","protected":false},"excerpt":{"rendered":"","protected":false},"author":2,"featured_media":0,"parent":0,"menu_order":0,"comment_status":"closed","ping_status":"closed","template":"","meta":{"footnotes":""},"class_list":["post-1115","page","type-page","status-publish","hentry"],"aioseo_notices":[],"_links":{"self":[{"href":"https:\/\/polimedic-blanes.com\/es\/wp-json\/wp\/v2\/pages\/1115","targetHints":{"allow":["GET"]}}],"collection":[{"href":"https:\/\/polimedic-blanes.com\/es\/wp-json\/wp\/v2\/pages"}],"about":[{"href":"https:\/\/polimedic-blanes.com\/es\/wp-json\/wp\/v2\/types\/page"}],"author":[{"embeddable":true,"href":"https:\/\/polimedic-blanes.com\/es\/wp-json\/wp\/v2\/users\/2"}],"replies":[{"embeddable":true,"href":"https:\/\/polimedic-blanes.com\/es\/wp-json\/wp\/v2\/comments?post=1115"}],"version-history":[{"count":0,"href":"https:\/\/polimedic-blanes.com\/es\/wp-json\/wp\/v2\/pages\/1115\/revisions"}],"wp:attachment":[{"href":"https:\/\/polimedic-blanes.com\/es\/wp-json\/wp\/v2\/media?parent=1115"}],"curies":[{"name":"wp","href":"https:\/\/api.w.org\/{rel}","templated":true}]}}