{"id":1111,"date":"2020-12-23T09:53:27","date_gmt":"2020-12-23T09:53:27","guid":{"rendered":"https:\/\/polimedic.clonica.net\/contactar\/"},"modified":"2024-05-27T08:56:45","modified_gmt":"2024-05-27T08:56:45","slug":"contactar","status":"publish","type":"page","link":"https:\/\/polimedic-blanes.com\/es\/contactar\/","title":{"rendered":"Contactar"},"content":{"rendered":"<div id='av_section_1'  class='avia-section av-av_section-b2d889cc908147c5a47544f27799b370 main_color avia-section-default avia-no-border-styling  avia-builder-el-0  el_before_av_section  avia-builder-el-first  avia-bg-style-scroll container_wrap fullsize'  ><div class='container av-section-cont-open' ><main  role=\"main\" itemprop=\"mainContentOfPage\"  class='template-page content  av-content-full alpha units'><div class='post-entry post-entry-type-page post-entry-1111'><div class='entry-content-wrapper clearfix'>\n<div class='flex_column_table av-av_one_half-4ec1fe1be09c9e4c6fe0ecc6121297a0 sc-av_one_half av-equal-height-column-flextable'>\n<style type=\"text\/css\" data-created_by=\"avia_inline_auto\" id=\"style-css-av-av_one_half-4ec1fe1be09c9e4c6fe0ecc6121297a0\">\n.flex_column.av-av_one_half-4ec1fe1be09c9e4c6fe0ecc6121297a0{\npadding:30px 30px 30px 30px;\nbackground-color:#f7da00;\n}\n<\/style>\n<div  class='flex_column av-av_one_half-4ec1fe1be09c9e4c6fe0ecc6121297a0 av_one_half  avia-builder-el-1  el_before_av_one_half  avia-builder-el-first  first flex_column_table_cell av-equal-height-column av-align-middle  '     ><p>\n<style type=\"text\/css\" data-created_by=\"avia_inline_auto\" id=\"style-css-av-av_font_icon-7e44ca9300605974b5c5c86209b06c21\">\n.av_font_icon.av-av_font_icon-7e44ca9300605974b5c5c86209b06c21 .av-icon-char{\nfont-size:40px;\nline-height:40px;\n}\n<\/style>\n<span  class='av_font_icon av-av_font_icon-7e44ca9300605974b5c5c86209b06c21 avia_animate_when_visible av-icon-style- avia-icon-pos-center avia-iconfont avia-font-entypo-fontello av-no-color avia-icon-animate'><span class='av-icon-char' data-av_icon='\ue8ac' data-av_iconfont='entypo-fontello' aria-hidden=\"true\" ><\/span><\/span><br \/>\n\n<style type=\"text\/css\" data-created_by=\"avia_inline_auto\" id=\"style-css-av-av_hr-82f5be0ae0af6a64fe3091010b237709\">\n#top .hr.hr-invisible.av-av_hr-82f5be0ae0af6a64fe3091010b237709{\nheight:20px;\n}\n<\/style>\n<div  class='hr av-av_hr-82f5be0ae0af6a64fe3091010b237709 hr-invisible  avia-builder-el-3  el_after_av_font_icon  el_before_av_textblock '><span class='hr-inner '><span class=\"hr-inner-style\"><\/span><\/span><\/div><br \/>\n<section  class='av_textblock_section av-lqeyi91f-b1f9a42d77c9eb43e4796714d36dfcef '   itemscope=\"itemscope\" itemtype=\"https:\/\/schema.org\/CreativeWork\" ><div class='avia_textblock'  itemprop=\"text\" ><h2 style=\"text-align: center; color: #444444;\">RESERVA SU CITA ONLINE<\/h2>\n<p style=\"text-align: center;\">Evite las molestas esperas o llamadas de tel\u00e9fono con la nueva cita online. Gracias a la aplicaci\u00f3n que tenemos en Grup Creu Groga, podr\u00e1s en pocos pasos, escoger el centro que desee visitarse (Calella, Matar\u00f3 o Blanes), la especialidad, el d\u00eda y la hora que le venga mejor. Tambi\u00e9n podr\u00e1 modificar y\/o anular sus citas.<\/p>\n<h3 style=\"text-align: center; color: #444444;\"><a href=\"https:\/\/polimedic-blanes.com\/citaonline\/\"><strong>PIDE AHORA TU CITA ONLINE<\/strong><\/a><\/h3>\n<\/div><\/section><\/p><\/div><div class='av-flex-placeholder'><\/div>\n<style type=\"text\/css\" data-created_by=\"avia_inline_auto\" id=\"style-css-av-av_one_half-d7f76524ab17a04f075d3d951d7fd05f\">\n.flex_column.av-av_one_half-d7f76524ab17a04f075d3d951d7fd05f{\npadding:30px 30px 30px 30px;\nbackground-color:#f7da00;\n}\n<\/style>\n<div  class='flex_column av-av_one_half-d7f76524ab17a04f075d3d951d7fd05f av_one_half  avia-builder-el-5  el_after_av_one_half  avia-builder-el-last  flex_column_table_cell av-equal-height-column av-align-middle  '     ><p>\n<style type=\"text\/css\" data-created_by=\"avia_inline_auto\" id=\"style-css-av-av_font_icon-222481ef01ff930e3bc74c43e89760a0\">\n.av_font_icon.av-av_font_icon-222481ef01ff930e3bc74c43e89760a0 .av-icon-char{\nfont-size:40px;\nline-height:40px;\n}\n<\/style>\n<span  class='av_font_icon av-av_font_icon-222481ef01ff930e3bc74c43e89760a0 avia_animate_when_visible av-icon-style- avia-icon-pos-center avia-iconfont avia-font-entypo-fontello av-no-color avia-icon-animate'><span class='av-icon-char' data-av_icon='\uf232' data-av_iconfont='entypo-fontello' aria-hidden=\"true\" ><\/span><\/span><br \/>\n\n<style type=\"text\/css\" data-created_by=\"avia_inline_auto\" id=\"style-css-av-av_hr-82f5be0ae0af6a64fe3091010b237709\">\n#top .hr.hr-invisible.av-av_hr-82f5be0ae0af6a64fe3091010b237709{\nheight:20px;\n}\n<\/style>\n<div  class='hr av-av_hr-82f5be0ae0af6a64fe3091010b237709 hr-invisible  avia-builder-el-7  el_after_av_font_icon  el_before_av_textblock '><span class='hr-inner '><span class=\"hr-inner-style\"><\/span><\/span><\/div><br \/>\n<section  class='av_textblock_section av-lqeykr2d-a3f22edb37ebdd4f4a4bf08174598f65 '   itemscope=\"itemscope\" itemtype=\"https:\/\/schema.org\/CreativeWork\" ><div class='avia_textblock'  itemprop=\"text\" ><h2 style=\"text-align: center; color: #444444;\">SERVICIO EXCLUSIVO ANULACI\u00d3N DE CITAS V\u00cdA WHATSAPP (no llames)<\/h2>\n<h3 style=\"text-align: center; color: #444444;\">97 235 35 25<\/h3>\n<p style=\"text-align: center;\">Este servicio solo est\u00e1 disponible exclusivamente por anulaciones de citas. Su funcionamiento est\u00e1 sujeto al siguiente horario: de lunes a viernes de 9 a 19 h. Recuerda poner los siguientes datos al enviar el mensaje escrito (no respondemos llamadas): Nombre y los 2 Apellidos del paciente (imprescindible), Hora y Fecha de la cita, Nombre y\/o Apellidos del especialista o especialidad.<\/p>\n<\/div><\/section><\/p><\/div><\/div><!--close column table wrapper. Autoclose: 1 -->\n\n<\/div><\/div><\/main><!-- close content main element --><\/div><\/div>\n<style type=\"text\/css\" data-created_by=\"avia_inline_auto\" id=\"style-css-av-kj1842tb-3a2da8fcca2a07ba8ef5041d5b9a3524\">\n.avia-section.av-kj1842tb-3a2da8fcca2a07ba8ef5041d5b9a3524{\nbackground-color:#f7eb8f;\nbackground-image:unset;\n}\n<\/style>\n<div id='av_section_2'  class='avia-section av-kj1842tb-3a2da8fcca2a07ba8ef5041d5b9a3524 main_color avia-section-default avia-no-border-styling  avia-builder-el-9  el_after_av_section  avia-builder-el-last  avia-bg-style-scroll container_wrap fullsize'  ><div class='container av-section-cont-open' ><div class='template-page content  av-content-full alpha units'><div class='post-entry post-entry-type-page post-entry-1111'><div class='entry-content-wrapper clearfix'>\n\n<style type=\"text\/css\" data-created_by=\"avia_inline_auto\" id=\"style-css-av-18jeiz-5cc3e42b0603aa5dc5e2367b03d7c9ed\">\n.flex_column.av-18jeiz-5cc3e42b0603aa5dc5e2367b03d7c9ed{\nborder-radius:0px 0px 0px 0px;\npadding:0px 0px 0px 0px;\n}\n<\/style>\n<div  class='flex_column av-18jeiz-5cc3e42b0603aa5dc5e2367b03d7c9ed av_one_full  avia-builder-el-10  avia-builder-el-no-sibling  first flex_column_div av-zero-column-padding  '     ><style type=\"text\/css\" data-created_by=\"avia_inline_auto\" id=\"style-css-av-kj16fvqn-b3568f3b77d71b2e90a9becccb1b2b67\">\n#top .av_textblock_section.av-kj16fvqn-b3568f3b77d71b2e90a9becccb1b2b67 .avia_textblock{\ncolor:#000000;\n}\n<\/style>\n<section  class='av_textblock_section av-kj16fvqn-b3568f3b77d71b2e90a9becccb1b2b67 '   itemscope=\"itemscope\" itemtype=\"https:\/\/schema.org\/CreativeWork\" ><div class='avia_textblock av_inherit_color'  itemprop=\"text\" ><h1 style=\"text-align: center;\">CONTACTA CON NOSOTROS<\/h1>\n<\/div><\/section><br \/>\n\n<style type=\"text\/css\" data-created_by=\"avia_inline_auto\" id=\"style-css-av-kj17q5d1-20255c044dea53ccde903508797a1179\">\n#top .hr.hr-invisible.av-kj17q5d1-20255c044dea53ccde903508797a1179{\nheight:30px;\n}\n<\/style>\n<div  class='hr av-kj17q5d1-20255c044dea53ccde903508797a1179 hr-invisible  avia-builder-el-12  el_after_av_textblock  el_before_av_contact '><span class='hr-inner '><span class=\"hr-inner-style\"><\/span><\/span><\/div><br \/>\n<form action=\"https:\/\/polimedic-blanes.com\/es\/contactar\/\" method=\"post\" data-fields-with-error=\"Found errors in the following field(s):\" class=\"avia_ajax_form av-form-labels-visible   avia-builder-el-13  el_after_av_hr  el_before_av_textblock  av-custom-form-color av-dark-form \" data-avia-form-id=\"1\" data-avia-redirect='' ><h3 class=''>Env\u00edanos un correo electr\u00f3nico<\/h3><fieldset><p class='  first_form  form_element form_element_half' id='element_avia_1_1'><label for=\"avia_1_1\">Nombre <abbr class=\"required\" title=\"requerido\">*<\/abbr><\/label> <input name=\"avia_1_1\" class=\"text_input is_empty\" type=\"text\" id=\"avia_1_1\" value=\"\" \/><\/p><p class='  form_element form_element_half' id='element_avia_2_1'><label for=\"avia_2_1\">Apellidos <abbr class=\"required\" title=\"requerido\">*<\/abbr><\/label> <input name=\"avia_2_1\" class=\"text_input is_empty\" type=\"text\" id=\"avia_2_1\" value=\"\" \/><\/p><p class='  first_form  form_element form_element_third' id='element_avia_3_1'><label for=\"avia_3_1\">Tel\u00e9fono <abbr class=\"required\" title=\"requerido\">*<\/abbr><\/label> <input name=\"avia_3_1\" class=\"text_input is_phone\" type=\"text\" id=\"avia_3_1\" value=\"\" \/><\/p><p class='  form_element form_element_two_third' id='element_avia_4_1'><label for=\"avia_4_1\">Correo electr\u00f3nico <abbr class=\"required\" title=\"requerido\">*<\/abbr><\/label> <input name=\"avia_4_1\" class=\"text_input is_email\" type=\"text\" id=\"avia_4_1\" value=\"\" \/><\/p><p class='  first_form  form_element form_fullwidth' id='element_avia_5_1'><label for=\"avia_5_1\">Asunto <abbr class=\"required\" title=\"requerido\">*<\/abbr><\/label> <input name=\"avia_5_1\" class=\"text_input is_empty\" type=\"text\" id=\"avia_5_1\" value=\"\" \/><\/p><p class='  first_form  form_element form_fullwidth' id='element_avia_6_1'><label for=\"avia_6_1\" class=\"textare_label hidden textare_label_avia_6_1\">Mensaje <abbr class=\"required\" title=\"requerido\">*<\/abbr><\/label><textarea  name=\"avia_6_1\" class=\"text_area is_empty\" cols=\"40\" rows=\"7\" id=\"avia_6_1\" ><\/textarea><\/p><p class='  first_form  form_element form_fullwidth' id='element_avia_7_1'><input  name=\"avia_7_1\" class=\"input_checkbox \" type=\"checkbox\" id=\"avia_7_1\" value=\"true\"\/><label class=\"input_checkbox_label\" for=\"avia_7_1\">Consiento el uso de mis datos personales para recibir publicidad de su entidad.<\/label><\/p><p class=\"hidden\"><input type=\"text\" name=\"avia_8_1\" class=\"hidden \" id=\"avia_8_1\" value=\"\" \/><\/p><div id='avia_9_1' class='av-recaptcha-area  first_form  form_element form_fullwidth av-last-visible-form-element '  data-container_class=\"\" data-custom_class=\"\" data-context=\"av_contact_form\" data-token_input=\"av_recaptcha_token\" data-version=\"avia_recaptcha_v2\" data-theme=\"light\" data-size=\"normal\" data-score=\"0.5\" data-text_to_preview=\"\" data-value=\"\"><div class=\"av-google-badge-message hidden\">This site is protected by reCAPTCHA and the Google <a href=\"https:\/\/policies.google.com\/privacy\" target=\"_blank\" rel=\"noopener noreferrer\">Privacy Policy<\/a> and <a href=\"https:\/\/policies.google.com\/terms\" target=\"_blank\" rel=\"noopener noreferrer\">Terms of Service<\/a> apply.<\/div><\/div><p class=' av_form_privacy_check av_contact_privacy_check first_form  form_element form_fullwidth' id='element_avia_10_1'><input  name=\"avia_10_1\" class=\"input_checkbox is_empty\" type=\"checkbox\" id=\"avia_10_1\" value=\"true\"\/><label class=\"input_checkbox_label\" for=\"avia_10_1\">Consiento el uso de mis datos para los fines indicados en la <a href='https:\/\/polimedic-blanes.com\/politica-de-privacitat\/' target='_blank'>Pol\u00edtica de privacidad <\/a> \u201cSUS DATOS SEGUROS\u201d. <abbr class=\"required\" title=\"requerido\">*<\/abbr><\/label><\/p><p class=\"form_element \"><input type=\"hidden\" value=\"1\" name=\"avia_generated_form1\" \/><input type=\"submit\" value=\"Enviar\" class=\"button\"  data-sending-label=\"Enviando\"\/><\/p><\/fieldset><div class=\"avia-disabled-form\">Este formulario de contacto est\u00e1 desactivado porque rechazaste aceptar el servicio de Google reCaptcha, que es necesario para validar los mensajes enviados a trav\u00e9s del formulario.<\/div><\/form><div id=\"ajaxresponse_1\" class=\"ajaxresponse ajaxresponse_1 hidden\"><\/div><br \/>\n<section  class='av_textblock_section av-lwoqgltw-4aaabb0f1ec3de29b3cb3ebe69213aeb '   itemscope=\"itemscope\" itemtype=\"https:\/\/schema.org\/CreativeWork\" ><div class='avia_textblock'  itemprop=\"text\" ><p><small>Informaci\u00f3n b\u00e1sica sobre la protecci\u00f3n de datos: Responsable del tratamiento <strong>\u00a0<\/strong><strong>Polim\u00e8dic SL\u00a0<\/strong><br \/>\nDirecci\u00f3n del responsable: C\/ Anselm Clau, 93 \u2013 17300 BLANES (Girona)<br \/>\nFinalidad: Sus datos ser\u00e1n utilizados para poder atender sus solicitudes y prestarle nuestros servicios.<br \/>\nPublicidad: S\u00f3lo le enviaremos publicidad con su autorizaci\u00f3n previa, que podr\u00e1 facilitarnos mediante la casilla correspondiente establecida al efecto.<br \/>\nLegitimaci\u00f3n: \u00danicamente trataremos sus datos con su consentimiento previo, que podr\u00e1 facilitarnos mediante la casilla correspondiente establecida al efecto.<br \/>\nDestinatarios: Con car\u00e1cter general, s\u00f3lo el personal de nuestra entidad que est\u00e9 debidamente autorizado podr\u00e1 tener conocimiento de la informaci\u00f3n que le solicitamos.<br \/>\nDerechos: Tiene derecho a saber qu\u00e9 informaci\u00f3n tenemos sobre usted, corregirla y eliminarla, tal y como se explica en la informaci\u00f3n adicional disponible en nuestra p\u00e1gina web.<br \/>\nAsimismo, tambi\u00e9n podr\u00e1 ejercitar el derecho de portabilidad, solicitando el traspaso de su informaci\u00f3n a otra entidad.<br \/>\nM\u00e1s informaci\u00f3n en nuestra \u201c<a href=\"https:\/\/polimedic-blanes.com\/es\/politica-de-privacidad\/\">pol\u00edtica de privacidad<\/a>\u201d<\/small><\/p>\n<\/div><\/section><\/p><\/div>\n","protected":false},"excerpt":{"rendered":"","protected":false},"author":2,"featured_media":0,"parent":0,"menu_order":0,"comment_status":"closed","ping_status":"closed","template":"","meta":{"footnotes":""},"class_list":["post-1111","page","type-page","status-publish","hentry"],"aioseo_notices":[],"_links":{"self":[{"href":"https:\/\/polimedic-blanes.com\/es\/wp-json\/wp\/v2\/pages\/1111","targetHints":{"allow":["GET"]}}],"collection":[{"href":"https:\/\/polimedic-blanes.com\/es\/wp-json\/wp\/v2\/pages"}],"about":[{"href":"https:\/\/polimedic-blanes.com\/es\/wp-json\/wp\/v2\/types\/page"}],"author":[{"embeddable":true,"href":"https:\/\/polimedic-blanes.com\/es\/wp-json\/wp\/v2\/users\/2"}],"replies":[{"embeddable":true,"href":"https:\/\/polimedic-blanes.com\/es\/wp-json\/wp\/v2\/comments?post=1111"}],"version-history":[{"count":0,"href":"https:\/\/polimedic-blanes.com\/es\/wp-json\/wp\/v2\/pages\/1111\/revisions"}],"wp:attachment":[{"href":"https:\/\/polimedic-blanes.com\/es\/wp-json\/wp\/v2\/media?parent=1111"}],"curies":[{"name":"wp","href":"https:\/\/api.w.org\/{rel}","templated":true}]}}