{"id":1099,"date":"2020-12-28T14:08:10","date_gmt":"2020-12-28T14:08:10","guid":{"rendered":"https:\/\/polimedic.clonica.net\/aparell-digestiu-i-endoscopia-digestiva\/"},"modified":"2021-03-24T14:07:34","modified_gmt":"2021-03-24T14:07:34","slug":"aparato-digestivo-y-endoscopia-digestiva","status":"publish","type":"page","link":"https:\/\/polimedic-blanes.com\/es\/pruebas-diagnosticas\/aparato-digestivo-y-endoscopia-digestiva\/","title":{"rendered":"Aparato Digestivo y Endoscopia Digestiva"},"content":{"rendered":"<div id='av_section_1'  class='avia-section av-vzjlg-1049dc4b0954b28dd642427e7f95c9bb main_color avia-section-default avia-no-border-styling  avia-builder-el-0  avia-builder-el-no-sibling  avia-bg-style-scroll container_wrap fullsize'  ><div class='container av-section-cont-open' ><main  role=\"main\" itemprop=\"mainContentOfPage\"  class='template-page content  av-content-full alpha units'><div class='post-entry post-entry-type-page post-entry-1099'><div class='entry-content-wrapper clearfix'>\n\n<style type=\"text\/css\" data-created_by=\"avia_inline_auto\" id=\"style-css-av-po43g-3c9898dfde7c81320f9aa76b97a9c270\">\n.flex_column.av-po43g-3c9898dfde7c81320f9aa76b97a9c270{\nborder-radius:0px 0px 0px 0px;\npadding:0px 0px 0px 0px;\n}\n<\/style>\n<div  class='flex_column av-po43g-3c9898dfde7c81320f9aa76b97a9c270 av_one_full  avia-builder-el-1  el_before_av_one_third  avia-builder-el-first  first flex_column_div av-zero-column-padding  '     ><p>\n<style type=\"text\/css\" data-created_by=\"avia_inline_auto\" id=\"style-css-av-kl9da1d9-82ae38a95d88b08a6cdacc01ad23c91d\">\n.av_font_icon.av-kl9da1d9-82ae38a95d88b08a6cdacc01ad23c91d{\ncolor:#0f7d92;\nborder-color:#0f7d92;\n}\n.avia-svg-icon.av-kl9da1d9-82ae38a95d88b08a6cdacc01ad23c91d svg:first-child{\nstroke:#0f7d92;\nfill:#0f7d92;\n}\n.av_font_icon.av-kl9da1d9-82ae38a95d88b08a6cdacc01ad23c91d .av-icon-char{\nfont-size:50px;\nline-height:50px;\n}\n<\/style>\n<span  class='av_font_icon av-kl9da1d9-82ae38a95d88b08a6cdacc01ad23c91d avia_animate_when_visible av-icon-style- avia-icon-pos-center avia-iconfont avia-font-flaticon avia-icon-animate'><span class='av-icon-char' data-av_icon='\uf113' data-av_iconfont='flaticon' aria-hidden=\"true\" ><\/span><\/span><br \/>\n\n<style type=\"text\/css\" data-created_by=\"avia_inline_auto\" id=\"style-css-av-kl9d9l65-7b6204e0fe467c481a9423fa393fc64b\">\n#top .hr.hr-invisible.av-kl9d9l65-7b6204e0fe467c481a9423fa393fc64b{\nheight:20px;\n}\n<\/style>\n<div  class='hr av-kl9d9l65-7b6204e0fe467c481a9423fa393fc64b hr-invisible  avia-builder-el-3  el_after_av_font_icon  el_before_av_textblock '><span class='hr-inner '><span class=\"hr-inner-style\"><\/span><\/span><\/div><br \/>\n<section  class='av_textblock_section av-kj8elys1-79a87571feb4739c53aa13b108d45f61 '   itemscope=\"itemscope\" itemtype=\"https:\/\/schema.org\/CreativeWork\" ><div class='avia_textblock'  itemprop=\"text\" ><h2 style=\"text-align: center;\">Aparato Digestivo y Endoscopia Digestiva<\/h2>\n<\/div><\/section><\/p><\/div>\n<style type=\"text\/css\" data-created_by=\"avia_inline_auto\" id=\"style-css-av-jn0ic-5ceba186bbcae9212ecc8e3ebe4f8fd3\">\n.flex_column.av-jn0ic-5ceba186bbcae9212ecc8e3ebe4f8fd3{\nborder-radius:0px 0px 0px 0px;\npadding:0px 0px 0px 0px;\n}\n<\/style>\n<div  class='flex_column av-jn0ic-5ceba186bbcae9212ecc8e3ebe4f8fd3 av_one_third  avia-builder-el-5  el_after_av_one_full  el_before_av_one_third  first flex_column_div av-zero-column-padding  column-top-margin'     ><p>\n<style type=\"text\/css\" data-created_by=\"avia_inline_auto\" id=\"style-css-av-kj8fyoz1-f96404a5c4ec5aaa8ffca0a5517b7699\">\n.avia-image-container.av-kj8fyoz1-f96404a5c4ec5aaa8ffca0a5517b7699 img.avia_image{\nbox-shadow:none;\n}\n.avia-image-container.av-kj8fyoz1-f96404a5c4ec5aaa8ffca0a5517b7699 .av-image-caption-overlay-center{\ncolor:#ffffff;\n}\n<\/style>\n<div  class='avia-image-container av-kj8fyoz1-f96404a5c4ec5aaa8ffca0a5517b7699 av-styling- avia-align-center  avia-builder-el-6  el_before_av_hr  avia-builder-el-first '   itemprop=\"image\" itemscope=\"itemscope\" itemtype=\"https:\/\/schema.org\/ImageObject\" ><div class=\"avia-image-container-inner\"><div class=\"avia-image-overlay-wrap\"><img decoding=\"async\" fetchpriority=\"high\" class='wp-image-479 avia-img-lazy-loading-not-479 avia_image ' src=\"https:\/\/polimedic-blanes.com\/wp-content\/uploads\/2020\/12\/pruebas-diagnosticas-aparato-digestivo-endoscopia-300x200.jpg\" alt='' title=''  height=\"200\" width=\"300\"  itemprop=\"thumbnailUrl\" srcset=\"https:\/\/polimedic-blanes.com\/wp-content\/uploads\/2020\/12\/pruebas-diagnosticas-aparato-digestivo-endoscopia-300x200.jpg 300w, https:\/\/polimedic-blanes.com\/wp-content\/uploads\/2020\/12\/pruebas-diagnosticas-aparato-digestivo-endoscopia-768x512.jpg 768w, https:\/\/polimedic-blanes.com\/wp-content\/uploads\/2020\/12\/pruebas-diagnosticas-aparato-digestivo-endoscopia-705x470.jpg 705w, https:\/\/polimedic-blanes.com\/wp-content\/uploads\/2020\/12\/pruebas-diagnosticas-aparato-digestivo-endoscopia-240x160.jpg 240w, https:\/\/polimedic-blanes.com\/wp-content\/uploads\/2020\/12\/pruebas-diagnosticas-aparato-digestivo-endoscopia.jpg 900w\" sizes=\"(max-width: 300px) 100vw, 300px\" \/><\/div><\/div><\/div><br \/>\n\n<style type=\"text\/css\" data-created_by=\"avia_inline_auto\" id=\"style-css-av-kj8fzpix-9f86561db1a52836b4b5bcca0870e125\">\n#top .hr.hr-invisible.av-kj8fzpix-9f86561db1a52836b4b5bcca0870e125{\nheight:20px;\n}\n<\/style>\n<div  class='hr av-kj8fzpix-9f86561db1a52836b4b5bcca0870e125 hr-invisible  avia-builder-el-7  el_after_av_image  el_before_av_textblock '><span class='hr-inner '><span class=\"hr-inner-style\"><\/span><\/span><\/div><br \/>\n<section  class='av_textblock_section av-kj8fy4pm-ca17c44e2d69c2293bf57a61dae78135 '   itemscope=\"itemscope\" itemtype=\"https:\/\/schema.org\/CreativeWork\" ><div class='avia_textblock'  itemprop=\"text\" ><h4 style=\"text-align: center;\">Gastroscopia Diagn\u00f3stica o Terapeutica<\/h4>\n<p style=\"text-align: center;\">La endoscopia es un procedimiento m\u00e9dico que se realiza bajo sedaci\u00f3n y utiliza un sistema \u00f3ptico (endoscopio) para poder ver en el interior del tubo digestivo. Se denomina gastroscopia cuando se estudia el tubo digestivo superior (es\u00f3fago, est\u00f3mago e intestino delgado).<\/p>\n<p style=\"text-align: center;\"><strong>\u00bfQu\u00e9 preparaci\u00f3n se necesita?<\/strong><\/p>\n<p style=\"text-align: center;\">Deber\u00e1 estar en ayunas desde 6 horas antes de la exploraci\u00f3n, incluyendo agua.<br \/>\nEn el caso de que est\u00e9 tomando tratamiento, debe de preguntar al m\u00e9dico si debe tomarlo o interrumpirlo.<br \/>\nSiempre se debe de informar al m\u00e9dico de si se padecen alergias o intolerancias a medicamentos.<br \/>\nEl paciente al que se le va a realizar la prueba debe comunicar al personal m\u00e9dico que se la va a hacer si es portador de una pr\u00f3tesis valvular card\u00edaca, si est\u00e1 tomando anticoagulantes (aspirina u otros f\u00e1rmacos), si padece alg\u00fan problema card\u00edaco o respiratorio importante o alguna enfermedad infecciosa del tipo de la hepatitis, etc.<br \/>\nPara la realizaci\u00f3n de la prueba debe venir acompa\u00f1ado de un adulto.<\/p>\n<\/div><\/section><\/p><\/div>\n<style type=\"text\/css\" data-created_by=\"avia_inline_auto\" id=\"style-css-av-h5gqs-78db32b6d5b5e7fe8295b473471ff8d0\">\n.flex_column.av-h5gqs-78db32b6d5b5e7fe8295b473471ff8d0{\nborder-radius:0px 0px 0px 0px;\npadding:0px 0px 0px 0px;\n}\n<\/style>\n<div  class='flex_column av-h5gqs-78db32b6d5b5e7fe8295b473471ff8d0 av_one_third  avia-builder-el-9  el_after_av_one_third  el_before_av_one_third  flex_column_div av-zero-column-padding  column-top-margin'     ><p>\n<style type=\"text\/css\" data-created_by=\"avia_inline_auto\" id=\"style-css-av-kj8fyoz1-23b79584aecbbef462aa5dbacd7d8b94\">\n.avia-image-container.av-kj8fyoz1-23b79584aecbbef462aa5dbacd7d8b94 img.avia_image{\nbox-shadow:none;\n}\n.avia-image-container.av-kj8fyoz1-23b79584aecbbef462aa5dbacd7d8b94 .av-image-caption-overlay-center{\ncolor:#ffffff;\n}\n<\/style>\n<div  class='avia-image-container av-kj8fyoz1-23b79584aecbbef462aa5dbacd7d8b94 av-styling- avia-align-center  avia-builder-el-10  el_before_av_hr  avia-builder-el-first '   itemprop=\"image\" itemscope=\"itemscope\" itemtype=\"https:\/\/schema.org\/ImageObject\" ><div class=\"avia-image-container-inner\"><div class=\"avia-image-overlay-wrap\"><img decoding=\"async\" fetchpriority=\"high\" class='wp-image-481 avia-img-lazy-loading-not-481 avia_image ' src=\"https:\/\/polimedic-blanes.com\/wp-content\/uploads\/2020\/12\/pruebas-diagnosticas-aparato-digestivo-colonoscopia-300x200.jpg\" alt='' title=''  height=\"200\" width=\"300\"  itemprop=\"thumbnailUrl\" srcset=\"https:\/\/polimedic-blanes.com\/wp-content\/uploads\/2020\/12\/pruebas-diagnosticas-aparato-digestivo-colonoscopia-300x200.jpg 300w, https:\/\/polimedic-blanes.com\/wp-content\/uploads\/2020\/12\/pruebas-diagnosticas-aparato-digestivo-colonoscopia-768x512.jpg 768w, https:\/\/polimedic-blanes.com\/wp-content\/uploads\/2020\/12\/pruebas-diagnosticas-aparato-digestivo-colonoscopia-705x470.jpg 705w, https:\/\/polimedic-blanes.com\/wp-content\/uploads\/2020\/12\/pruebas-diagnosticas-aparato-digestivo-colonoscopia-240x160.jpg 240w, https:\/\/polimedic-blanes.com\/wp-content\/uploads\/2020\/12\/pruebas-diagnosticas-aparato-digestivo-colonoscopia.jpg 900w\" sizes=\"(max-width: 300px) 100vw, 300px\" \/><\/div><\/div><\/div><br \/>\n\n<style type=\"text\/css\" data-created_by=\"avia_inline_auto\" id=\"style-css-av-kj8fzpix-9f86561db1a52836b4b5bcca0870e125\">\n#top .hr.hr-invisible.av-kj8fzpix-9f86561db1a52836b4b5bcca0870e125{\nheight:20px;\n}\n<\/style>\n<div  class='hr av-kj8fzpix-9f86561db1a52836b4b5bcca0870e125 hr-invisible  avia-builder-el-11  el_after_av_image  el_before_av_textblock '><span class='hr-inner '><span class=\"hr-inner-style\"><\/span><\/span><\/div><br \/>\n<section  class='av_textblock_section av-kj8fy4pm-ca17c44e2d69c2293bf57a61dae78135 '   itemscope=\"itemscope\" itemtype=\"https:\/\/schema.org\/CreativeWork\" ><div class='avia_textblock'  itemprop=\"text\" ><h4 style=\"text-align: center;\">Colonoscopia Diagn\u00f3stica o Terapeutica<\/h4>\n<p style=\"text-align: center;\">La colonoscopia es el procedimiento m\u00e9dico con el que se estudia el tubo digestivo inferior: colon (desde el recto hasta el fondo de saco cecal con la posibilidad, si est\u00e1 indicado, de introducirlo en el \u00edleon terminal).<\/p>\n<p style=\"text-align: center;\"><strong>\u00bfQu\u00e9 preparaci\u00f3n se necesita?<\/strong><\/p>\n<p style=\"text-align: center;\">Deber\u00e1 estar en ayunas desde 6 horas antes de la exploraci\u00f3n, incluyendo agua.<br \/>\nEn el caso de que est\u00e9 tomando tratamiento, debe de preguntar al m\u00e9dico si debe tomarlo o interrumpirlo.<br \/>\nSiempre se debe de informar al m\u00e9dico de si se padecen alergias o intolerancias a medicamentos.<br \/>\nEl paciente al que se le va a realizar la prueba debe comunicar al personal m\u00e9dico que la va a hacer si es portador de una pr\u00f3tesis valvular card\u00edaca, si est\u00e1 tomando anticoagulantes (aspirina u otros f\u00e1rmacos), si padece alg\u00fan problema card\u00edaco o respiratorio importante o alguna enfermedad infecciosa del tipo de la hepatitis, etc.<br \/>\nPara una correcta preparaci\u00f3n de la prueba es conveniente que el colon est\u00e9 limpio y sin restos fecales.<\/p>\n<p style=\"text-align: center;\"><strong>Preparaci\u00f3n pruebas<\/strong><\/p>\n<p style=\"text-align: center;\">Unos d\u00edas anteriores a la prueba deber\u00e1 iniciar una preparaci\u00f3n espec\u00edfica que variar\u00e1 seg\u00fan sus antecedentes y la hora en que se realice la prueba (ma\u00f1ana o tarde) con el objetivo de limpiar completamente el colon. Los detalles de esta preparaci\u00f3n se los explicar\u00e1 detalladamente la secretaria en el momento de darle cita para realizar la prueba.<br \/>\nPara la realizaci\u00f3n de la prueba debe venir acompa\u00f1ado por un adulto.<\/p>\n<\/div><\/section><\/p><\/div>\n<style type=\"text\/css\" data-created_by=\"avia_inline_auto\" id=\"style-css-av-b8ke4-8e230fb2b41ef42a513482d810a6076f\">\n.flex_column.av-b8ke4-8e230fb2b41ef42a513482d810a6076f{\nborder-radius:0px 0px 0px 0px;\npadding:0px 0px 0px 0px;\n}\n<\/style>\n<div  class='flex_column av-b8ke4-8e230fb2b41ef42a513482d810a6076f av_one_third  avia-builder-el-13  el_after_av_one_third  avia-builder-el-last  flex_column_div av-zero-column-padding  column-top-margin'     ><p>\n<style type=\"text\/css\" data-created_by=\"avia_inline_auto\" id=\"style-css-av-kj8fyoz1-426408acfcd4c0a4b3884ed37621a3ac\">\n.avia-image-container.av-kj8fyoz1-426408acfcd4c0a4b3884ed37621a3ac img.avia_image{\nbox-shadow:none;\n}\n.avia-image-container.av-kj8fyoz1-426408acfcd4c0a4b3884ed37621a3ac .av-image-caption-overlay-center{\ncolor:#ffffff;\n}\n<\/style>\n<div  class='avia-image-container av-kj8fyoz1-426408acfcd4c0a4b3884ed37621a3ac av-styling- avia-align-center  avia-builder-el-14  el_before_av_hr  avia-builder-el-first '   itemprop=\"image\" itemscope=\"itemscope\" itemtype=\"https:\/\/schema.org\/ImageObject\" ><div class=\"avia-image-container-inner\"><div class=\"avia-image-overlay-wrap\"><img decoding=\"async\" fetchpriority=\"high\" class='wp-image-463 avia-img-lazy-loading-not-463 avia_image ' src=\"https:\/\/polimedic-blanes.com\/wp-content\/uploads\/2020\/12\/pruebas-diagnosticas-alergiologia-test-provocacion-alimentos-300x200.jpg\" alt='' title=''  height=\"200\" width=\"300\"  itemprop=\"thumbnailUrl\" srcset=\"https:\/\/polimedic-blanes.com\/wp-content\/uploads\/2020\/12\/pruebas-diagnosticas-alergiologia-test-provocacion-alimentos-300x200.jpg 300w, https:\/\/polimedic-blanes.com\/wp-content\/uploads\/2020\/12\/pruebas-diagnosticas-alergiologia-test-provocacion-alimentos-768x512.jpg 768w, https:\/\/polimedic-blanes.com\/wp-content\/uploads\/2020\/12\/pruebas-diagnosticas-alergiologia-test-provocacion-alimentos-705x470.jpg 705w, https:\/\/polimedic-blanes.com\/wp-content\/uploads\/2020\/12\/pruebas-diagnosticas-alergiologia-test-provocacion-alimentos-240x160.jpg 240w, https:\/\/polimedic-blanes.com\/wp-content\/uploads\/2020\/12\/pruebas-diagnosticas-alergiologia-test-provocacion-alimentos.jpg 900w\" sizes=\"(max-width: 300px) 100vw, 300px\" \/><\/div><\/div><\/div><br \/>\n\n<style type=\"text\/css\" data-created_by=\"avia_inline_auto\" id=\"style-css-av-kj8fzpix-9f86561db1a52836b4b5bcca0870e125\">\n#top .hr.hr-invisible.av-kj8fzpix-9f86561db1a52836b4b5bcca0870e125{\nheight:20px;\n}\n<\/style>\n<div  class='hr av-kj8fzpix-9f86561db1a52836b4b5bcca0870e125 hr-invisible  avia-builder-el-15  el_after_av_image  el_before_av_textblock '><span class='hr-inner '><span class=\"hr-inner-style\"><\/span><\/span><\/div><br \/>\n<section  class='av_textblock_section av-kj8fy4pm-ca17c44e2d69c2293bf57a61dae78135 '   itemscope=\"itemscope\" itemtype=\"https:\/\/schema.org\/CreativeWork\" ><div class='avia_textblock'  itemprop=\"text\" ><h4 style=\"text-align: center;\">Polipectom\u00eda Endosc\u00f3pica<\/h4>\n<p style=\"text-align: center;\">Consiste en la extirpaci\u00f3n por v\u00eda endosc\u00f3pica de p\u00f3lipos pediculados o s\u00e9siles, con la ayuda de corriente el\u00e9ctrica y utilizando, generalmente, un asa de polipectom\u00eda.<\/p>\n<\/div><\/section><\/p><\/div>\n","protected":false},"excerpt":{"rendered":"","protected":false},"author":2,"featured_media":0,"parent":1107,"menu_order":0,"comment_status":"closed","ping_status":"closed","template":"","meta":{"footnotes":""},"class_list":["post-1099","page","type-page","status-publish","hentry"],"aioseo_notices":[],"_links":{"self":[{"href":"https:\/\/polimedic-blanes.com\/es\/wp-json\/wp\/v2\/pages\/1099","targetHints":{"allow":["GET"]}}],"collection":[{"href":"https:\/\/polimedic-blanes.com\/es\/wp-json\/wp\/v2\/pages"}],"about":[{"href":"https:\/\/polimedic-blanes.com\/es\/wp-json\/wp\/v2\/types\/page"}],"author":[{"embeddable":true,"href":"https:\/\/polimedic-blanes.com\/es\/wp-json\/wp\/v2\/users\/2"}],"replies":[{"embeddable":true,"href":"https:\/\/polimedic-blanes.com\/es\/wp-json\/wp\/v2\/comments?post=1099"}],"version-history":[{"count":0,"href":"https:\/\/polimedic-blanes.com\/es\/wp-json\/wp\/v2\/pages\/1099\/revisions"}],"up":[{"embeddable":true,"href":"https:\/\/polimedic-blanes.com\/es\/wp-json\/wp\/v2\/pages\/1107"}],"wp:attachment":[{"href":"https:\/\/polimedic-blanes.com\/es\/wp-json\/wp\/v2\/media?parent=1099"}],"curies":[{"name":"wp","href":"https:\/\/api.w.org\/{rel}","templated":true}]}}