{"id":1098,"date":"2021-01-11T09:44:53","date_gmt":"2021-01-11T09:44:53","guid":{"rendered":"https:\/\/polimedic.clonica.net\/cardiologia\/"},"modified":"2021-03-24T14:32:33","modified_gmt":"2021-03-24T14:32:33","slug":"cardiologia","status":"publish","type":"page","link":"https:\/\/polimedic-blanes.com\/es\/pruebas-diagnosticas\/cardiologia\/","title":{"rendered":"Cardiolog\u00eda"},"content":{"rendered":"<div id='av_section_1'  class='avia-section av-vzjlg-1049dc4b0954b28dd642427e7f95c9bb main_color avia-section-default avia-no-border-styling  avia-builder-el-0  avia-builder-el-no-sibling  avia-bg-style-scroll container_wrap fullsize'  ><div class='container av-section-cont-open' ><main  role=\"main\" itemprop=\"mainContentOfPage\"  class='template-page content  av-content-full alpha units'><div class='post-entry post-entry-type-page post-entry-1098'><div class='entry-content-wrapper clearfix'>\n\n<style type=\"text\/css\" data-created_by=\"avia_inline_auto\" id=\"style-css-av-po43g-3c9898dfde7c81320f9aa76b97a9c270\">\n.flex_column.av-po43g-3c9898dfde7c81320f9aa76b97a9c270{\nborder-radius:0px 0px 0px 0px;\npadding:0px 0px 0px 0px;\n}\n<\/style>\n<div  class='flex_column av-po43g-3c9898dfde7c81320f9aa76b97a9c270 av_one_full  avia-builder-el-1  el_before_av_one_third  avia-builder-el-first  first flex_column_div av-zero-column-padding  '     ><p>\n<style type=\"text\/css\" data-created_by=\"avia_inline_auto\" id=\"style-css-av-kl9dcdak-7bee7485452903e17e3278bd1486a35d\">\n.av_font_icon.av-kl9dcdak-7bee7485452903e17e3278bd1486a35d{\ncolor:#0f7d92;\nborder-color:#0f7d92;\n}\n.avia-svg-icon.av-kl9dcdak-7bee7485452903e17e3278bd1486a35d svg:first-child{\nstroke:#0f7d92;\nfill:#0f7d92;\n}\n.av_font_icon.av-kl9dcdak-7bee7485452903e17e3278bd1486a35d .av-icon-char{\nfont-size:50px;\nline-height:50px;\n}\n<\/style>\n<span  class='av_font_icon av-kl9dcdak-7bee7485452903e17e3278bd1486a35d avia_animate_when_visible av-icon-style- avia-icon-pos-center avia-iconfont avia-font-flaticon avia-icon-animate'><span class='av-icon-char' data-av_icon='\uf105' data-av_iconfont='flaticon' aria-hidden=\"true\" ><\/span><\/span><br \/>\n\n<style type=\"text\/css\" data-created_by=\"avia_inline_auto\" id=\"style-css-av-kl9dbtak-8af10cf3ade81cb75292e69417667bf3\">\n#top .hr.hr-invisible.av-kl9dbtak-8af10cf3ade81cb75292e69417667bf3{\nheight:20px;\n}\n<\/style>\n<div  class='hr av-kl9dbtak-8af10cf3ade81cb75292e69417667bf3 hr-invisible  avia-builder-el-3  el_after_av_font_icon  el_before_av_textblock '><span class='hr-inner '><span class=\"hr-inner-style\"><\/span><\/span><\/div><br \/>\n<section  class='av_textblock_section av-kj8elys1-79a87571feb4739c53aa13b108d45f61 '   itemscope=\"itemscope\" itemtype=\"https:\/\/schema.org\/CreativeWork\" ><div class='avia_textblock'  itemprop=\"text\" ><h2 style=\"text-align: center;\">Cardiolog\u00eda<\/h2>\n<\/div><\/section><\/p><\/div>\n<style type=\"text\/css\" data-created_by=\"avia_inline_auto\" id=\"style-css-av-jn0ic-5ceba186bbcae9212ecc8e3ebe4f8fd3\">\n.flex_column.av-jn0ic-5ceba186bbcae9212ecc8e3ebe4f8fd3{\nborder-radius:0px 0px 0px 0px;\npadding:0px 0px 0px 0px;\n}\n<\/style>\n<div  class='flex_column av-jn0ic-5ceba186bbcae9212ecc8e3ebe4f8fd3 av_one_third  avia-builder-el-5  el_after_av_one_full  el_before_av_one_third  first flex_column_div av-zero-column-padding  column-top-margin'     ><p>\n<style type=\"text\/css\" data-created_by=\"avia_inline_auto\" id=\"style-css-av-kj8fyoz1-e3e064b9b988be1b975c7b35263a6a1a\">\n.avia-image-container.av-kj8fyoz1-e3e064b9b988be1b975c7b35263a6a1a img.avia_image{\nbox-shadow:none;\n}\n.avia-image-container.av-kj8fyoz1-e3e064b9b988be1b975c7b35263a6a1a .av-image-caption-overlay-center{\ncolor:#ffffff;\n}\n<\/style>\n<div  class='avia-image-container av-kj8fyoz1-e3e064b9b988be1b975c7b35263a6a1a av-styling- avia-align-center  avia-builder-el-6  el_before_av_hr  avia-builder-el-first '   itemprop=\"image\" itemscope=\"itemscope\" itemtype=\"https:\/\/schema.org\/ImageObject\" ><div class=\"avia-image-container-inner\"><div class=\"avia-image-overlay-wrap\"><img decoding=\"async\" fetchpriority=\"high\" class='wp-image-487 avia-img-lazy-loading-not-487 avia_image ' src=\"https:\/\/polimedic-blanes.com\/wp-content\/uploads\/2020\/12\/pruebas-diagnosticas-cardiologia-ecocardiograma-doppler-color-300x200.jpg\" alt='' title=''  height=\"200\" width=\"300\"  itemprop=\"thumbnailUrl\" srcset=\"https:\/\/polimedic-blanes.com\/wp-content\/uploads\/2020\/12\/pruebas-diagnosticas-cardiologia-ecocardiograma-doppler-color-300x200.jpg 300w, https:\/\/polimedic-blanes.com\/wp-content\/uploads\/2020\/12\/pruebas-diagnosticas-cardiologia-ecocardiograma-doppler-color-768x512.jpg 768w, https:\/\/polimedic-blanes.com\/wp-content\/uploads\/2020\/12\/pruebas-diagnosticas-cardiologia-ecocardiograma-doppler-color-705x470.jpg 705w, https:\/\/polimedic-blanes.com\/wp-content\/uploads\/2020\/12\/pruebas-diagnosticas-cardiologia-ecocardiograma-doppler-color-240x160.jpg 240w, https:\/\/polimedic-blanes.com\/wp-content\/uploads\/2020\/12\/pruebas-diagnosticas-cardiologia-ecocardiograma-doppler-color.jpg 900w\" sizes=\"(max-width: 300px) 100vw, 300px\" \/><\/div><\/div><\/div><br \/>\n\n<style type=\"text\/css\" data-created_by=\"avia_inline_auto\" id=\"style-css-av-kj8fzpix-9f86561db1a52836b4b5bcca0870e125\">\n#top .hr.hr-invisible.av-kj8fzpix-9f86561db1a52836b4b5bcca0870e125{\nheight:20px;\n}\n<\/style>\n<div  class='hr av-kj8fzpix-9f86561db1a52836b4b5bcca0870e125 hr-invisible  avia-builder-el-7  el_after_av_image  el_before_av_textblock '><span class='hr-inner '><span class=\"hr-inner-style\"><\/span><\/span><\/div><br \/>\n<section  class='av_textblock_section av-kj8fy4pm-ca17c44e2d69c2293bf57a61dae78135 '   itemscope=\"itemscope\" itemtype=\"https:\/\/schema.org\/CreativeWork\" ><div class='avia_textblock'  itemprop=\"text\" ><h4 style=\"text-align: center;\">Ecocardiograma Doppler Color<\/h4>\n<p style=\"text-align: center;\">La ecocardiograf\u00eda es un procedimiento de diagn\u00f3stico que emplea el ultrasonido para crear im\u00e1genes de alta calidad bidimensionales o tridimensionales de la anatom\u00eda del coraz\u00f3n adem\u00e1s de la actividad card\u00edaca y sus flujos que pasan a trav\u00e9s de las arterias y venas, y que permite conocer su cantidad, velocidad y consistencia en un momento concreto.<br \/>\nUn peque\u00f1o instrumento muy similar a un \u00abmicr\u00f3fono\u00bb llamado transductor emite ondas de ultrasonidos. Estas ondas sonoras de alta frecuencia se transmiten hacia el \u00e1rea del cuerpo bajo estudio, y se recibe su eco. El transductor recoge el eco de las ondas sonoras y una computadora convierte este eco en una imagen que aparece en la pantalla. La ecograf\u00eda es un procedimiento sencillo y no invasivo en el que se usan vibraciones mec\u00e1nicas con frecuencia de oscilaci\u00f3n en el rango del ultrasonido.<br \/>\nLa finalidad de esta prueba consiste en ver con precisi\u00f3n la circulaci\u00f3n de la sangre por las c\u00e1maras card\u00edacas y cuantificar las alteraciones que se detecten.<br \/>\n\u2022 La valoraci\u00f3n de la fuerza de contracci\u00f3n del m\u00fasculo card\u00edaco (la funci\u00f3n ventricular). La alteraci\u00f3n de esta funci\u00f3n provoca insuficiencia card\u00edaca, y s\u00edntomas de dificultad respiratoria, hinchaz\u00f3n y fatiga.<br \/>\n\u2022 El estudio de las v\u00e1lvulas y sus enfermedades.<br \/>\n\u2022 Obtener informaci\u00f3n indirecta acerca del estado de las arterias del coraz\u00f3n.<br \/>\n\u2022 Conocer el impacto de otras enfermedades sobre el coraz\u00f3n, como la hipertensi\u00f3n arterial, las enfermedades pulmonares o la diabetes.<br \/>\n\u2022 Algunas enfermedades, como el infarto de miocardio, las arritmias card\u00edacas o la insuficiencia card\u00edaca, pueden causar alteraciones en el funcionamiento del coraz\u00f3n que se detectan mediante esta prueba.<\/p>\n<\/div><\/section><\/p><\/div>\n<style type=\"text\/css\" data-created_by=\"avia_inline_auto\" id=\"style-css-av-h5gqs-78db32b6d5b5e7fe8295b473471ff8d0\">\n.flex_column.av-h5gqs-78db32b6d5b5e7fe8295b473471ff8d0{\nborder-radius:0px 0px 0px 0px;\npadding:0px 0px 0px 0px;\n}\n<\/style>\n<div  class='flex_column av-h5gqs-78db32b6d5b5e7fe8295b473471ff8d0 av_one_third  avia-builder-el-9  el_after_av_one_third  el_before_av_one_third  flex_column_div av-zero-column-padding  column-top-margin'     ><p>\n<style type=\"text\/css\" data-created_by=\"avia_inline_auto\" id=\"style-css-av-kj8fyoz1-dc19c924f99a2d8b7bd14abe26349ff5\">\n.avia-image-container.av-kj8fyoz1-dc19c924f99a2d8b7bd14abe26349ff5 img.avia_image{\nbox-shadow:none;\n}\n.avia-image-container.av-kj8fyoz1-dc19c924f99a2d8b7bd14abe26349ff5 .av-image-caption-overlay-center{\ncolor:#ffffff;\n}\n<\/style>\n<div  class='avia-image-container av-kj8fyoz1-dc19c924f99a2d8b7bd14abe26349ff5 av-styling- avia-align-center  avia-builder-el-10  el_before_av_hr  avia-builder-el-first '   itemprop=\"image\" itemscope=\"itemscope\" itemtype=\"https:\/\/schema.org\/ImageObject\" ><div class=\"avia-image-container-inner\"><div class=\"avia-image-overlay-wrap\"><img decoding=\"async\" fetchpriority=\"high\" class='wp-image-489 avia-img-lazy-loading-not-489 avia_image ' src=\"https:\/\/polimedic-blanes.com\/wp-content\/uploads\/2020\/12\/pruebas-diagnosticas-cardiologia-electrocardiograma-300x200.jpg\" alt='' title=''  height=\"200\" width=\"300\"  itemprop=\"thumbnailUrl\" srcset=\"https:\/\/polimedic-blanes.com\/wp-content\/uploads\/2020\/12\/pruebas-diagnosticas-cardiologia-electrocardiograma-300x200.jpg 300w, https:\/\/polimedic-blanes.com\/wp-content\/uploads\/2020\/12\/pruebas-diagnosticas-cardiologia-electrocardiograma-768x512.jpg 768w, https:\/\/polimedic-blanes.com\/wp-content\/uploads\/2020\/12\/pruebas-diagnosticas-cardiologia-electrocardiograma-705x470.jpg 705w, https:\/\/polimedic-blanes.com\/wp-content\/uploads\/2020\/12\/pruebas-diagnosticas-cardiologia-electrocardiograma-240x160.jpg 240w, https:\/\/polimedic-blanes.com\/wp-content\/uploads\/2020\/12\/pruebas-diagnosticas-cardiologia-electrocardiograma.jpg 900w\" sizes=\"(max-width: 300px) 100vw, 300px\" \/><\/div><\/div><\/div><br \/>\n\n<style type=\"text\/css\" data-created_by=\"avia_inline_auto\" id=\"style-css-av-kj8fzpix-9f86561db1a52836b4b5bcca0870e125\">\n#top .hr.hr-invisible.av-kj8fzpix-9f86561db1a52836b4b5bcca0870e125{\nheight:20px;\n}\n<\/style>\n<div  class='hr av-kj8fzpix-9f86561db1a52836b4b5bcca0870e125 hr-invisible  avia-builder-el-11  el_after_av_image  el_before_av_textblock '><span class='hr-inner '><span class=\"hr-inner-style\"><\/span><\/span><\/div><br \/>\n<section  class='av_textblock_section av-kj8fy4pm-ca17c44e2d69c2293bf57a61dae78135 '   itemscope=\"itemscope\" itemtype=\"https:\/\/schema.org\/CreativeWork\" ><div class='avia_textblock'  itemprop=\"text\" ><h4 style=\"text-align: center;\">ECG (Electrocardiograma)<\/h4>\n<p style=\"text-align: center;\">Es una prueba sencilla y muy \u00fatil para el diagn\u00f3stico de varias afecciones.<\/p>\n<p style=\"text-align: center;\">El\u00a0electrocardiograma\u00a0es una prueba que registra la actividad el\u00e9ctrica del coraz\u00f3n que se produce en cada latido cardiaco. Esta actividad el\u00e9ctrica se registra desde la superficie corporal del paciente y se dibuja en un papel mediante una representaci\u00f3n gr\u00e1fica o trazado, donde se observan diferentes ondas que representan los est\u00edmulos el\u00e9ctricos de las aur\u00edculas y los ventr\u00edculos.<\/p>\n<p style=\"text-align: center;\">Para la recogida de la actividad el\u00e9ctrica por el electrocardi\u00f3grafo, se colocan sobre la piel del paciente una serie de electrodos, que ir\u00e1n unidos hasta el electrocardi\u00f3grafo por unos cables. Con 10 electrodos se consiguen obtener 12 derivaciones, es decir, se dibujan en el papel 12 trazados de los impulsos el\u00e9ctricos del coraz\u00f3n desde diferentes puntos del cuerpo. Se pueden obtener derivaciones extra si se a\u00f1aden m\u00e1s electrodos a la superficie corporal, pero el electrocardiograma b\u00e1sico debe constar como m\u00ednimo de 12 derivaciones. El electrocardiograma de una persona sana presenta un trazado particular; cuando aparecen cambios en ese trazado el m\u00e9dico puede determinar si existe un problema.<\/p>\n<p style=\"text-align: center;\"><strong>\u00bfQu\u00e9 finalidad tiene?<\/strong><\/p>\n<p style=\"text-align: center;\">Se usa para medir el\u00a0ritmo\u00a0y la\u00a0regularidad de los latidos, el\u00a0tama\u00f1o y posici\u00f3n de las aur\u00edculas y ventr\u00edculos, cualquier da\u00f1o al coraz\u00f3n y los efectos que sobre \u00e9l pueden tener ciertos f\u00e1rmacos o dispositivos implantados en el coraz\u00f3n (como marcapasos). Las alteraciones en el trazado son imprescindibles para la detecci\u00f3n y an\u00e1lisis de las\u00a0arritmias\u00a0cardiacas. Tambi\u00e9n resulta muy \u00fatil en los episodios agudos de enfermedad coronaria, como el\u00a0infarto de miocardio.<\/p>\n<\/div><\/section><\/p><\/div>\n<style type=\"text\/css\" data-created_by=\"avia_inline_auto\" id=\"style-css-av-b8ke4-8e230fb2b41ef42a513482d810a6076f\">\n.flex_column.av-b8ke4-8e230fb2b41ef42a513482d810a6076f{\nborder-radius:0px 0px 0px 0px;\npadding:0px 0px 0px 0px;\n}\n<\/style>\n<div  class='flex_column av-b8ke4-8e230fb2b41ef42a513482d810a6076f av_one_third  avia-builder-el-13  el_after_av_one_third  el_before_av_one_third  flex_column_div av-zero-column-padding  column-top-margin'     ><p>\n<style type=\"text\/css\" data-created_by=\"avia_inline_auto\" id=\"style-css-av-kj8fyoz1-cf463df7fd0447ac33e364fded0febab\">\n.avia-image-container.av-kj8fyoz1-cf463df7fd0447ac33e364fded0febab img.avia_image{\nbox-shadow:none;\n}\n.avia-image-container.av-kj8fyoz1-cf463df7fd0447ac33e364fded0febab .av-image-caption-overlay-center{\ncolor:#ffffff;\n}\n<\/style>\n<div  class='avia-image-container av-kj8fyoz1-cf463df7fd0447ac33e364fded0febab av-styling- avia-align-center  avia-builder-el-14  el_before_av_hr  avia-builder-el-first '   itemprop=\"image\" itemscope=\"itemscope\" itemtype=\"https:\/\/schema.org\/ImageObject\" ><div class=\"avia-image-container-inner\"><div class=\"avia-image-overlay-wrap\"><img decoding=\"async\" fetchpriority=\"high\" class='wp-image-492 avia-img-lazy-loading-not-492 avia_image ' src=\"https:\/\/polimedic-blanes.com\/wp-content\/uploads\/2021\/01\/pruebas-diagnosticas-cardiologia-ecocardiograma-holter-ecg-1-300x200.jpg\" alt='' title=''  height=\"200\" width=\"300\"  itemprop=\"thumbnailUrl\" srcset=\"https:\/\/polimedic-blanes.com\/wp-content\/uploads\/2021\/01\/pruebas-diagnosticas-cardiologia-ecocardiograma-holter-ecg-1-300x200.jpg 300w, https:\/\/polimedic-blanes.com\/wp-content\/uploads\/2021\/01\/pruebas-diagnosticas-cardiologia-ecocardiograma-holter-ecg-1-768x512.jpg 768w, https:\/\/polimedic-blanes.com\/wp-content\/uploads\/2021\/01\/pruebas-diagnosticas-cardiologia-ecocardiograma-holter-ecg-1-705x470.jpg 705w, https:\/\/polimedic-blanes.com\/wp-content\/uploads\/2021\/01\/pruebas-diagnosticas-cardiologia-ecocardiograma-holter-ecg-1-240x160.jpg 240w, https:\/\/polimedic-blanes.com\/wp-content\/uploads\/2021\/01\/pruebas-diagnosticas-cardiologia-ecocardiograma-holter-ecg-1.jpg 900w\" sizes=\"(max-width: 300px) 100vw, 300px\" \/><\/div><\/div><\/div><br \/>\n\n<style type=\"text\/css\" data-created_by=\"avia_inline_auto\" id=\"style-css-av-kj8fzpix-9f86561db1a52836b4b5bcca0870e125\">\n#top .hr.hr-invisible.av-kj8fzpix-9f86561db1a52836b4b5bcca0870e125{\nheight:20px;\n}\n<\/style>\n<div  class='hr av-kj8fzpix-9f86561db1a52836b4b5bcca0870e125 hr-invisible  avia-builder-el-15  el_after_av_image  el_before_av_textblock '><span class='hr-inner '><span class=\"hr-inner-style\"><\/span><\/span><\/div><br \/>\n<section  class='av_textblock_section av-kj8fy4pm-ca17c44e2d69c2293bf57a61dae78135 '   itemscope=\"itemscope\" itemtype=\"https:\/\/schema.org\/CreativeWork\" ><div class='avia_textblock'  itemprop=\"text\" ><h4 style=\"text-align: center;\">Holter ECG<\/h4>\n<div class=\"contenido\" style=\"text-align: center;\">\n<p>Es un dispositivo electr\u00f3nico que registra y almacena el electrocardiograma del paciente durante al menos 24 horas.<\/p>\n<p><strong>\u00bfPara qu\u00e9 se utiliza?<\/strong><\/p>\n<p>Suele emplearse en pacientes con sospecha de arritmia cardiaca o para diagnosticar una isquemia (falta de riego sangu\u00edneo) del m\u00fasculo cardiaco.<\/p>\n<p><strong>\u00bfC\u00f3mo\u00a0se realiza el Holter?<\/strong><\/p>\n<p>Al paciente se le colocan en el t\u00f3rax varios electrodos conectados a un\u00a0Holter\u00a0del tama\u00f1o de un tel\u00e9fono m\u00f3vil, que funciona con bater\u00edas o pilas y que va sujetado con una banda sobre el hombro o la cintura. Normalmente se debe llevar durante 24-48 horas para registrar la actividad el\u00e9ctrica del coraz\u00f3n. Una vez transcurrido este tiempo, el dispositivo se conecta a un ordenador donde se descargan todos los datos recogidos, se procesan y se obtiene informaci\u00f3n muy \u00fatil sobre la frecuencia cardiaca y las posibles alteraciones del ritmo (arritmias).<\/p>\n<p>Durante el tiempo que lleve el Holter el paciente deber\u00e1 realizar su actividad cotidiana diaria sin limitaciones. El paciente recibir\u00e1 una hoja con sus datos y la hora de inicio de la grabaci\u00f3n, donde anotar\u00e1 las posibles incidencias que perciba (palpitaciones, latidos irregulares, mareo, dolor en el pecho, etc.). Esto permitir\u00e1 que el cardi\u00f3logo analice el registro del electrocardiograma justo en el momento en que se produjo la molestia.<\/p>\n<\/div>\n<\/div><\/section><\/p><\/div>\n<style type=\"text\/css\" data-created_by=\"avia_inline_auto\" id=\"style-css-av-b8ke4-667f04a11efcf388b2c3e5c1e37ba31b\">\n.flex_column.av-b8ke4-667f04a11efcf388b2c3e5c1e37ba31b{\nborder-radius:0px 0px 0px 0px;\npadding:0px 0px 0px 0px;\n}\n<\/style>\n<div  class='flex_column av-b8ke4-667f04a11efcf388b2c3e5c1e37ba31b av_one_third  avia-builder-el-17  el_after_av_one_third  el_before_av_one_third  first flex_column_div av-zero-column-padding  column-top-margin'     ><p>\n<style type=\"text\/css\" data-created_by=\"avia_inline_auto\" id=\"style-css-av-kj8fyoz1-8e1159be22ad8a51944ac62594b9aa8d\">\n.avia-image-container.av-kj8fyoz1-8e1159be22ad8a51944ac62594b9aa8d img.avia_image{\nbox-shadow:none;\n}\n.avia-image-container.av-kj8fyoz1-8e1159be22ad8a51944ac62594b9aa8d .av-image-caption-overlay-center{\ncolor:#ffffff;\n}\n<\/style>\n<div  class='avia-image-container av-kj8fyoz1-8e1159be22ad8a51944ac62594b9aa8d av-styling- avia-align-center  avia-builder-el-18  el_before_av_hr  avia-builder-el-first '   itemprop=\"image\" itemscope=\"itemscope\" itemtype=\"https:\/\/schema.org\/ImageObject\" ><div class=\"avia-image-container-inner\"><div class=\"avia-image-overlay-wrap\"><img decoding=\"async\" fetchpriority=\"high\" class='wp-image-494 avia-img-lazy-loading-not-494 avia_image ' src=\"https:\/\/polimedic-blanes.com\/wp-content\/uploads\/2021\/01\/pruebas-diagnosticas-cardiologia-ergometria-300x200.jpg\" alt='' title=''  height=\"200\" width=\"300\"  itemprop=\"thumbnailUrl\" srcset=\"https:\/\/polimedic-blanes.com\/wp-content\/uploads\/2021\/01\/pruebas-diagnosticas-cardiologia-ergometria-300x200.jpg 300w, https:\/\/polimedic-blanes.com\/wp-content\/uploads\/2021\/01\/pruebas-diagnosticas-cardiologia-ergometria-768x512.jpg 768w, https:\/\/polimedic-blanes.com\/wp-content\/uploads\/2021\/01\/pruebas-diagnosticas-cardiologia-ergometria-705x470.jpg 705w, https:\/\/polimedic-blanes.com\/wp-content\/uploads\/2021\/01\/pruebas-diagnosticas-cardiologia-ergometria-240x160.jpg 240w, https:\/\/polimedic-blanes.com\/wp-content\/uploads\/2021\/01\/pruebas-diagnosticas-cardiologia-ergometria.jpg 900w\" sizes=\"(max-width: 300px) 100vw, 300px\" \/><\/div><\/div><\/div><br \/>\n\n<style type=\"text\/css\" data-created_by=\"avia_inline_auto\" id=\"style-css-av-kj8fzpix-9f86561db1a52836b4b5bcca0870e125\">\n#top .hr.hr-invisible.av-kj8fzpix-9f86561db1a52836b4b5bcca0870e125{\nheight:20px;\n}\n<\/style>\n<div  class='hr av-kj8fzpix-9f86561db1a52836b4b5bcca0870e125 hr-invisible  avia-builder-el-19  el_after_av_image  el_before_av_textblock '><span class='hr-inner '><span class=\"hr-inner-style\"><\/span><\/span><\/div><br \/>\n<section  class='av_textblock_section av-kj8fy4pm-ca17c44e2d69c2293bf57a61dae78135 '   itemscope=\"itemscope\" itemtype=\"https:\/\/schema.org\/CreativeWork\" ><div class='avia_textblock'  itemprop=\"text\" ><h4 style=\"text-align: center;\">Ergometr\u00eda o Prueba de Esfuerzo<\/h4>\n<div class=\"contenido\" style=\"text-align: center;\">\n<p>Es una t\u00e9cnica diagn\u00f3stica que se utiliza principalmente para el diagn\u00f3stico de la angina de pecho en pacientes con dolor tor\u00e1cico y para valorar la respuesta del coraz\u00f3n ante el ejercicio.\u00a0Su uso en la enfermedad coronaria se basa en la capacidad de poner de manifiesto alteraciones cardiovasculares no presentes mientras el paciente est\u00e1 en reposo y que pueden ocurrir con el ejercicio f\u00edsico.<\/p>\n<p>En el caso de una enfermedad coronaria, la obstrucci\u00f3n en la arteria puede permitir un flujo de sangre al coraz\u00f3n normal en reposo, por lo que no experimentar\u00e1 ning\u00fan s\u00edntoma, y el electrocardiograma ser\u00e1 probablemente normal. Sin embargo, al realizar un ejercicio f\u00edsico o esfuerzo aumentar\u00e1 el trabajo del coraz\u00f3n y, por tanto, la necesidad de aporte de sangre. Si existe una obstrucci\u00f3n coronaria, se producir\u00e1 un d\u00e9ficit de riego sangu\u00edneo que provocar\u00e1 la aparici\u00f3n de angina de pecho y\/o alteraciones en el electrocardiograma.<\/p>\n<p>La ergometr\u00eda permite reproducir la angina de una forma controlada para poder diagnosticarla. La ergometr\u00eda es tambi\u00e9n \u00fatil para hacer una estimaci\u00f3n del pron\u00f3stico, de la capacidad de ejercicio f\u00edsico y valorar el efecto del tratamiento en aquellos pacientes con enfermedad coronaria ya conocida.<\/p>\n<p>Esta prueba se realiza en casos de: hipertensi\u00f3n arterial, insuficiencia cardiaca avanzada, alteraciones del ritmo, cardiopat\u00edas cong\u00e9nitas, etc. Incluso en personas sanas puede utilizarse (pacientes sin s\u00edntomas, atletas, discapacitados&#8230;).<\/p>\n<\/div>\n<\/div><\/section><\/p><\/div>\n<style type=\"text\/css\" data-created_by=\"avia_inline_auto\" id=\"style-css-av-b8ke4-8e230fb2b41ef42a513482d810a6076f\">\n.flex_column.av-b8ke4-8e230fb2b41ef42a513482d810a6076f{\nborder-radius:0px 0px 0px 0px;\npadding:0px 0px 0px 0px;\n}\n<\/style>\n<div  class='flex_column av-b8ke4-8e230fb2b41ef42a513482d810a6076f av_one_third  avia-builder-el-21  el_after_av_one_third  el_before_av_one_third  flex_column_div av-zero-column-padding  column-top-margin'     ><\/div>\n<style type=\"text\/css\" data-created_by=\"avia_inline_auto\" id=\"style-css-av-b8ke4-8e230fb2b41ef42a513482d810a6076f\">\n.flex_column.av-b8ke4-8e230fb2b41ef42a513482d810a6076f{\nborder-radius:0px 0px 0px 0px;\npadding:0px 0px 0px 0px;\n}\n<\/style>\n<div  class='flex_column av-b8ke4-8e230fb2b41ef42a513482d810a6076f av_one_third  avia-builder-el-22  el_after_av_one_third  avia-builder-el-last  flex_column_div av-zero-column-padding  column-top-margin'     ><\/div>\n","protected":false},"excerpt":{"rendered":"","protected":false},"author":2,"featured_media":0,"parent":1107,"menu_order":0,"comment_status":"closed","ping_status":"closed","template":"","meta":{"footnotes":""},"class_list":["post-1098","page","type-page","status-publish","hentry"],"aioseo_notices":[],"_links":{"self":[{"href":"https:\/\/polimedic-blanes.com\/es\/wp-json\/wp\/v2\/pages\/1098","targetHints":{"allow":["GET"]}}],"collection":[{"href":"https:\/\/polimedic-blanes.com\/es\/wp-json\/wp\/v2\/pages"}],"about":[{"href":"https:\/\/polimedic-blanes.com\/es\/wp-json\/wp\/v2\/types\/page"}],"author":[{"embeddable":true,"href":"https:\/\/polimedic-blanes.com\/es\/wp-json\/wp\/v2\/users\/2"}],"replies":[{"embeddable":true,"href":"https:\/\/polimedic-blanes.com\/es\/wp-json\/wp\/v2\/comments?post=1098"}],"version-history":[{"count":0,"href":"https:\/\/polimedic-blanes.com\/es\/wp-json\/wp\/v2\/pages\/1098\/revisions"}],"up":[{"embeddable":true,"href":"https:\/\/polimedic-blanes.com\/es\/wp-json\/wp\/v2\/pages\/1107"}],"wp:attachment":[{"href":"https:\/\/polimedic-blanes.com\/es\/wp-json\/wp\/v2\/media?parent=1098"}],"curies":[{"name":"wp","href":"https:\/\/api.w.org\/{rel}","templated":true}]}}