{"id":1097,"date":"2021-01-11T10:29:58","date_gmt":"2021-01-11T10:29:58","guid":{"rendered":"https:\/\/polimedic.clonica.net\/dermatologia\/"},"modified":"2021-03-24T14:39:30","modified_gmt":"2021-03-24T14:39:30","slug":"dermatologia","status":"publish","type":"page","link":"https:\/\/polimedic-blanes.com\/es\/pruebas-diagnosticas\/dermatologia\/","title":{"rendered":"Dermatolog\u00eda"},"content":{"rendered":"<div id='av_section_1'  class='avia-section av-vzjlg-1049dc4b0954b28dd642427e7f95c9bb main_color avia-section-default avia-no-border-styling  avia-builder-el-0  avia-builder-el-no-sibling  avia-bg-style-scroll container_wrap fullsize'  ><div class='container av-section-cont-open' ><main  role=\"main\" itemprop=\"mainContentOfPage\"  class='template-page content  av-content-full alpha units'><div class='post-entry post-entry-type-page post-entry-1097'><div class='entry-content-wrapper clearfix'>\n\n<style type=\"text\/css\" data-created_by=\"avia_inline_auto\" id=\"style-css-av-po43g-3c9898dfde7c81320f9aa76b97a9c270\">\n.flex_column.av-po43g-3c9898dfde7c81320f9aa76b97a9c270{\nborder-radius:0px 0px 0px 0px;\npadding:0px 0px 0px 0px;\n}\n<\/style>\n<div  class='flex_column av-po43g-3c9898dfde7c81320f9aa76b97a9c270 av_one_full  avia-builder-el-1  el_before_av_one_third  avia-builder-el-first  first flex_column_div av-zero-column-padding  '     ><p>\n<style type=\"text\/css\" data-created_by=\"avia_inline_auto\" id=\"style-css-av-kl9dgol8-8560069e559fd548e306fc22d35a811d\">\n.av_font_icon.av-kl9dgol8-8560069e559fd548e306fc22d35a811d{\ncolor:#0f7d92;\nborder-color:#0f7d92;\n}\n.avia-svg-icon.av-kl9dgol8-8560069e559fd548e306fc22d35a811d svg:first-child{\nstroke:#0f7d92;\nfill:#0f7d92;\n}\n.av_font_icon.av-kl9dgol8-8560069e559fd548e306fc22d35a811d .av-icon-char{\nfont-size:50px;\nline-height:50px;\n}\n<\/style>\n<span  class='av_font_icon av-kl9dgol8-8560069e559fd548e306fc22d35a811d avia_animate_when_visible av-icon-style- avia-icon-pos-center avia-iconfont avia-font-flaticon avia-icon-animate'><span class='av-icon-char' data-av_icon='\uf112' data-av_iconfont='flaticon' aria-hidden=\"true\" ><\/span><\/span><br \/>\n\n<style type=\"text\/css\" data-created_by=\"avia_inline_auto\" id=\"style-css-av-kl9deqyc-191fa837c1fc12adcc97f71c68008569\">\n#top .hr.hr-invisible.av-kl9deqyc-191fa837c1fc12adcc97f71c68008569{\nheight:20px;\n}\n<\/style>\n<div  class='hr av-kl9deqyc-191fa837c1fc12adcc97f71c68008569 hr-invisible  avia-builder-el-3  el_after_av_font_icon  el_before_av_textblock '><span class='hr-inner '><span class=\"hr-inner-style\"><\/span><\/span><\/div><br \/>\n<section  class='av_textblock_section av-kj8elys1-79a87571feb4739c53aa13b108d45f61 '   itemscope=\"itemscope\" itemtype=\"https:\/\/schema.org\/CreativeWork\" ><div class='avia_textblock'  itemprop=\"text\" ><h2 style=\"text-align: center;\">Dermatolog\u00eda<\/h2>\n<\/div><\/section><\/p><\/div>\n<style type=\"text\/css\" data-created_by=\"avia_inline_auto\" id=\"style-css-av-jn0ic-5ceba186bbcae9212ecc8e3ebe4f8fd3\">\n.flex_column.av-jn0ic-5ceba186bbcae9212ecc8e3ebe4f8fd3{\nborder-radius:0px 0px 0px 0px;\npadding:0px 0px 0px 0px;\n}\n<\/style>\n<div  class='flex_column av-jn0ic-5ceba186bbcae9212ecc8e3ebe4f8fd3 av_one_third  avia-builder-el-5  el_after_av_one_full  el_before_av_one_third  first flex_column_div av-zero-column-padding  column-top-margin'     ><p>\n<style type=\"text\/css\" data-created_by=\"avia_inline_auto\" id=\"style-css-av-kj8fyoz1-89986cc9255971bc9e13908f1874506e\">\n.avia-image-container.av-kj8fyoz1-89986cc9255971bc9e13908f1874506e img.avia_image{\nbox-shadow:none;\n}\n.avia-image-container.av-kj8fyoz1-89986cc9255971bc9e13908f1874506e .av-image-caption-overlay-center{\ncolor:#ffffff;\n}\n<\/style>\n<div  class='avia-image-container av-kj8fyoz1-89986cc9255971bc9e13908f1874506e av-styling- avia-align-center  avia-builder-el-6  el_before_av_hr  avia-builder-el-first '   itemprop=\"image\" itemscope=\"itemscope\" itemtype=\"https:\/\/schema.org\/ImageObject\" ><div class=\"avia-image-container-inner\"><div class=\"avia-image-overlay-wrap\"><img decoding=\"async\" fetchpriority=\"high\" class='wp-image-501 avia-img-lazy-loading-not-501 avia_image ' src=\"https:\/\/polimedic-blanes.com\/wp-content\/uploads\/2021\/01\/pruebas-diagnosticas-dermatologia-crioterapia-300x200.jpg\" alt='' title=''  height=\"200\" width=\"300\"  itemprop=\"thumbnailUrl\" srcset=\"https:\/\/polimedic-blanes.com\/wp-content\/uploads\/2021\/01\/pruebas-diagnosticas-dermatologia-crioterapia-300x200.jpg 300w, https:\/\/polimedic-blanes.com\/wp-content\/uploads\/2021\/01\/pruebas-diagnosticas-dermatologia-crioterapia-768x512.jpg 768w, https:\/\/polimedic-blanes.com\/wp-content\/uploads\/2021\/01\/pruebas-diagnosticas-dermatologia-crioterapia-705x470.jpg 705w, https:\/\/polimedic-blanes.com\/wp-content\/uploads\/2021\/01\/pruebas-diagnosticas-dermatologia-crioterapia-240x160.jpg 240w, https:\/\/polimedic-blanes.com\/wp-content\/uploads\/2021\/01\/pruebas-diagnosticas-dermatologia-crioterapia.jpg 900w\" sizes=\"(max-width: 300px) 100vw, 300px\" \/><\/div><\/div><\/div><br \/>\n\n<style type=\"text\/css\" data-created_by=\"avia_inline_auto\" id=\"style-css-av-kj8fzpix-9f86561db1a52836b4b5bcca0870e125\">\n#top .hr.hr-invisible.av-kj8fzpix-9f86561db1a52836b4b5bcca0870e125{\nheight:20px;\n}\n<\/style>\n<div  class='hr av-kj8fzpix-9f86561db1a52836b4b5bcca0870e125 hr-invisible  avia-builder-el-7  el_after_av_image  el_before_av_textblock '><span class='hr-inner '><span class=\"hr-inner-style\"><\/span><\/span><\/div><br \/>\n<section  class='av_textblock_section av-kj8fy4pm-ca17c44e2d69c2293bf57a61dae78135 '   itemscope=\"itemscope\" itemtype=\"https:\/\/schema.org\/CreativeWork\" ><div class='avia_textblock'  itemprop=\"text\" ><h4 style=\"text-align: center;\">Crioterapia<\/h4>\n<p style=\"text-align: center;\">La\u00a0Crioterapia\u00a0es un tratamiento que congela y destruye las lesiones cut\u00e1neas mediante la aplicaci\u00f3n de nitr\u00f3geno l\u00edquido.<\/p>\n<\/div><\/section><\/p><\/div>\n<style type=\"text\/css\" data-created_by=\"avia_inline_auto\" id=\"style-css-av-h5gqs-78db32b6d5b5e7fe8295b473471ff8d0\">\n.flex_column.av-h5gqs-78db32b6d5b5e7fe8295b473471ff8d0{\nborder-radius:0px 0px 0px 0px;\npadding:0px 0px 0px 0px;\n}\n<\/style>\n<div  class='flex_column av-h5gqs-78db32b6d5b5e7fe8295b473471ff8d0 av_one_third  avia-builder-el-9  el_after_av_one_third  el_before_av_one_third  flex_column_div av-zero-column-padding  column-top-margin'     ><p>\n<style type=\"text\/css\" data-created_by=\"avia_inline_auto\" id=\"style-css-av-kj8fyoz1-8b511951331cf44d57a96746df31ced4\">\n.avia-image-container.av-kj8fyoz1-8b511951331cf44d57a96746df31ced4 img.avia_image{\nbox-shadow:none;\n}\n.avia-image-container.av-kj8fyoz1-8b511951331cf44d57a96746df31ced4 .av-image-caption-overlay-center{\ncolor:#ffffff;\n}\n<\/style>\n<div  class='avia-image-container av-kj8fyoz1-8b511951331cf44d57a96746df31ced4 av-styling- avia-align-center  avia-builder-el-10  el_before_av_hr  avia-builder-el-first '   itemprop=\"image\" itemscope=\"itemscope\" itemtype=\"https:\/\/schema.org\/ImageObject\" ><div class=\"avia-image-container-inner\"><div class=\"avia-image-overlay-wrap\"><img decoding=\"async\" fetchpriority=\"high\" class='wp-image-503 avia-img-lazy-loading-not-503 avia_image ' src=\"https:\/\/polimedic-blanes.com\/wp-content\/uploads\/2021\/01\/pruebas-diagnosticas-dermatologia-electrocoagulacion-300x200.jpg\" alt='' title=''  height=\"200\" width=\"300\"  itemprop=\"thumbnailUrl\" srcset=\"https:\/\/polimedic-blanes.com\/wp-content\/uploads\/2021\/01\/pruebas-diagnosticas-dermatologia-electrocoagulacion-300x200.jpg 300w, https:\/\/polimedic-blanes.com\/wp-content\/uploads\/2021\/01\/pruebas-diagnosticas-dermatologia-electrocoagulacion-768x512.jpg 768w, https:\/\/polimedic-blanes.com\/wp-content\/uploads\/2021\/01\/pruebas-diagnosticas-dermatologia-electrocoagulacion-705x470.jpg 705w, https:\/\/polimedic-blanes.com\/wp-content\/uploads\/2021\/01\/pruebas-diagnosticas-dermatologia-electrocoagulacion-240x160.jpg 240w, https:\/\/polimedic-blanes.com\/wp-content\/uploads\/2021\/01\/pruebas-diagnosticas-dermatologia-electrocoagulacion.jpg 900w\" sizes=\"(max-width: 300px) 100vw, 300px\" \/><\/div><\/div><\/div><br \/>\n\n<style type=\"text\/css\" data-created_by=\"avia_inline_auto\" id=\"style-css-av-kj8fzpix-9f86561db1a52836b4b5bcca0870e125\">\n#top .hr.hr-invisible.av-kj8fzpix-9f86561db1a52836b4b5bcca0870e125{\nheight:20px;\n}\n<\/style>\n<div  class='hr av-kj8fzpix-9f86561db1a52836b4b5bcca0870e125 hr-invisible  avia-builder-el-11  el_after_av_image  el_before_av_textblock '><span class='hr-inner '><span class=\"hr-inner-style\"><\/span><\/span><\/div><br \/>\n<section  class='av_textblock_section av-kj8fy4pm-ca17c44e2d69c2293bf57a61dae78135 '   itemscope=\"itemscope\" itemtype=\"https:\/\/schema.org\/CreativeWork\" ><div class='avia_textblock'  itemprop=\"text\" ><h4 style=\"text-align: center;\">Electrocoagulaci\u00f3n<\/h4>\n<p style=\"text-align: center;\">La electrocoagulaci\u00f3n es un m\u00e9todo que utiliza corriente el\u00e9ctrica para coagular los tejidos que desean ser tratados. Puede ser utilizado para tratar queratosis seborreicas, verrugas vulgares.<\/p>\n<\/div><\/section><\/p><\/div>\n<style type=\"text\/css\" data-created_by=\"avia_inline_auto\" id=\"style-css-av-b8ke4-8e230fb2b41ef42a513482d810a6076f\">\n.flex_column.av-b8ke4-8e230fb2b41ef42a513482d810a6076f{\nborder-radius:0px 0px 0px 0px;\npadding:0px 0px 0px 0px;\n}\n<\/style>\n<div  class='flex_column av-b8ke4-8e230fb2b41ef42a513482d810a6076f av_one_third  avia-builder-el-13  el_after_av_one_third  el_before_av_one_third  flex_column_div av-zero-column-padding  column-top-margin'     ><p>\n<style type=\"text\/css\" data-created_by=\"avia_inline_auto\" id=\"style-css-av-kj8fyoz1-c25edbdf5d0967f4d37180c034f578f1\">\n.avia-image-container.av-kj8fyoz1-c25edbdf5d0967f4d37180c034f578f1 img.avia_image{\nbox-shadow:none;\n}\n.avia-image-container.av-kj8fyoz1-c25edbdf5d0967f4d37180c034f578f1 .av-image-caption-overlay-center{\ncolor:#ffffff;\n}\n<\/style>\n<div  class='avia-image-container av-kj8fyoz1-c25edbdf5d0967f4d37180c034f578f1 av-styling- avia-align-center  avia-builder-el-14  el_before_av_hr  avia-builder-el-first '   itemprop=\"image\" itemscope=\"itemscope\" itemtype=\"https:\/\/schema.org\/ImageObject\" ><div class=\"avia-image-container-inner\"><div class=\"avia-image-overlay-wrap\"><img decoding=\"async\" fetchpriority=\"high\" class='wp-image-505 avia-img-lazy-loading-not-505 avia_image ' src=\"https:\/\/polimedic-blanes.com\/wp-content\/uploads\/2021\/01\/pruebas-diagnosticas-dermatologia-molusco-contagioso-300x200.jpg\" alt='' title=''  height=\"200\" width=\"300\"  itemprop=\"thumbnailUrl\" srcset=\"https:\/\/polimedic-blanes.com\/wp-content\/uploads\/2021\/01\/pruebas-diagnosticas-dermatologia-molusco-contagioso-300x200.jpg 300w, https:\/\/polimedic-blanes.com\/wp-content\/uploads\/2021\/01\/pruebas-diagnosticas-dermatologia-molusco-contagioso-768x512.jpg 768w, https:\/\/polimedic-blanes.com\/wp-content\/uploads\/2021\/01\/pruebas-diagnosticas-dermatologia-molusco-contagioso-705x470.jpg 705w, https:\/\/polimedic-blanes.com\/wp-content\/uploads\/2021\/01\/pruebas-diagnosticas-dermatologia-molusco-contagioso-240x160.jpg 240w, https:\/\/polimedic-blanes.com\/wp-content\/uploads\/2021\/01\/pruebas-diagnosticas-dermatologia-molusco-contagioso.jpg 900w\" sizes=\"(max-width: 300px) 100vw, 300px\" \/><\/div><\/div><\/div><br \/>\n\n<style type=\"text\/css\" data-created_by=\"avia_inline_auto\" id=\"style-css-av-kj8fzpix-9f86561db1a52836b4b5bcca0870e125\">\n#top .hr.hr-invisible.av-kj8fzpix-9f86561db1a52836b4b5bcca0870e125{\nheight:20px;\n}\n<\/style>\n<div  class='hr av-kj8fzpix-9f86561db1a52836b4b5bcca0870e125 hr-invisible  avia-builder-el-15  el_after_av_image  el_before_av_textblock '><span class='hr-inner '><span class=\"hr-inner-style\"><\/span><\/span><\/div><br \/>\n<section  class='av_textblock_section av-kj8fy4pm-ca17c44e2d69c2293bf57a61dae78135 '   itemscope=\"itemscope\" itemtype=\"https:\/\/schema.org\/CreativeWork\" ><div class='avia_textblock'  itemprop=\"text\" ><h4 style=\"text-align: center;\">Extirpaci\u00f3n de Molluscum, Acrocordones Etc\u2026<\/h4>\n<div class=\"contenido\" style=\"text-align: center;\"><strong>o\u00a0molluscum contagiosum<\/strong>\u00a0es una enfermedad cut\u00e1nea de\u00a0etiolog\u00eda\u00a0v\u00edrica. La lesi\u00f3n del molusco comienza cl\u00e1sicamente como una p\u00e1pula peque\u00f1a e indolora que puede crecer hasta convertirse en un n\u00f3dulo de color carne y apariencia de perla.<\/div>\n<\/div><\/section><\/p><\/div>\n<style type=\"text\/css\" data-created_by=\"avia_inline_auto\" id=\"style-css-av-b8ke4-667f04a11efcf388b2c3e5c1e37ba31b\">\n.flex_column.av-b8ke4-667f04a11efcf388b2c3e5c1e37ba31b{\nborder-radius:0px 0px 0px 0px;\npadding:0px 0px 0px 0px;\n}\n<\/style>\n<div  class='flex_column av-b8ke4-667f04a11efcf388b2c3e5c1e37ba31b av_one_third  avia-builder-el-17  el_after_av_one_third  el_before_av_one_third  first flex_column_div av-zero-column-padding  column-top-margin'     ><p>\n<style type=\"text\/css\" data-created_by=\"avia_inline_auto\" id=\"style-css-av-kj8fyoz1-a6e1a4d0f0467fa9d91efbc8a3773872\">\n.avia-image-container.av-kj8fyoz1-a6e1a4d0f0467fa9d91efbc8a3773872 img.avia_image{\nbox-shadow:none;\n}\n.avia-image-container.av-kj8fyoz1-a6e1a4d0f0467fa9d91efbc8a3773872 .av-image-caption-overlay-center{\ncolor:#ffffff;\n}\n<\/style>\n<div  class='avia-image-container av-kj8fyoz1-a6e1a4d0f0467fa9d91efbc8a3773872 av-styling- avia-align-center  avia-builder-el-18  el_before_av_hr  avia-builder-el-first '   itemprop=\"image\" itemscope=\"itemscope\" itemtype=\"https:\/\/schema.org\/ImageObject\" ><div class=\"avia-image-container-inner\"><div class=\"avia-image-overlay-wrap\"><img decoding=\"async\" fetchpriority=\"high\" class='wp-image-507 avia-img-lazy-loading-not-507 avia_image ' src=\"https:\/\/polimedic-blanes.com\/wp-content\/uploads\/2021\/01\/pruebas-diagnosticas-dermatologia-biopsia-cutanea-300x200.jpg\" alt='' title=''  height=\"200\" width=\"300\"  itemprop=\"thumbnailUrl\" srcset=\"https:\/\/polimedic-blanes.com\/wp-content\/uploads\/2021\/01\/pruebas-diagnosticas-dermatologia-biopsia-cutanea-300x200.jpg 300w, https:\/\/polimedic-blanes.com\/wp-content\/uploads\/2021\/01\/pruebas-diagnosticas-dermatologia-biopsia-cutanea-768x512.jpg 768w, https:\/\/polimedic-blanes.com\/wp-content\/uploads\/2021\/01\/pruebas-diagnosticas-dermatologia-biopsia-cutanea-705x470.jpg 705w, https:\/\/polimedic-blanes.com\/wp-content\/uploads\/2021\/01\/pruebas-diagnosticas-dermatologia-biopsia-cutanea-240x160.jpg 240w, https:\/\/polimedic-blanes.com\/wp-content\/uploads\/2021\/01\/pruebas-diagnosticas-dermatologia-biopsia-cutanea.jpg 900w\" sizes=\"(max-width: 300px) 100vw, 300px\" \/><\/div><\/div><\/div><br \/>\n\n<style type=\"text\/css\" data-created_by=\"avia_inline_auto\" id=\"style-css-av-kj8fzpix-9f86561db1a52836b4b5bcca0870e125\">\n#top .hr.hr-invisible.av-kj8fzpix-9f86561db1a52836b4b5bcca0870e125{\nheight:20px;\n}\n<\/style>\n<div  class='hr av-kj8fzpix-9f86561db1a52836b4b5bcca0870e125 hr-invisible  avia-builder-el-19  el_after_av_image  el_before_av_textblock '><span class='hr-inner '><span class=\"hr-inner-style\"><\/span><\/span><\/div><br \/>\n<section  class='av_textblock_section av-kj8fy4pm-ca17c44e2d69c2293bf57a61dae78135 '   itemscope=\"itemscope\" itemtype=\"https:\/\/schema.org\/CreativeWork\" ><div class='avia_textblock'  itemprop=\"text\" ><h4 style=\"text-align: center;\">Biopsia Cut\u00e1nea<\/h4>\n<div class=\"contenido\" style=\"text-align: center;\">La biopsia cut\u00e1nea es una prueba sencilla y poco invasiva que permite diagnosticar patolog\u00edas de la piel autoinmunes o cancerosas cuya existencia el dermat\u00f3logo no ha podido determinar por otros medios.<\/div>\n<\/div><\/section><\/p><\/div>\n<style type=\"text\/css\" data-created_by=\"avia_inline_auto\" id=\"style-css-av-b8ke4-8e230fb2b41ef42a513482d810a6076f\">\n.flex_column.av-b8ke4-8e230fb2b41ef42a513482d810a6076f{\nborder-radius:0px 0px 0px 0px;\npadding:0px 0px 0px 0px;\n}\n<\/style>\n<div  class='flex_column av-b8ke4-8e230fb2b41ef42a513482d810a6076f av_one_third  avia-builder-el-21  el_after_av_one_third  el_before_av_one_third  flex_column_div av-zero-column-padding  column-top-margin'     ><p>\n<style type=\"text\/css\" data-created_by=\"avia_inline_auto\" id=\"style-css-av-kj8fyoz1-40f53db8d3b6b20b50deb502f5a0956a\">\n.avia-image-container.av-kj8fyoz1-40f53db8d3b6b20b50deb502f5a0956a img.avia_image{\nbox-shadow:none;\n}\n.avia-image-container.av-kj8fyoz1-40f53db8d3b6b20b50deb502f5a0956a .av-image-caption-overlay-center{\ncolor:#ffffff;\n}\n<\/style>\n<div  class='avia-image-container av-kj8fyoz1-40f53db8d3b6b20b50deb502f5a0956a av-styling- avia-align-center  avia-builder-el-22  el_before_av_hr  avia-builder-el-first '   itemprop=\"image\" itemscope=\"itemscope\" itemtype=\"https:\/\/schema.org\/ImageObject\" ><div class=\"avia-image-container-inner\"><div class=\"avia-image-overlay-wrap\"><img decoding=\"async\" fetchpriority=\"high\" class='wp-image-509 avia-img-lazy-loading-not-509 avia_image ' src=\"https:\/\/polimedic-blanes.com\/wp-content\/uploads\/2021\/01\/pruebas-diagnosticas-dermatologia-abceso-drenaje-300x200.jpg\" alt='' title=''  height=\"200\" width=\"300\"  itemprop=\"thumbnailUrl\" srcset=\"https:\/\/polimedic-blanes.com\/wp-content\/uploads\/2021\/01\/pruebas-diagnosticas-dermatologia-abceso-drenaje-300x200.jpg 300w, https:\/\/polimedic-blanes.com\/wp-content\/uploads\/2021\/01\/pruebas-diagnosticas-dermatologia-abceso-drenaje-768x512.jpg 768w, https:\/\/polimedic-blanes.com\/wp-content\/uploads\/2021\/01\/pruebas-diagnosticas-dermatologia-abceso-drenaje-705x470.jpg 705w, https:\/\/polimedic-blanes.com\/wp-content\/uploads\/2021\/01\/pruebas-diagnosticas-dermatologia-abceso-drenaje-240x160.jpg 240w, https:\/\/polimedic-blanes.com\/wp-content\/uploads\/2021\/01\/pruebas-diagnosticas-dermatologia-abceso-drenaje.jpg 900w\" sizes=\"(max-width: 300px) 100vw, 300px\" \/><\/div><\/div><\/div><br \/>\n\n<style type=\"text\/css\" data-created_by=\"avia_inline_auto\" id=\"style-css-av-kj8fzpix-9f86561db1a52836b4b5bcca0870e125\">\n#top .hr.hr-invisible.av-kj8fzpix-9f86561db1a52836b4b5bcca0870e125{\nheight:20px;\n}\n<\/style>\n<div  class='hr av-kj8fzpix-9f86561db1a52836b4b5bcca0870e125 hr-invisible  avia-builder-el-23  el_after_av_image  el_before_av_textblock '><span class='hr-inner '><span class=\"hr-inner-style\"><\/span><\/span><\/div><br \/>\n<section  class='av_textblock_section av-kj8fy4pm-ca17c44e2d69c2293bf57a61dae78135 '   itemscope=\"itemscope\" itemtype=\"https:\/\/schema.org\/CreativeWork\" ><div class='avia_textblock'  itemprop=\"text\" ><h4 style=\"text-align: center;\">Abceso Drenaje<\/h4>\n<div class=\"contenido\" style=\"text-align: center;\">Los abscesos cut\u00e1neos se pueden localizar en cualquier parte del cuerpo, pero habitualmente se encuentran en la axila, las nalgas y las extremidades. La incisi\u00f3n y el drenaje constituyen el tratamiento principal.<\/div>\n<\/div><\/section><\/p><\/div>\n<style type=\"text\/css\" data-created_by=\"avia_inline_auto\" id=\"style-css-av-b8ke4-8e230fb2b41ef42a513482d810a6076f\">\n.flex_column.av-b8ke4-8e230fb2b41ef42a513482d810a6076f{\nborder-radius:0px 0px 0px 0px;\npadding:0px 0px 0px 0px;\n}\n<\/style>\n<div  class='flex_column av-b8ke4-8e230fb2b41ef42a513482d810a6076f av_one_third  avia-builder-el-25  el_after_av_one_third  avia-builder-el-last  flex_column_div av-zero-column-padding  column-top-margin'     ><\/div>\n","protected":false},"excerpt":{"rendered":"","protected":false},"author":2,"featured_media":0,"parent":1107,"menu_order":0,"comment_status":"closed","ping_status":"closed","template":"","meta":{"footnotes":""},"class_list":["post-1097","page","type-page","status-publish","hentry"],"aioseo_notices":[],"_links":{"self":[{"href":"https:\/\/polimedic-blanes.com\/es\/wp-json\/wp\/v2\/pages\/1097","targetHints":{"allow":["GET"]}}],"collection":[{"href":"https:\/\/polimedic-blanes.com\/es\/wp-json\/wp\/v2\/pages"}],"about":[{"href":"https:\/\/polimedic-blanes.com\/es\/wp-json\/wp\/v2\/types\/page"}],"author":[{"embeddable":true,"href":"https:\/\/polimedic-blanes.com\/es\/wp-json\/wp\/v2\/users\/2"}],"replies":[{"embeddable":true,"href":"https:\/\/polimedic-blanes.com\/es\/wp-json\/wp\/v2\/comments?post=1097"}],"version-history":[{"count":0,"href":"https:\/\/polimedic-blanes.com\/es\/wp-json\/wp\/v2\/pages\/1097\/revisions"}],"up":[{"embeddable":true,"href":"https:\/\/polimedic-blanes.com\/es\/wp-json\/wp\/v2\/pages\/1107"}],"wp:attachment":[{"href":"https:\/\/polimedic-blanes.com\/es\/wp-json\/wp\/v2\/media?parent=1097"}],"curies":[{"name":"wp","href":"https:\/\/api.w.org\/{rel}","templated":true}]}}