{"id":1088,"date":"2021-01-11T12:53:26","date_gmt":"2021-01-11T12:53:26","guid":{"rendered":"https:\/\/polimedic.clonica.net\/otorrinolaringologia\/"},"modified":"2021-03-25T08:16:33","modified_gmt":"2021-03-25T08:16:33","slug":"otorrinolaringologia","status":"publish","type":"page","link":"https:\/\/polimedic-blanes.com\/es\/pruebas-diagnosticas\/otorrinolaringologia\/","title":{"rendered":"Otorrinolaringolog\u00eda"},"content":{"rendered":"<div id='av_section_1'  class='avia-section av-vzjlg-1049dc4b0954b28dd642427e7f95c9bb main_color avia-section-default avia-no-border-styling  avia-builder-el-0  avia-builder-el-no-sibling  avia-bg-style-scroll container_wrap fullsize'  ><div class='container av-section-cont-open' ><main  role=\"main\" itemprop=\"mainContentOfPage\"  class='template-page content  av-content-full alpha units'><div class='post-entry post-entry-type-page post-entry-1088'><div class='entry-content-wrapper clearfix'>\n\n<style type=\"text\/css\" data-created_by=\"avia_inline_auto\" id=\"style-css-av-po43g-3c9898dfde7c81320f9aa76b97a9c270\">\n.flex_column.av-po43g-3c9898dfde7c81320f9aa76b97a9c270{\nborder-radius:0px 0px 0px 0px;\npadding:0px 0px 0px 0px;\n}\n<\/style>\n<div  class='flex_column av-po43g-3c9898dfde7c81320f9aa76b97a9c270 av_one_full  avia-builder-el-1  el_before_av_one_third  avia-builder-el-first  first flex_column_div av-zero-column-padding  '     ><p>\n<style type=\"text\/css\" data-created_by=\"avia_inline_auto\" id=\"style-css-av-kl9f97io-6e5669bf13040a417598dcded9cd4e68\">\n.av_font_icon.av-kl9f97io-6e5669bf13040a417598dcded9cd4e68{\ncolor:#0f7d92;\nborder-color:#0f7d92;\n}\n.avia-svg-icon.av-kl9f97io-6e5669bf13040a417598dcded9cd4e68 svg:first-child{\nstroke:#0f7d92;\nfill:#0f7d92;\n}\n.av_font_icon.av-kl9f97io-6e5669bf13040a417598dcded9cd4e68 .av-icon-char{\nfont-size:50px;\nline-height:50px;\n}\n<\/style>\n<span  class='av_font_icon av-kl9f97io-6e5669bf13040a417598dcded9cd4e68 avia_animate_when_visible av-icon-style- avia-icon-pos-center avia-iconfont avia-font-flaticon avia-icon-animate'><span class='av-icon-char' data-av_icon='\uf102' data-av_iconfont='flaticon' aria-hidden=\"true\" ><\/span><\/span><br \/>\n\n<style type=\"text\/css\" data-created_by=\"avia_inline_auto\" id=\"style-css-av-kl9f8t3b-cca629494612f451d442f7e44d1f6880\">\n#top .hr.hr-invisible.av-kl9f8t3b-cca629494612f451d442f7e44d1f6880{\nheight:20px;\n}\n<\/style>\n<div  class='hr av-kl9f8t3b-cca629494612f451d442f7e44d1f6880 hr-invisible  avia-builder-el-3  el_after_av_font_icon  el_before_av_textblock '><span class='hr-inner '><span class=\"hr-inner-style\"><\/span><\/span><\/div><br \/>\n<section  class='av_textblock_section av-kj8elys1-79a87571feb4739c53aa13b108d45f61 '   itemscope=\"itemscope\" itemtype=\"https:\/\/schema.org\/CreativeWork\" ><div class='avia_textblock'  itemprop=\"text\" ><h2 style=\"text-align: center;\">Otorrinolaringolog\u00eda<\/h2>\n<\/div><\/section><\/p><\/div>\n<style type=\"text\/css\" data-created_by=\"avia_inline_auto\" id=\"style-css-av-jn0ic-5ceba186bbcae9212ecc8e3ebe4f8fd3\">\n.flex_column.av-jn0ic-5ceba186bbcae9212ecc8e3ebe4f8fd3{\nborder-radius:0px 0px 0px 0px;\npadding:0px 0px 0px 0px;\n}\n<\/style>\n<div  class='flex_column av-jn0ic-5ceba186bbcae9212ecc8e3ebe4f8fd3 av_one_third  avia-builder-el-5  el_after_av_one_full  el_before_av_one_third  first flex_column_div av-zero-column-padding  column-top-margin'     ><p>\n<style type=\"text\/css\" data-created_by=\"avia_inline_auto\" id=\"style-css-av-kj8fyoz1-82727c5c0138bb8e7c84c6cce2f049fa\">\n.avia-image-container.av-kj8fyoz1-82727c5c0138bb8e7c84c6cce2f049fa img.avia_image{\nbox-shadow:none;\n}\n.avia-image-container.av-kj8fyoz1-82727c5c0138bb8e7c84c6cce2f049fa .av-image-caption-overlay-center{\ncolor:#ffffff;\n}\n<\/style>\n<div  class='avia-image-container av-kj8fyoz1-82727c5c0138bb8e7c84c6cce2f049fa av-styling- avia-align-center  avia-builder-el-6  el_before_av_hr  avia-builder-el-first '   itemprop=\"image\" itemscope=\"itemscope\" itemtype=\"https:\/\/schema.org\/ImageObject\" ><div class=\"avia-image-container-inner\"><div class=\"avia-image-overlay-wrap\"><img decoding=\"async\" fetchpriority=\"high\" class='wp-image-563 avia-img-lazy-loading-not-563 avia_image ' src=\"https:\/\/polimedic-blanes.com\/wp-content\/uploads\/2021\/01\/pruebas-diagnosticas-otorrinolaringologia-exploracion-microotoscopica-300x200.jpg\" alt='' title=''  height=\"200\" width=\"300\"  itemprop=\"thumbnailUrl\" srcset=\"https:\/\/polimedic-blanes.com\/wp-content\/uploads\/2021\/01\/pruebas-diagnosticas-otorrinolaringologia-exploracion-microotoscopica-300x200.jpg 300w, https:\/\/polimedic-blanes.com\/wp-content\/uploads\/2021\/01\/pruebas-diagnosticas-otorrinolaringologia-exploracion-microotoscopica-768x512.jpg 768w, https:\/\/polimedic-blanes.com\/wp-content\/uploads\/2021\/01\/pruebas-diagnosticas-otorrinolaringologia-exploracion-microotoscopica-705x470.jpg 705w, https:\/\/polimedic-blanes.com\/wp-content\/uploads\/2021\/01\/pruebas-diagnosticas-otorrinolaringologia-exploracion-microotoscopica-240x160.jpg 240w, https:\/\/polimedic-blanes.com\/wp-content\/uploads\/2021\/01\/pruebas-diagnosticas-otorrinolaringologia-exploracion-microotoscopica.jpg 900w\" sizes=\"(max-width: 300px) 100vw, 300px\" \/><\/div><\/div><\/div><br \/>\n\n<style type=\"text\/css\" data-created_by=\"avia_inline_auto\" id=\"style-css-av-kj8fzpix-9f86561db1a52836b4b5bcca0870e125\">\n#top .hr.hr-invisible.av-kj8fzpix-9f86561db1a52836b4b5bcca0870e125{\nheight:20px;\n}\n<\/style>\n<div  class='hr av-kj8fzpix-9f86561db1a52836b4b5bcca0870e125 hr-invisible  avia-builder-el-7  el_after_av_image  el_before_av_textblock '><span class='hr-inner '><span class=\"hr-inner-style\"><\/span><\/span><\/div><br \/>\n<section  class='av_textblock_section av-kj8fy4pm-ca17c44e2d69c2293bf57a61dae78135 '   itemscope=\"itemscope\" itemtype=\"https:\/\/schema.org\/CreativeWork\" ><div class='avia_textblock'  itemprop=\"text\" ><h4 style=\"text-align: center;\">Exploraci\u00f3n Microotoscopica<\/h4>\n<div class=\"contenido\" style=\"text-align: center;\">\n<p>Es una t\u00e9cnica exploratoria sencilla, r\u00e1pida y no invasiva que permite explorar el conducto auditivo externo y la membrana timp\u00e1nica<\/p>\n<p>Se emplea fundamentalmente\u00a0para el\u00a0diagn\u00f3stico\u00a0de patolog\u00edas de o\u00eddo de manera precisa, al utilizar lentes de aumento.<\/p>\n<p>Tambi\u00e9n permite realizar diferentes\u00a0actos terap\u00e9uticos, como la aspiraci\u00f3n de secreciones o\u00a0la extracci\u00f3n de cuerpos extra\u00f1os bajo control visual.<\/p>\n<\/div>\n<\/div><\/section><\/p><\/div>\n<style type=\"text\/css\" data-created_by=\"avia_inline_auto\" id=\"style-css-av-h5gqs-78db32b6d5b5e7fe8295b473471ff8d0\">\n.flex_column.av-h5gqs-78db32b6d5b5e7fe8295b473471ff8d0{\nborder-radius:0px 0px 0px 0px;\npadding:0px 0px 0px 0px;\n}\n<\/style>\n<div  class='flex_column av-h5gqs-78db32b6d5b5e7fe8295b473471ff8d0 av_one_third  avia-builder-el-9  el_after_av_one_third  el_before_av_one_third  flex_column_div av-zero-column-padding  column-top-margin'     ><p>\n<style type=\"text\/css\" data-created_by=\"avia_inline_auto\" id=\"style-css-av-kj8fyoz1-58ba4e4c7ffef71ad33f768958b6d77c\">\n.avia-image-container.av-kj8fyoz1-58ba4e4c7ffef71ad33f768958b6d77c img.avia_image{\nbox-shadow:none;\n}\n.avia-image-container.av-kj8fyoz1-58ba4e4c7ffef71ad33f768958b6d77c .av-image-caption-overlay-center{\ncolor:#ffffff;\n}\n<\/style>\n<div  class='avia-image-container av-kj8fyoz1-58ba4e4c7ffef71ad33f768958b6d77c av-styling- avia-align-center  avia-builder-el-10  el_before_av_hr  avia-builder-el-first '   itemprop=\"image\" itemscope=\"itemscope\" itemtype=\"https:\/\/schema.org\/ImageObject\" ><div class=\"avia-image-container-inner\"><div class=\"avia-image-overlay-wrap\"><img decoding=\"async\" fetchpriority=\"high\" class='wp-image-565 avia-img-lazy-loading-not-565 avia_image ' src=\"https:\/\/polimedic-blanes.com\/wp-content\/uploads\/2021\/01\/0-pruebas-diagnosticas-otorrinolaringologia-rinofibrolaringoscopia-300x200.jpg\" alt='' title=''  height=\"200\" width=\"300\"  itemprop=\"thumbnailUrl\" srcset=\"https:\/\/polimedic-blanes.com\/wp-content\/uploads\/2021\/01\/0-pruebas-diagnosticas-otorrinolaringologia-rinofibrolaringoscopia-300x200.jpg 300w, https:\/\/polimedic-blanes.com\/wp-content\/uploads\/2021\/01\/0-pruebas-diagnosticas-otorrinolaringologia-rinofibrolaringoscopia-768x512.jpg 768w, https:\/\/polimedic-blanes.com\/wp-content\/uploads\/2021\/01\/0-pruebas-diagnosticas-otorrinolaringologia-rinofibrolaringoscopia-705x470.jpg 705w, https:\/\/polimedic-blanes.com\/wp-content\/uploads\/2021\/01\/0-pruebas-diagnosticas-otorrinolaringologia-rinofibrolaringoscopia-240x160.jpg 240w, https:\/\/polimedic-blanes.com\/wp-content\/uploads\/2021\/01\/0-pruebas-diagnosticas-otorrinolaringologia-rinofibrolaringoscopia.jpg 900w\" sizes=\"(max-width: 300px) 100vw, 300px\" \/><\/div><\/div><\/div><br \/>\n\n<style type=\"text\/css\" data-created_by=\"avia_inline_auto\" id=\"style-css-av-kj8fzpix-9f86561db1a52836b4b5bcca0870e125\">\n#top .hr.hr-invisible.av-kj8fzpix-9f86561db1a52836b4b5bcca0870e125{\nheight:20px;\n}\n<\/style>\n<div  class='hr av-kj8fzpix-9f86561db1a52836b4b5bcca0870e125 hr-invisible  avia-builder-el-11  el_after_av_image  el_before_av_textblock '><span class='hr-inner '><span class=\"hr-inner-style\"><\/span><\/span><\/div><br \/>\n<section  class='av_textblock_section av-kj8fy4pm-ca17c44e2d69c2293bf57a61dae78135 '   itemscope=\"itemscope\" itemtype=\"https:\/\/schema.org\/CreativeWork\" ><div class='avia_textblock'  itemprop=\"text\" ><h4 style=\"text-align: center;\">Rinofibrolaringoscopia<\/h4>\n<div class=\"contenido\" style=\"text-align: center;\">\n<p>Es\u00a0un procedimiento diagn\u00f3stico que se realiza utilizando una fibra \u00f3ptica para explorar el interior de la nariz buscando deformidades anat\u00f3micas, inflamaci\u00f3n, p\u00f3lipos y otros datos de importancia.<\/p>\n<p>Este procedimiento se realiza para la valoraci\u00f3n inicial en los pacientes con problemas sinus\u00edticos recurrentes, trastornos ventilatorio o patolog\u00edas a nivel laringeo.<\/p>\n<\/div>\n<\/div><\/section><\/p><\/div>\n<style type=\"text\/css\" data-created_by=\"avia_inline_auto\" id=\"style-css-av-b8ke4-8e230fb2b41ef42a513482d810a6076f\">\n.flex_column.av-b8ke4-8e230fb2b41ef42a513482d810a6076f{\nborder-radius:0px 0px 0px 0px;\npadding:0px 0px 0px 0px;\n}\n<\/style>\n<div  class='flex_column av-b8ke4-8e230fb2b41ef42a513482d810a6076f av_one_third  avia-builder-el-13  el_after_av_one_third  avia-builder-el-last  flex_column_div av-zero-column-padding  column-top-margin'     ><p>\n<style type=\"text\/css\" data-created_by=\"avia_inline_auto\" id=\"style-css-av-kj8fyoz1-b5f54659188bb00c230872fe703b255a\">\n.avia-image-container.av-kj8fyoz1-b5f54659188bb00c230872fe703b255a img.avia_image{\nbox-shadow:none;\n}\n.avia-image-container.av-kj8fyoz1-b5f54659188bb00c230872fe703b255a .av-image-caption-overlay-center{\ncolor:#ffffff;\n}\n<\/style>\n<div  class='avia-image-container av-kj8fyoz1-b5f54659188bb00c230872fe703b255a av-styling- avia-align-center  avia-builder-el-14  el_before_av_hr  avia-builder-el-first '   itemprop=\"image\" itemscope=\"itemscope\" itemtype=\"https:\/\/schema.org\/ImageObject\" ><div class=\"avia-image-container-inner\"><div class=\"avia-image-overlay-wrap\"><img decoding=\"async\" fetchpriority=\"high\" class='wp-image-567 avia-img-lazy-loading-not-567 avia_image ' src=\"https:\/\/polimedic-blanes.com\/wp-content\/uploads\/2021\/01\/pruebas-diagnosticas-otorrinolaringologia-audiometria-300x200.jpg\" alt='' title=''  height=\"200\" width=\"300\"  itemprop=\"thumbnailUrl\" srcset=\"https:\/\/polimedic-blanes.com\/wp-content\/uploads\/2021\/01\/pruebas-diagnosticas-otorrinolaringologia-audiometria-300x200.jpg 300w, https:\/\/polimedic-blanes.com\/wp-content\/uploads\/2021\/01\/pruebas-diagnosticas-otorrinolaringologia-audiometria-768x512.jpg 768w, https:\/\/polimedic-blanes.com\/wp-content\/uploads\/2021\/01\/pruebas-diagnosticas-otorrinolaringologia-audiometria-705x470.jpg 705w, https:\/\/polimedic-blanes.com\/wp-content\/uploads\/2021\/01\/pruebas-diagnosticas-otorrinolaringologia-audiometria-240x160.jpg 240w, https:\/\/polimedic-blanes.com\/wp-content\/uploads\/2021\/01\/pruebas-diagnosticas-otorrinolaringologia-audiometria.jpg 900w\" sizes=\"(max-width: 300px) 100vw, 300px\" \/><\/div><\/div><\/div><br \/>\n\n<style type=\"text\/css\" data-created_by=\"avia_inline_auto\" id=\"style-css-av-kj8fzpix-9f86561db1a52836b4b5bcca0870e125\">\n#top .hr.hr-invisible.av-kj8fzpix-9f86561db1a52836b4b5bcca0870e125{\nheight:20px;\n}\n<\/style>\n<div  class='hr av-kj8fzpix-9f86561db1a52836b4b5bcca0870e125 hr-invisible  avia-builder-el-15  el_after_av_image  el_before_av_textblock '><span class='hr-inner '><span class=\"hr-inner-style\"><\/span><\/span><\/div><br \/>\n<section  class='av_textblock_section av-kj8fy4pm-ca17c44e2d69c2293bf57a61dae78135 '   itemscope=\"itemscope\" itemtype=\"https:\/\/schema.org\/CreativeWork\" ><div class='avia_textblock'  itemprop=\"text\" ><h4 style=\"text-align: center;\">Audiometr\u00eda<\/h4>\n<div class=\"contenido\" style=\"text-align: center;\">\n<p>Es una prueba que permite evaluar el funcionamiento del sistema auditivo\u00a0y revela si la audici\u00f3n est\u00e1 alterada en la parte de la transmisi\u00f3n del sonido o en la parte m\u00e1s relacionada con el sistema nervioso.<\/p>\n<p><strong>Procedimiento<\/strong><\/p>\n<p>La audiometr\u00eda se suele llevar a cabo en una cabina audiom\u00e9trica o\u00a0habitaci\u00f3n acondicionada ac\u00fasticamente.\u00a0A trav\u00e9s de una ilustraci\u00f3n gr\u00e1fica se obtienen los resultados\u00a0de la prueba de audici\u00f3n. Se trata de un gr\u00e1fico que muestra los umbrales de audici\u00f3n de una persona en relaci\u00f3n a la audici\u00f3n normal media.<\/p>\n<\/div>\n<\/div><\/section><\/p><\/div>\n","protected":false},"excerpt":{"rendered":"","protected":false},"author":2,"featured_media":0,"parent":1107,"menu_order":0,"comment_status":"closed","ping_status":"closed","template":"","meta":{"footnotes":""},"class_list":["post-1088","page","type-page","status-publish","hentry"],"aioseo_notices":[],"_links":{"self":[{"href":"https:\/\/polimedic-blanes.com\/es\/wp-json\/wp\/v2\/pages\/1088","targetHints":{"allow":["GET"]}}],"collection":[{"href":"https:\/\/polimedic-blanes.com\/es\/wp-json\/wp\/v2\/pages"}],"about":[{"href":"https:\/\/polimedic-blanes.com\/es\/wp-json\/wp\/v2\/types\/page"}],"author":[{"embeddable":true,"href":"https:\/\/polimedic-blanes.com\/es\/wp-json\/wp\/v2\/users\/2"}],"replies":[{"embeddable":true,"href":"https:\/\/polimedic-blanes.com\/es\/wp-json\/wp\/v2\/comments?post=1088"}],"version-history":[{"count":0,"href":"https:\/\/polimedic-blanes.com\/es\/wp-json\/wp\/v2\/pages\/1088\/revisions"}],"up":[{"embeddable":true,"href":"https:\/\/polimedic-blanes.com\/es\/wp-json\/wp\/v2\/pages\/1107"}],"wp:attachment":[{"href":"https:\/\/polimedic-blanes.com\/es\/wp-json\/wp\/v2\/media?parent=1088"}],"curies":[{"name":"wp","href":"https:\/\/api.w.org\/{rel}","templated":true}]}}