{"id":1087,"date":"2021-01-11T14:06:07","date_gmt":"2021-01-11T14:06:07","guid":{"rendered":"https:\/\/polimedic.clonica.net\/podologia\/"},"modified":"2021-03-25T08:35:34","modified_gmt":"2021-03-25T08:35:34","slug":"podologia","status":"publish","type":"page","link":"https:\/\/polimedic-blanes.com\/es\/pruebas-diagnosticas\/podologia\/","title":{"rendered":"Podolog\u00eda"},"content":{"rendered":"<div id='av_section_1'  class='avia-section av-vzjlg-1049dc4b0954b28dd642427e7f95c9bb main_color avia-section-default avia-no-border-styling  avia-builder-el-0  avia-builder-el-no-sibling  avia-bg-style-scroll container_wrap fullsize'  ><div class='container av-section-cont-open' ><main  role=\"main\" itemprop=\"mainContentOfPage\"  class='template-page content  av-content-full alpha units'><div class='post-entry post-entry-type-page post-entry-1087'><div class='entry-content-wrapper clearfix'>\n\n<style type=\"text\/css\" data-created_by=\"avia_inline_auto\" id=\"style-css-av-po43g-3c9898dfde7c81320f9aa76b97a9c270\">\n.flex_column.av-po43g-3c9898dfde7c81320f9aa76b97a9c270{\nborder-radius:0px 0px 0px 0px;\npadding:0px 0px 0px 0px;\n}\n<\/style>\n<div  class='flex_column av-po43g-3c9898dfde7c81320f9aa76b97a9c270 av_one_full  avia-builder-el-1  el_before_av_one_half  avia-builder-el-first  first flex_column_div av-zero-column-padding  '     ><p>\n<style type=\"text\/css\" data-created_by=\"avia_inline_auto\" id=\"style-css-av-kl9eqhwr-5181e74e4b51bfaa54271a196b3eda08\">\n.av_font_icon.av-kl9eqhwr-5181e74e4b51bfaa54271a196b3eda08{\ncolor:#0f7d92;\nborder-color:#0f7d92;\n}\n.avia-svg-icon.av-kl9eqhwr-5181e74e4b51bfaa54271a196b3eda08 svg:first-child{\nstroke:#0f7d92;\nfill:#0f7d92;\n}\n.av_font_icon.av-kl9eqhwr-5181e74e4b51bfaa54271a196b3eda08 .av-icon-char{\nfont-size:50px;\nline-height:50px;\n}\n<\/style>\n<span  class='av_font_icon av-kl9eqhwr-5181e74e4b51bfaa54271a196b3eda08 avia_animate_when_visible av-icon-style- avia-icon-pos-center avia-iconfont avia-font-flaticon avia-icon-animate'><span class='av-icon-char' data-av_icon='\uf10f' data-av_iconfont='flaticon' aria-hidden=\"true\" ><\/span><\/span><br \/>\n\n<style type=\"text\/css\" data-created_by=\"avia_inline_auto\" id=\"style-css-av-kl9eq3ui-8da17720dd0b535dfa6620e9a9eaa5b3\">\n#top .hr.hr-invisible.av-kl9eq3ui-8da17720dd0b535dfa6620e9a9eaa5b3{\nheight:20px;\n}\n<\/style>\n<div  class='hr av-kl9eq3ui-8da17720dd0b535dfa6620e9a9eaa5b3 hr-invisible  avia-builder-el-3  el_after_av_font_icon  el_before_av_textblock '><span class='hr-inner '><span class=\"hr-inner-style\"><\/span><\/span><\/div><br \/>\n<section  class='av_textblock_section av-kj8elys1-79a87571feb4739c53aa13b108d45f61 '   itemscope=\"itemscope\" itemtype=\"https:\/\/schema.org\/CreativeWork\" ><div class='avia_textblock'  itemprop=\"text\" ><h2 style=\"text-align: center;\">Podolog\u00eda<\/h2>\n<\/div><\/section><\/p><\/div>\n<style type=\"text\/css\" data-created_by=\"avia_inline_auto\" id=\"style-css-av-jn0ic-5ceba186bbcae9212ecc8e3ebe4f8fd3\">\n.flex_column.av-jn0ic-5ceba186bbcae9212ecc8e3ebe4f8fd3{\nborder-radius:0px 0px 0px 0px;\npadding:0px 0px 0px 0px;\n}\n<\/style>\n<div  class='flex_column av-jn0ic-5ceba186bbcae9212ecc8e3ebe4f8fd3 av_one_half  avia-builder-el-5  el_after_av_one_full  el_before_av_one_half  first flex_column_div av-zero-column-padding  column-top-margin'     ><p>\n<style type=\"text\/css\" data-created_by=\"avia_inline_auto\" id=\"style-css-av-kj8fyoz1-66fcba478a03f71519af5d27fa9d8247\">\n.avia-image-container.av-kj8fyoz1-66fcba478a03f71519af5d27fa9d8247 img.avia_image{\nbox-shadow:none;\n}\n.avia-image-container.av-kj8fyoz1-66fcba478a03f71519af5d27fa9d8247 .av-image-caption-overlay-center{\ncolor:#ffffff;\n}\n<\/style>\n<div  class='avia-image-container av-kj8fyoz1-66fcba478a03f71519af5d27fa9d8247 av-styling- avia-align-center  avia-builder-el-6  el_before_av_hr  avia-builder-el-first '   itemprop=\"image\" itemscope=\"itemscope\" itemtype=\"https:\/\/schema.org\/ImageObject\" ><div class=\"avia-image-container-inner\"><div class=\"avia-image-overlay-wrap\"><img decoding=\"async\" fetchpriority=\"high\" class='wp-image-572 avia-img-lazy-loading-not-572 avia_image ' src=\"https:\/\/polimedic-blanes.com\/wp-content\/uploads\/2021\/01\/pruebas-diagnosticas-podologia-estudio-de-la-marcha--300x200.jpg\" alt='' title=''  height=\"200\" width=\"300\"  itemprop=\"thumbnailUrl\" srcset=\"https:\/\/polimedic-blanes.com\/wp-content\/uploads\/2021\/01\/pruebas-diagnosticas-podologia-estudio-de-la-marcha--300x200.jpg 300w, https:\/\/polimedic-blanes.com\/wp-content\/uploads\/2021\/01\/pruebas-diagnosticas-podologia-estudio-de-la-marcha--768x512.jpg 768w, https:\/\/polimedic-blanes.com\/wp-content\/uploads\/2021\/01\/pruebas-diagnosticas-podologia-estudio-de-la-marcha--705x470.jpg 705w, https:\/\/polimedic-blanes.com\/wp-content\/uploads\/2021\/01\/pruebas-diagnosticas-podologia-estudio-de-la-marcha--240x160.jpg 240w, https:\/\/polimedic-blanes.com\/wp-content\/uploads\/2021\/01\/pruebas-diagnosticas-podologia-estudio-de-la-marcha-.jpg 900w\" sizes=\"(max-width: 300px) 100vw, 300px\" \/><\/div><\/div><\/div><br \/>\n\n<style type=\"text\/css\" data-created_by=\"avia_inline_auto\" id=\"style-css-av-kj8fzpix-9f86561db1a52836b4b5bcca0870e125\">\n#top .hr.hr-invisible.av-kj8fzpix-9f86561db1a52836b4b5bcca0870e125{\nheight:20px;\n}\n<\/style>\n<div  class='hr av-kj8fzpix-9f86561db1a52836b4b5bcca0870e125 hr-invisible  avia-builder-el-7  el_after_av_image  el_before_av_textblock '><span class='hr-inner '><span class=\"hr-inner-style\"><\/span><\/span><\/div><br \/>\n<section  class='av_textblock_section av-kj8fy4pm-ca17c44e2d69c2293bf57a61dae78135 '   itemscope=\"itemscope\" itemtype=\"https:\/\/schema.org\/CreativeWork\" ><div class='avia_textblock'  itemprop=\"text\" ><h4 style=\"text-align: center;\">Estudio de la Marcha<\/h4>\n<div class=\"contenido\" style=\"text-align: center;\">\n<p>El objetivo de esta prueba es prevenir y resolver problemas derivados de alg\u00fan tipo de desviaci\u00f3n en la forma de andar o correr.<\/p>\n<p><strong>\u00bfPara que sirve?<\/strong><\/p>\n<p>Sirve tambi\u00e9n para examinar la funcionalidad del pie en su totalidad, el rango de flexi\u00f3n del tobillo, el funcionamiento de la articulaci\u00f3n del primer dedo, la flexibilidad de la musculatura, dismetr\u00edas de los miembros inferiores, etc. Hay casos en que los dos pies trabajan de un modo diferente, y cuando esto supone alg\u00fan tipo de molestia o problema es necesario solucionarlo, para lo que tenemos la posibilidad de realizar\u00a0plantillas a medida.<\/p>\n<\/div>\n<\/div><\/section><\/p><\/div>\n<style type=\"text\/css\" data-created_by=\"avia_inline_auto\" id=\"style-css-av-h5gqs-78db32b6d5b5e7fe8295b473471ff8d0\">\n.flex_column.av-h5gqs-78db32b6d5b5e7fe8295b473471ff8d0{\nborder-radius:0px 0px 0px 0px;\npadding:0px 0px 0px 0px;\n}\n<\/style>\n<div  class='flex_column av-h5gqs-78db32b6d5b5e7fe8295b473471ff8d0 av_one_half  avia-builder-el-9  el_after_av_one_half  avia-builder-el-last  flex_column_div av-zero-column-padding  column-top-margin'     ><p>\n<style type=\"text\/css\" data-created_by=\"avia_inline_auto\" id=\"style-css-av-kj8fyoz1-a960ef2de130890673eab744170032d8\">\n.avia-image-container.av-kj8fyoz1-a960ef2de130890673eab744170032d8 img.avia_image{\nbox-shadow:none;\n}\n.avia-image-container.av-kj8fyoz1-a960ef2de130890673eab744170032d8 .av-image-caption-overlay-center{\ncolor:#ffffff;\n}\n<\/style>\n<div  class='avia-image-container av-kj8fyoz1-a960ef2de130890673eab744170032d8 av-styling- avia-align-center  avia-builder-el-10  el_before_av_hr  avia-builder-el-first '   itemprop=\"image\" itemscope=\"itemscope\" itemtype=\"https:\/\/schema.org\/ImageObject\" ><div class=\"avia-image-container-inner\"><div class=\"avia-image-overlay-wrap\"><img decoding=\"async\" fetchpriority=\"high\" class='wp-image-574 avia-img-lazy-loading-not-574 avia_image ' src=\"https:\/\/polimedic-blanes.com\/wp-content\/uploads\/2021\/01\/pruebas-diagnosticas-podologia-plantillas-personalizadas-300x200.jpg\" alt='' title=''  height=\"200\" width=\"300\"  itemprop=\"thumbnailUrl\" srcset=\"https:\/\/polimedic-blanes.com\/wp-content\/uploads\/2021\/01\/pruebas-diagnosticas-podologia-plantillas-personalizadas-300x200.jpg 300w, https:\/\/polimedic-blanes.com\/wp-content\/uploads\/2021\/01\/pruebas-diagnosticas-podologia-plantillas-personalizadas-768x512.jpg 768w, https:\/\/polimedic-blanes.com\/wp-content\/uploads\/2021\/01\/pruebas-diagnosticas-podologia-plantillas-personalizadas-705x470.jpg 705w, https:\/\/polimedic-blanes.com\/wp-content\/uploads\/2021\/01\/pruebas-diagnosticas-podologia-plantillas-personalizadas-240x160.jpg 240w, https:\/\/polimedic-blanes.com\/wp-content\/uploads\/2021\/01\/pruebas-diagnosticas-podologia-plantillas-personalizadas.jpg 900w\" sizes=\"(max-width: 300px) 100vw, 300px\" \/><\/div><\/div><\/div><br \/>\n\n<style type=\"text\/css\" data-created_by=\"avia_inline_auto\" id=\"style-css-av-kj8fzpix-9f86561db1a52836b4b5bcca0870e125\">\n#top .hr.hr-invisible.av-kj8fzpix-9f86561db1a52836b4b5bcca0870e125{\nheight:20px;\n}\n<\/style>\n<div  class='hr av-kj8fzpix-9f86561db1a52836b4b5bcca0870e125 hr-invisible  avia-builder-el-11  el_after_av_image  el_before_av_textblock '><span class='hr-inner '><span class=\"hr-inner-style\"><\/span><\/span><\/div><br \/>\n<section  class='av_textblock_section av-kj8fy4pm-ca17c44e2d69c2293bf57a61dae78135 '   itemscope=\"itemscope\" itemtype=\"https:\/\/schema.org\/CreativeWork\" ><div class='avia_textblock'  itemprop=\"text\" ><h4 style=\"text-align: center;\">Plantillas Personalizadas<\/h4>\n<div class=\"contenido\" style=\"text-align: center;\">Las\u00a0plantillas hechas a medida por pod\u00f3logos\u00a0son realizadas despu\u00e9s de un estudio biomec\u00e1nico por lo que sirven para corregir y mejorar cualquier patolog\u00eda que se haya detectado<\/div>\n<\/div><\/section><\/p><\/div>\n","protected":false},"excerpt":{"rendered":"","protected":false},"author":2,"featured_media":0,"parent":1107,"menu_order":0,"comment_status":"closed","ping_status":"closed","template":"","meta":{"footnotes":""},"class_list":["post-1087","page","type-page","status-publish","hentry"],"aioseo_notices":[],"_links":{"self":[{"href":"https:\/\/polimedic-blanes.com\/es\/wp-json\/wp\/v2\/pages\/1087","targetHints":{"allow":["GET"]}}],"collection":[{"href":"https:\/\/polimedic-blanes.com\/es\/wp-json\/wp\/v2\/pages"}],"about":[{"href":"https:\/\/polimedic-blanes.com\/es\/wp-json\/wp\/v2\/types\/page"}],"author":[{"embeddable":true,"href":"https:\/\/polimedic-blanes.com\/es\/wp-json\/wp\/v2\/users\/2"}],"replies":[{"embeddable":true,"href":"https:\/\/polimedic-blanes.com\/es\/wp-json\/wp\/v2\/comments?post=1087"}],"version-history":[{"count":0,"href":"https:\/\/polimedic-blanes.com\/es\/wp-json\/wp\/v2\/pages\/1087\/revisions"}],"up":[{"embeddable":true,"href":"https:\/\/polimedic-blanes.com\/es\/wp-json\/wp\/v2\/pages\/1107"}],"wp:attachment":[{"href":"https:\/\/polimedic-blanes.com\/es\/wp-json\/wp\/v2\/media?parent=1087"}],"curies":[{"name":"wp","href":"https:\/\/api.w.org\/{rel}","templated":true}]}}