{"id":1081,"date":"2021-01-11T14:25:04","date_gmt":"2021-01-11T14:25:04","guid":{"rendered":"https:\/\/polimedic.clonica.net\/traumatologia\/"},"modified":"2021-03-25T09:58:19","modified_gmt":"2021-03-25T09:58:19","slug":"traumatologia","status":"publish","type":"page","link":"https:\/\/polimedic-blanes.com\/es\/pruebas-diagnosticas\/traumatologia\/","title":{"rendered":"Traumatolog\u00eda"},"content":{"rendered":"<div id='av_section_1'  class='avia-section av-vzjlg-1049dc4b0954b28dd642427e7f95c9bb main_color avia-section-default avia-no-border-styling  avia-builder-el-0  avia-builder-el-no-sibling  avia-bg-style-scroll container_wrap fullsize'  ><div class='container av-section-cont-open' ><main  role=\"main\" itemprop=\"mainContentOfPage\"  class='template-page content  av-content-full alpha units'><div class='post-entry post-entry-type-page post-entry-1081'><div class='entry-content-wrapper clearfix'>\n\n<style type=\"text\/css\" data-created_by=\"avia_inline_auto\" id=\"style-css-av-po43g-3c9898dfde7c81320f9aa76b97a9c270\">\n.flex_column.av-po43g-3c9898dfde7c81320f9aa76b97a9c270{\nborder-radius:0px 0px 0px 0px;\npadding:0px 0px 0px 0px;\n}\n<\/style>\n<div  class='flex_column av-po43g-3c9898dfde7c81320f9aa76b97a9c270 av_one_full  avia-builder-el-1  el_before_av_one_third  avia-builder-el-first  first flex_column_div av-zero-column-padding  '     ><p>\n<style type=\"text\/css\" data-created_by=\"avia_inline_auto\" id=\"style-css-av-kl9f58xt-9c548faa10293efbd964f3575e476d3a\">\n.av_font_icon.av-kl9f58xt-9c548faa10293efbd964f3575e476d3a{\ncolor:#0f7d92;\nborder-color:#0f7d92;\n}\n.avia-svg-icon.av-kl9f58xt-9c548faa10293efbd964f3575e476d3a svg:first-child{\nstroke:#0f7d92;\nfill:#0f7d92;\n}\n.av_font_icon.av-kl9f58xt-9c548faa10293efbd964f3575e476d3a .av-icon-char{\nfont-size:50px;\nline-height:50px;\n}\n<\/style>\n<span  class='av_font_icon av-kl9f58xt-9c548faa10293efbd964f3575e476d3a avia_animate_when_visible av-icon-style- avia-icon-pos-center avia-iconfont avia-font-flaticon avia-icon-animate'><span class='av-icon-char' data-av_icon='\uf10a' data-av_iconfont='flaticon' aria-hidden=\"true\" ><\/span><\/span><br \/>\n\n<style type=\"text\/css\" data-created_by=\"avia_inline_auto\" id=\"style-css-av-kl9f2zk4-48f444f2e3ebe59e0e1f33aebf5eb7e6\">\n#top .hr.hr-invisible.av-kl9f2zk4-48f444f2e3ebe59e0e1f33aebf5eb7e6{\nheight:20px;\n}\n<\/style>\n<div  class='hr av-kl9f2zk4-48f444f2e3ebe59e0e1f33aebf5eb7e6 hr-invisible  avia-builder-el-3  el_after_av_font_icon  el_before_av_textblock '><span class='hr-inner '><span class=\"hr-inner-style\"><\/span><\/span><\/div><br \/>\n<section  class='av_textblock_section av-kj8elys1-79a87571feb4739c53aa13b108d45f61 '   itemscope=\"itemscope\" itemtype=\"https:\/\/schema.org\/CreativeWork\" ><div class='avia_textblock'  itemprop=\"text\" ><h2 style=\"text-align: center;\">Traumatolog\u00eda<\/h2>\n<\/div><\/section><\/p><\/div>\n<style type=\"text\/css\" data-created_by=\"avia_inline_auto\" id=\"style-css-av-jn0ic-5ceba186bbcae9212ecc8e3ebe4f8fd3\">\n.flex_column.av-jn0ic-5ceba186bbcae9212ecc8e3ebe4f8fd3{\nborder-radius:0px 0px 0px 0px;\npadding:0px 0px 0px 0px;\n}\n<\/style>\n<div  class='flex_column av-jn0ic-5ceba186bbcae9212ecc8e3ebe4f8fd3 av_one_third  avia-builder-el-5  el_after_av_one_full  el_before_av_one_third  first flex_column_div av-zero-column-padding  column-top-margin'     ><p>\n<style type=\"text\/css\" data-created_by=\"avia_inline_auto\" id=\"style-css-av-kj8fyoz1-5e69df3b1db67bbfc8abbeebbd307753\">\n.avia-image-container.av-kj8fyoz1-5e69df3b1db67bbfc8abbeebbd307753 img.avia_image{\nbox-shadow:none;\n}\n.avia-image-container.av-kj8fyoz1-5e69df3b1db67bbfc8abbeebbd307753 .av-image-caption-overlay-center{\ncolor:#ffffff;\n}\n<\/style>\n<div  class='avia-image-container av-kj8fyoz1-5e69df3b1db67bbfc8abbeebbd307753 av-styling- avia-align-center  avia-builder-el-6  el_before_av_hr  avia-builder-el-first '   itemprop=\"image\" itemscope=\"itemscope\" itemtype=\"https:\/\/schema.org\/ImageObject\" ><div class=\"avia-image-container-inner\"><div class=\"avia-image-overlay-wrap\"><img decoding=\"async\" fetchpriority=\"high\" class='wp-image-588 avia-img-lazy-loading-not-588 avia_image ' src=\"https:\/\/polimedic-blanes.com\/wp-content\/uploads\/2021\/01\/pruebas-diagnosticas-traumatologia-infiltracion-corticoides-300x200.jpg\" alt='' title=''  height=\"200\" width=\"300\"  itemprop=\"thumbnailUrl\" srcset=\"https:\/\/polimedic-blanes.com\/wp-content\/uploads\/2021\/01\/pruebas-diagnosticas-traumatologia-infiltracion-corticoides-300x200.jpg 300w, https:\/\/polimedic-blanes.com\/wp-content\/uploads\/2021\/01\/pruebas-diagnosticas-traumatologia-infiltracion-corticoides-768x512.jpg 768w, https:\/\/polimedic-blanes.com\/wp-content\/uploads\/2021\/01\/pruebas-diagnosticas-traumatologia-infiltracion-corticoides-705x470.jpg 705w, https:\/\/polimedic-blanes.com\/wp-content\/uploads\/2021\/01\/pruebas-diagnosticas-traumatologia-infiltracion-corticoides-240x160.jpg 240w, https:\/\/polimedic-blanes.com\/wp-content\/uploads\/2021\/01\/pruebas-diagnosticas-traumatologia-infiltracion-corticoides.jpg 900w\" sizes=\"(max-width: 300px) 100vw, 300px\" \/><\/div><\/div><\/div><br \/>\n\n<style type=\"text\/css\" data-created_by=\"avia_inline_auto\" id=\"style-css-av-kj8fzpix-9f86561db1a52836b4b5bcca0870e125\">\n#top .hr.hr-invisible.av-kj8fzpix-9f86561db1a52836b4b5bcca0870e125{\nheight:20px;\n}\n<\/style>\n<div  class='hr av-kj8fzpix-9f86561db1a52836b4b5bcca0870e125 hr-invisible  avia-builder-el-7  el_after_av_image  el_before_av_textblock '><span class='hr-inner '><span class=\"hr-inner-style\"><\/span><\/span><\/div><br \/>\n<section  class='av_textblock_section av-kj8fy4pm-ca17c44e2d69c2293bf57a61dae78135 '   itemscope=\"itemscope\" itemtype=\"https:\/\/schema.org\/CreativeWork\" ><div class='avia_textblock'  itemprop=\"text\" ><h4 style=\"text-align: center;\">Infiltraciones de \u00c1cido Hialur\u00f3nico<\/h4>\n<div class=\"contenido\" style=\"text-align: center;\">\n<p>El\u00a0<strong>\u00e1cido hialur\u00f3nico<\/strong>\u00a0es una sustancia que el cuerpo puede fabricar por s\u00ed mismo. Est\u00e1 presente de manera natural en el organismo formando parte del tejido conjuntivo en elementos como el cart\u00edlago, los ligamentos, los tendones, los huesos, etc.<\/p>\n<p>El objetivo de las\u00a0<strong>infiltraciones de \u00e1cido hialur\u00f3nico<\/strong>\u00a0es aliviar s\u00edntomas como el dolor y la incapacidad funcional.<\/p>\n<p>En las articulaciones, su objetivo es apoyar la labor lubricante del l\u00edquido articular, mejorar la capacidad de absorci\u00f3n de impactos de la articulaci\u00f3n, nutrir las estructuras internas de la rodilla (cart\u00edlago, meniscos, ligamentos) y disminuir la inflamaci\u00f3n y el dolor en las articulaciones con lubrificaci\u00f3n deficiente o con p\u00e9rdida del cart\u00edlago articular.<\/p>\n<\/div>\n<\/div><\/section><\/p><\/div>\n<style type=\"text\/css\" data-created_by=\"avia_inline_auto\" id=\"style-css-av-h5gqs-78db32b6d5b5e7fe8295b473471ff8d0\">\n.flex_column.av-h5gqs-78db32b6d5b5e7fe8295b473471ff8d0{\nborder-radius:0px 0px 0px 0px;\npadding:0px 0px 0px 0px;\n}\n<\/style>\n<div  class='flex_column av-h5gqs-78db32b6d5b5e7fe8295b473471ff8d0 av_one_third  avia-builder-el-9  el_after_av_one_third  el_before_av_one_third  flex_column_div av-zero-column-padding  column-top-margin'     ><p>\n<style type=\"text\/css\" data-created_by=\"avia_inline_auto\" id=\"style-css-av-kj8fyoz1-5e69df3b1db67bbfc8abbeebbd307753\">\n.avia-image-container.av-kj8fyoz1-5e69df3b1db67bbfc8abbeebbd307753 img.avia_image{\nbox-shadow:none;\n}\n.avia-image-container.av-kj8fyoz1-5e69df3b1db67bbfc8abbeebbd307753 .av-image-caption-overlay-center{\ncolor:#ffffff;\n}\n<\/style>\n<div  class='avia-image-container av-kj8fyoz1-5e69df3b1db67bbfc8abbeebbd307753 av-styling- avia-align-center  avia-builder-el-10  el_before_av_hr  avia-builder-el-first '   itemprop=\"image\" itemscope=\"itemscope\" itemtype=\"https:\/\/schema.org\/ImageObject\" ><div class=\"avia-image-container-inner\"><div class=\"avia-image-overlay-wrap\"><img decoding=\"async\" fetchpriority=\"high\" class='wp-image-588 avia-img-lazy-loading-not-588 avia_image ' src=\"https:\/\/polimedic-blanes.com\/wp-content\/uploads\/2021\/01\/pruebas-diagnosticas-traumatologia-infiltracion-corticoides-300x200.jpg\" alt='' title=''  height=\"200\" width=\"300\"  itemprop=\"thumbnailUrl\" srcset=\"https:\/\/polimedic-blanes.com\/wp-content\/uploads\/2021\/01\/pruebas-diagnosticas-traumatologia-infiltracion-corticoides-300x200.jpg 300w, https:\/\/polimedic-blanes.com\/wp-content\/uploads\/2021\/01\/pruebas-diagnosticas-traumatologia-infiltracion-corticoides-768x512.jpg 768w, https:\/\/polimedic-blanes.com\/wp-content\/uploads\/2021\/01\/pruebas-diagnosticas-traumatologia-infiltracion-corticoides-705x470.jpg 705w, https:\/\/polimedic-blanes.com\/wp-content\/uploads\/2021\/01\/pruebas-diagnosticas-traumatologia-infiltracion-corticoides-240x160.jpg 240w, https:\/\/polimedic-blanes.com\/wp-content\/uploads\/2021\/01\/pruebas-diagnosticas-traumatologia-infiltracion-corticoides.jpg 900w\" sizes=\"(max-width: 300px) 100vw, 300px\" \/><\/div><\/div><\/div><br \/>\n\n<style type=\"text\/css\" data-created_by=\"avia_inline_auto\" id=\"style-css-av-kj8fzpix-9f86561db1a52836b4b5bcca0870e125\">\n#top .hr.hr-invisible.av-kj8fzpix-9f86561db1a52836b4b5bcca0870e125{\nheight:20px;\n}\n<\/style>\n<div  class='hr av-kj8fzpix-9f86561db1a52836b4b5bcca0870e125 hr-invisible  avia-builder-el-11  el_after_av_image  el_before_av_textblock '><span class='hr-inner '><span class=\"hr-inner-style\"><\/span><\/span><\/div><br \/>\n<section  class='av_textblock_section av-kj8fy4pm-ca17c44e2d69c2293bf57a61dae78135 '   itemscope=\"itemscope\" itemtype=\"https:\/\/schema.org\/CreativeWork\" ><div class='avia_textblock'  itemprop=\"text\" ><h4 style=\"text-align: center;\">Factores De Crecimiento<\/h4>\n<div class=\"contenido\" style=\"text-align: center;\">\n<p>Son un conjunto de prote\u00ednas que se encuentran en el plasma sangu\u00edneo y en nuestras plaquetas y desencadenan un efecto importante en la regeneraci\u00f3n de los tejidos, lo que provoca la generaci\u00f3n de vasos sangu\u00edneos y la migraci\u00f3n de las c\u00e9lulas a los lugares en los que es necesario que se produzca esa regeneraci\u00f3n.<\/p>\n<p>La utilizaci\u00f3n de los propios factores de crecimiento sirve para reducir la inflamaci\u00f3n, iniciar la formaci\u00f3n de tejido nuevo, la cicatrizaci\u00f3n, la reparaci\u00f3n de tejidos, o la curaci\u00f3n de ligamentos, m\u00fasculos, piel, etc\u00e9tera.<\/p>\n<\/div>\n<\/div><\/section><\/p><\/div>\n<style type=\"text\/css\" data-created_by=\"avia_inline_auto\" id=\"style-css-av-b8ke4-8e230fb2b41ef42a513482d810a6076f\">\n.flex_column.av-b8ke4-8e230fb2b41ef42a513482d810a6076f{\nborder-radius:0px 0px 0px 0px;\npadding:0px 0px 0px 0px;\n}\n<\/style>\n<div  class='flex_column av-b8ke4-8e230fb2b41ef42a513482d810a6076f av_one_third  avia-builder-el-13  el_after_av_one_third  avia-builder-el-last  flex_column_div av-zero-column-padding  column-top-margin'     ><p>\n<style type=\"text\/css\" data-created_by=\"avia_inline_auto\" id=\"style-css-av-kj8fyoz1-5e69df3b1db67bbfc8abbeebbd307753\">\n.avia-image-container.av-kj8fyoz1-5e69df3b1db67bbfc8abbeebbd307753 img.avia_image{\nbox-shadow:none;\n}\n.avia-image-container.av-kj8fyoz1-5e69df3b1db67bbfc8abbeebbd307753 .av-image-caption-overlay-center{\ncolor:#ffffff;\n}\n<\/style>\n<div  class='avia-image-container av-kj8fyoz1-5e69df3b1db67bbfc8abbeebbd307753 av-styling- avia-align-center  avia-builder-el-14  el_before_av_hr  avia-builder-el-first '   itemprop=\"image\" itemscope=\"itemscope\" itemtype=\"https:\/\/schema.org\/ImageObject\" ><div class=\"avia-image-container-inner\"><div class=\"avia-image-overlay-wrap\"><img decoding=\"async\" fetchpriority=\"high\" class='wp-image-588 avia-img-lazy-loading-not-588 avia_image ' src=\"https:\/\/polimedic-blanes.com\/wp-content\/uploads\/2021\/01\/pruebas-diagnosticas-traumatologia-infiltracion-corticoides-300x200.jpg\" alt='' title=''  height=\"200\" width=\"300\"  itemprop=\"thumbnailUrl\" srcset=\"https:\/\/polimedic-blanes.com\/wp-content\/uploads\/2021\/01\/pruebas-diagnosticas-traumatologia-infiltracion-corticoides-300x200.jpg 300w, https:\/\/polimedic-blanes.com\/wp-content\/uploads\/2021\/01\/pruebas-diagnosticas-traumatologia-infiltracion-corticoides-768x512.jpg 768w, https:\/\/polimedic-blanes.com\/wp-content\/uploads\/2021\/01\/pruebas-diagnosticas-traumatologia-infiltracion-corticoides-705x470.jpg 705w, https:\/\/polimedic-blanes.com\/wp-content\/uploads\/2021\/01\/pruebas-diagnosticas-traumatologia-infiltracion-corticoides-240x160.jpg 240w, https:\/\/polimedic-blanes.com\/wp-content\/uploads\/2021\/01\/pruebas-diagnosticas-traumatologia-infiltracion-corticoides.jpg 900w\" sizes=\"(max-width: 300px) 100vw, 300px\" \/><\/div><\/div><\/div><br \/>\n\n<style type=\"text\/css\" data-created_by=\"avia_inline_auto\" id=\"style-css-av-kj8fzpix-9f86561db1a52836b4b5bcca0870e125\">\n#top .hr.hr-invisible.av-kj8fzpix-9f86561db1a52836b4b5bcca0870e125{\nheight:20px;\n}\n<\/style>\n<div  class='hr av-kj8fzpix-9f86561db1a52836b4b5bcca0870e125 hr-invisible  avia-builder-el-15  el_after_av_image  el_before_av_textblock '><span class='hr-inner '><span class=\"hr-inner-style\"><\/span><\/span><\/div><br \/>\n<section  class='av_textblock_section av-kj8fy4pm-ca17c44e2d69c2293bf57a61dae78135 '   itemscope=\"itemscope\" itemtype=\"https:\/\/schema.org\/CreativeWork\" ><div class='avia_textblock'  itemprop=\"text\" ><h4 style=\"text-align: center;\">Infiltraci\u00f3n con Corticoides<\/h4>\n<div class=\"contenido\" style=\"text-align: center;\">\n<p>Una\u00a0infiltraci\u00f3n\u00a0consiste en la\u00a0inyecci\u00f3n\u00a0de un\u00a0medicamento\u00a0en una\u00a0articulaci\u00f3n, una\u00a0herida, un tejido blando o un\u00a0nervio, para que act\u00fae directamente sobre la zona lesionada.\u200b<\/p>\n<p>En general se utilizan en procesos inflamatorios localizados dolorosos, con el objetivo de aliviar el dolor de manera r\u00e1pida, recuperar movilidad y acelerar el proceso curativo de:<\/p>\n<p>&#8211; Inflamaciones articulares agudas o cr\u00f3nicas, tipo\u00a0artrosis,\u00a0artritis, capsulitis o\u00a0bursitis.<\/p>\n<p>&#8211; Inflamaci\u00f3n de tejidos blandos no infectados, tipo\u00a0tenosinovitis,\u00a0fascitis\u00a0o\u00a0neuritis de Morton.<\/p>\n<p>&#8211; Insuficiente respuesta terap\u00e9utica a tratamientos farmacol\u00f3gicos sist\u00e9micos.<\/p>\n<\/div>\n<\/div><\/section><\/p><\/div>\n","protected":false},"excerpt":{"rendered":"","protected":false},"author":2,"featured_media":0,"parent":1107,"menu_order":0,"comment_status":"closed","ping_status":"closed","template":"","meta":{"footnotes":""},"class_list":["post-1081","page","type-page","status-publish","hentry"],"aioseo_notices":[],"_links":{"self":[{"href":"https:\/\/polimedic-blanes.com\/es\/wp-json\/wp\/v2\/pages\/1081","targetHints":{"allow":["GET"]}}],"collection":[{"href":"https:\/\/polimedic-blanes.com\/es\/wp-json\/wp\/v2\/pages"}],"about":[{"href":"https:\/\/polimedic-blanes.com\/es\/wp-json\/wp\/v2\/types\/page"}],"author":[{"embeddable":true,"href":"https:\/\/polimedic-blanes.com\/es\/wp-json\/wp\/v2\/users\/2"}],"replies":[{"embeddable":true,"href":"https:\/\/polimedic-blanes.com\/es\/wp-json\/wp\/v2\/comments?post=1081"}],"version-history":[{"count":0,"href":"https:\/\/polimedic-blanes.com\/es\/wp-json\/wp\/v2\/pages\/1081\/revisions"}],"up":[{"embeddable":true,"href":"https:\/\/polimedic-blanes.com\/es\/wp-json\/wp\/v2\/pages\/1107"}],"wp:attachment":[{"href":"https:\/\/polimedic-blanes.com\/es\/wp-json\/wp\/v2\/media?parent=1081"}],"curies":[{"name":"wp","href":"https:\/\/api.w.org\/{rel}","templated":true}]}}