{"id":1067,"date":"2021-03-01T12:21:51","date_gmt":"2021-03-01T12:21:51","guid":{"rendered":"https:\/\/polimedic.clonica.net\/politica-de-privacitat\/"},"modified":"2024-05-22T09:38:29","modified_gmt":"2024-05-22T09:38:29","slug":"politica-de-privacidad","status":"publish","type":"page","link":"https:\/\/polimedic-blanes.com\/es\/politica-de-privacidad\/","title":{"rendered":"Pol\u00edtica de Privacidad"},"content":{"rendered":"<div  class='flex_column av-1xp0wb-d7aee8d11916f5b0a54a0e41a16d96a6 av_one_full  avia-builder-el-0  avia-builder-el-no-sibling  first flex_column_div  '     ><section  class='av_textblock_section av-lkvbxwqd-743d0174891eb9f99b9a7911b4ebeac7 '   itemscope=\"itemscope\" itemtype=\"https:\/\/schema.org\/CreativeWork\" ><div class='avia_textblock'  itemprop=\"text\" ><h2>POL\u00cdTICA DE PRIVACIDAD<\/h2>\n<p><strong>\u00a0<\/strong><\/p>\n<blockquote>\n<h2>INFORMACI\u00d3N AL USUARIO<\/h2>\n<\/blockquote>\n<p><strong>\u00a0<\/strong><\/p>\n<h3>\u00bfQui\u00e9n es el responsable del tratamiento de tus datos personales?<\/h3>\n<p><strong>Polim\u00e8dic SL <\/strong>es el RESPONSABLE del tratamiento de los datos personales del USUARIO y le informa de que estos datos ser\u00e1n tratados de conformidad con lo dispuesto en el Reglamento (UE) 2016\/679, de 27 de abril (GDPR), y la Ley Org\u00e1nica 3\/2018, de 5 de diciembre (LOPDGDD).<\/p>\n<h3>\u00bfPara qu\u00e9 tratamos tus datos personales y por qu\u00e9 lo hacemos?<\/h3>\n<p>Sus datos personales son necesarios para poder relacionarnos con usted y poder prestarle nuestros servicios. En este sentido, pondremos a su disposici\u00f3n una serie de casillas que le permitir\u00e1n decidir de manera clara y sencilla sobre el uso de su informaci\u00f3n personal.<\/p>\n<p>Seg\u00fan el formulario donde hayamos obtenido sus datos personales, los trataremos de manera confidencial para alcanzar los siguientes fines:<\/p>\n<p>En el formulario <strong>Citas<\/strong><\/p>\n<ul>\n<li>Agendar citas y reuniones con el responsable.<br \/>\n(por el inter\u00e9s leg\u00edtimo del responsable, art. 6.1.f GDPR)<\/li>\n<\/ul>\n<p>En el formulario <strong>Contacto<\/strong><\/p>\n<ul>\n<li>\u00a0Dar respuesta a las consultas o cualquier tipo de petici\u00f3n que sea realizada por el usuario a trav\u00e9s de cualquiera de las formas de contacto que se ponen a su disposici\u00f3n en la p\u00e1gina web del responsable.<br \/>\n(<em>por el inter\u00e9s leg\u00edtimo del responsable, art. 6.1.f GDPR<\/em>)<\/li>\n<li>\u00a0Realizar an\u00e1lisis estad\u00edsticos y estudios de mercado.<br \/>\n(<em>por<\/em> <em>el<\/em> <em>inter\u00e9s<\/em> <em>leg\u00edtimo<\/em> <em>del<\/em> <em>responsable,<\/em> <em>art.<\/em> <em>6.1.f<\/em> <em>GDPR<\/em>)<\/li>\n<\/ul>\n<p>En el formulario <strong>Curr\u00edculum<\/strong><\/p>\n<ul>\n<li>\u00a0Hacer part\u00edcipe al interesado en los procesos de selecci\u00f3n de personal y analizar el perfil del solicitante con el objetivo de seleccionar un candidato para el puesto vacante del responsable.<br \/>\n(por el consentimiento del interesado, 6.1.a GDPR)<\/li>\n<\/ul>\n<p>En el formulario <strong>Canal \u00e9tico o de denuncias<\/strong><\/p>\n<ul>\n<li>\u00a0Gestionar adecuadamente el canal \u00e9tico, tramitando las correspondientes irregularidades notificadas a trav\u00e9s del mismo, y decidiendo sobre la procedencia de iniciar una investigaci\u00f3n, al objeto de detectar posibles delitos y prevenir la imposici\u00f3n de cualquier tipo de responsabilidad, as\u00ed como para evitar cualquier tipo de conducta contraria a la normativa interna o externa de la entidad.<br \/>\n(para el cumplimiento de una obligaci\u00f3n legal, 6.1.c GDPR)<\/li>\n<\/ul>\n<h3>\u00bfDurante cu\u00e1nto tiempo guardaremos tus datos personales?<\/h3>\n<p>Se conservar\u00e1n durante no m\u00e1s tiempo del necesario para mantener el fin del tratamiento o existan prescripciones legales que dictaminen su custodia y cuando ya no sea necesario para ello, se suprimir\u00e1n con medidas de seguridad adecuadas para garantizar la anonimizaci\u00f3n de los datos o la destrucci\u00f3n total de los mismos.<\/p>\n<h3>\u00bfA qui\u00e9n facilitamos tus datos personales?<\/h3>\n<p>Con car\u00e1cter general, s\u00f3lo el personal de nuestra entidad que est\u00e9 debidamente autorizado podr\u00e1 tener conocimiento de la informaci\u00f3n que le pedimos.<\/p>\n<p>De igual modo, podr\u00e1n tener conocimiento de su informaci\u00f3n personal aquellas entidades que necesiten tener acceso a la misma para que podamos prestarle nuestros servicios. As\u00ed, por ejemplo, nuestro banco conocer\u00e1 sus datos si el pago de nuestros servicios se realiza mediante tarjeta o transferencia bancaria.<\/p>\n<p>Asimismo, tendr\u00e1n conocimiento de su informaci\u00f3n aquellas entidades p\u00fablicas o privadas a las cuales estemos obligados a facilitar sus datos personales con motivo del cumplimiento de alguna ley. Poni\u00e9ndole un ejemplo, la Ley Tributaria obliga a facilitar a la Agencia Tributaria determinada informaci\u00f3n sobre operaciones econ\u00f3micas que superen una determinada cantidad.<\/p>\n<p>As\u00ed como a las empresas del grupo para poder prestarle el servicio solicitado o especialidad medica solicitada a algunas de nuestras empresas asociadas.<\/p>\n<p>En el caso de que, al margen de los supuestos comentados, necesitemos dar a conocer su informaci\u00f3n personal a otras entidades, le solicitaremos previamente su permiso a trav\u00e9s de opciones claras que le permitir\u00e1n decidir a este respecto.<\/p>\n<p>No est\u00e1 prevista ninguna comunicaci\u00f3n de datos personales a terceros salvo, si fuese necesario para el desarrollo y ejecuci\u00f3n de las finalidades del tratamiento, a nuestros proveedores de servicios relacionados con comunicaciones, con los cuales el RESPONSABLE tiene suscritos los contratos de confidencialidad y de encargado de tratamiento exigidos por la normativa vigente de privacidad.<\/p>\n<h3>\u00bfCu\u00e1les son tus derechos?<\/h3>\n<p>Los derechos que asisten al USUARIO son:<\/p>\n<ul>\n<li>\u00a0Derecho a retirar el consentimiento en cualquier momento.<\/li>\n<li>\u00a0Derecho de acceso, rectificaci\u00f3n, portabilidad y supresi\u00f3n de sus datos, y de limitaci\u00f3n u oposici\u00f3n a su tratamiento.<\/li>\n<li>\u00a0Derecho a presentar una reclamaci\u00f3n ante la autoridad de control (www.aepd.es) si considera que el tratamiento no se ajusta a la normativa vigente.<\/li>\n<\/ul>\n<h3>Datos de contacto para ejercer sus derechos:<\/h3>\n<p>Polim\u00e8dic SL. C\/ Anselm Clave, 93 &#8211; 17300 BLANES (Girona)<\/p>\n<p><strong>Datos<\/strong><strong> de contacto del delegado de protecci\u00f3n de datos: <\/strong><a href=\"mailto:dpd.grupcg@setemcat.com\">dpd.grupcg@setemcat.com<\/a><\/p>\n<blockquote>\n<h2>CAR\u00c1CTER OBLIGATORIO O FACULTATIVO DE LA INFORMACI\u00d3N FACILITADA POR EL USUARIO<\/h2>\n<\/blockquote>\n<p>Los USUARIOS, mediante la marcaci\u00f3n de las casillas correspondientes y la entrada de datos en los campos, marcados con un asterisco (*) en el formulario de contacto o presentados en formularios de descarga, aceptan expresamente y de forma libre e inequ\u00edvoca, que sus datos son necesarios para atender su petici\u00f3n, por parte del prestador, siendo voluntaria la inclusi\u00f3n de datos en los campos restantes. El USUARIO garantiza que los datos personales facilitados al RESPONSABLE son veraces y se hace responsable de comunicar cualquier modificaci\u00f3n de los mismos.<\/p>\n<p>El RESPONSABLE informa de que todos los datos solicitados a trav\u00e9s del sitio web son obligatorios, ya que son necesarios para la prestaci\u00f3n de un servicio \u00f3ptimo al USUARIO. En caso de que no se faciliten todos los datos, no se garantiza que la informaci\u00f3n y servicios facilitados sean completamente ajustados a sus necesidades.<\/p>\n<p><strong>\u00bfElaboraremos perfiles sobre usted?<\/strong><\/p>\n<p>Nuestra pol\u00edtica es no elaborar perfiles sobre los usuarios de nuestros servicios.<\/p>\n<p>No obstante, pueden existir situaciones en las que, con fines de prestaci\u00f3n del servicio, comerciales o de otro tipo, necesitemos elaborar perfiles de informaci\u00f3n sobre usted. Un ejemplo pudiera ser la utilizaci\u00f3n de su historial de compras o servicios para poder ofrecerle productos o servicios adaptados a sus gustos o necesidades.<\/p>\n<p>En tal caso, aplicaremos medidas de seguridad eficaces que protejan su informaci\u00f3n en todo momento de personas no autorizadas que pretendan utilizarla en su propio beneficio.<\/p>\n<p><strong>\u00bfUsaremos sus datos para otros fines?<\/strong><\/p>\n<p>Nuestra pol\u00edtica es no usar sus datos para otras finalidades distintas a las que le hemos explicado. Si, no obstante, necesit\u00e1semos usar sus datos para actividades distintas, siempre le solicitaremos previamente su permiso a trav\u00e9s de opciones claras que le permitir\u00e1n decidir al respecto.<\/p>\n<blockquote>\n<h2>MEDIDAS DE SEGURIDAD<\/h2>\n<\/blockquote>\n<p><strong>\u00a0<\/strong><\/p>\n<p>Que de conformidad con lo dispuesto en las normativas vigentes en protecci\u00f3n de datos personales, el RESPONSABLE est\u00e1 cumpliendo con todas las disposiciones de las normativas GDPR y LOPDGDD para el tratamiento de los datos personales de su responsabilidad, y manifiestamente con los principios descritos en el art\u00edculo 5 del GDPR, por los cuales son tratados de manera l\u00edcita, leal y transparente en relaci\u00f3n con el interesado y adecuados, pertinentes y limitados a lo necesario en relaci\u00f3n con los fines para los que son tratados.<\/p>\n<p>El RESPONSABLE garantiza que ha implementado pol\u00edticas t\u00e9cnicas y organizativas apropiadas para aplicar las medidas de seguridad que establecen el GDPR y la LOPDGDD con el fin de proteger los derechos y libertades de los USUARIOS y les ha comunicado la informaci\u00f3n adecuada para que puedan ejercerlos.<\/p>\n<p>Para m\u00e1s informaci\u00f3n sobre las garant\u00edas de privacidad, puedes dirigirte al RESPONSABLE a trav\u00e9s de Polim\u00e8dic SL. C\/ Anselm Clave, 93 &#8211; 17300 BLANES (Girona). E-mail: <a href=\"mailto:dpd.grupcg@setemcat.com\">dpd.grupcg@setemcat.com<\/a><\/p>\n<\/div><\/section><\/div>\n","protected":false},"excerpt":{"rendered":"","protected":false},"author":2,"featured_media":0,"parent":0,"menu_order":0,"comment_status":"closed","ping_status":"closed","template":"","meta":{"footnotes":""},"class_list":["post-1067","page","type-page","status-publish","hentry"],"aioseo_notices":[],"_links":{"self":[{"href":"https:\/\/polimedic-blanes.com\/es\/wp-json\/wp\/v2\/pages\/1067","targetHints":{"allow":["GET"]}}],"collection":[{"href":"https:\/\/polimedic-blanes.com\/es\/wp-json\/wp\/v2\/pages"}],"about":[{"href":"https:\/\/polimedic-blanes.com\/es\/wp-json\/wp\/v2\/types\/page"}],"author":[{"embeddable":true,"href":"https:\/\/polimedic-blanes.com\/es\/wp-json\/wp\/v2\/users\/2"}],"replies":[{"embeddable":true,"href":"https:\/\/polimedic-blanes.com\/es\/wp-json\/wp\/v2\/comments?post=1067"}],"version-history":[{"count":0,"href":"https:\/\/polimedic-blanes.com\/es\/wp-json\/wp\/v2\/pages\/1067\/revisions"}],"wp:attachment":[{"href":"https:\/\/polimedic-blanes.com\/es\/wp-json\/wp\/v2\/media?parent=1067"}],"curies":[{"name":"wp","href":"https:\/\/api.w.org\/{rel}","templated":true}]}}